{"id":21072,"date":"2016-03-09T06:02:55","date_gmt":"2016-03-09T09:02:55","guid":{"rendered":"https:\/\/demo2.chethemes.com\/electro\/?page_id=2508"},"modified":"2023-03-15T20:04:05","modified_gmt":"2023-03-15T23:04:05","slug":"contactez-nous","status":"publish","type":"page","link":"https:\/\/amazonyguyane.fr\/contactez-nous\/","title":{"rendered":"Nous Contacter"},"content":{"rendered":"<p>[vc_row full_width=&#8221;stretch_row_content_no_spaces&#8221; css=&#8221;.vc_custom_1522680729235{margin-top: 0px !important;margin-bottom: 25px !important;}&#8221;][vc_column][vc_raw_js]JTVCcmFua19tYXRoX2NvbnRhY3RfaW5mbyU1RA==[\/vc_raw_js][\/vc_column][\/vc_row][vc_row][vc_column width=&#8221;3\/4&#8243; el_class=&#8221;contact-form&#8221;][vc_column_text]<\/p>\n<h2 class=\"contact-page-title\">Laissez-nous un message<\/h2>\n<p>Vous rencontrez un probl\u00e8me ? Vous souhaitez nous faire part d\u2019une question ou d\u2019une suggestion ?<br \/>\nVous n\u2019\u00eates pas certains de la fa\u00e7on de vous inscrire et d\u2019utiliser la plateforme ?<br \/>\nN\u2019h\u00e9sitez pas et laissez-nous un petit message !<br \/>\nNous vous r\u00e9pondrons rapidement[\/vc_column_text][vc_gmaps link=&#8221;#E-8_JTNDaWZyYW1lJTIwc3JjJTNEJTIyaHR0cHMlM0ElMkYlMkZ3d3cuZ29vZ2xlLmNvbSUyRm1hcHMlMkZlbWJlZCUzRnBiJTNEJTIxMW0xOCUyMTFtMTIlMjExbTMlMjExZDQ2NTk2LjE4NzUzNDE2MTQ4JTIxMmQ1LjgxNjg1ODQ1ODIwMzExMiUyMTNkNDMuMTIwMDI3OTAwMDAwMDI1JTIxMm0zJTIxMWYwJTIxMmYwJTIxM2YwJTIxM20yJTIxMWkxMDI0JTIxMmk3NjglMjE0ZjEzLjElMjEzbTMlMjExbTIlMjExczB4MTJjOTA1NTFmZTliYmUwOSUyNTNBMHhjY2M0ZTQ2MmJkM2E3NTQ2JTIxMnNNYWlsJTI1MjBCb3hlcyUyNTIwRXRjLiUyNTIwLSUyNTIwQ2VudHJlJTI1MjBNQkUlMjUyMDMyNzQlMjE1ZTAlMjEzbTIlMjExc2ZyJTIxMnNmciUyMTR2MTY3NTQ2MjQwMzYxOCUyMTVtMiUyMTFzZnIlMjEyc2ZyJTIyJTIwd2lkdGglM0QlMjI2MDAlMjIlMjBoZWlnaHQlM0QlMjI0NTAlMjIlMjBzdHlsZSUzRCUyMmJvcmRlciUzQTAlM0IlMjIlMjBhbGxvd2Z1bGxzY3JlZW4lM0QlMjIlMjIlMjBsb2FkaW5nJTNEJTIybGF6eSUyMiUyMHJlZmVycmVycG9saWN5JTNEJTIybm8tcmVmZXJyZXItd2hlbi1kb3duZ3JhZGUlMjIlM0UlM0MlMkZpZnJhbWUlM0U=&#8221; css=&#8221;.vc_custom_1675462420657{padding-top: 0px !important;padding-right: 0px !important;padding-bottom: 0px !important;padding-left: 0px !important;}&#8221;][\/vc_column][vc_column width=&#8221;1\/4&#8243; el_class=&#8221;store-info&#8221;][vc_column_text]AMAZONY GUYANE<\/p>\n<p>Mail Box ETC #122<\/p>\n<p>2004 avenue Aristide BRIAND<\/p>\n<p>83190 Ollioules<\/p>\n<p>Email:\u00a0<a href=\"mailto:service-client@amazonyguyane.fr\">service-client@amazonyguyane.fr<\/a><\/p>\n<h3>Horaires d\u2019ouvertures<\/h3>\n<p>Lundi au Dimanche : 24H\/24H<\/p>\n<h3>Professionnels<\/h3>\n<pre id=\"tw-target-text\" class=\"tw-data-text tw-text-large tw-ta\" dir=\"ltr\" data-placeholder=\"Traduction\"><span class=\"Y2IQFc\" lang=\"fr\">Si vous \u00eates int\u00e9ress\u00e9 par des opportunit\u00e9s professionnels chez Amazony Guyane, veuillez nous envoyer un e-mail :<\/span><\/pre>\n<p><a href=\"mailto:service-client@amazonyguyane.fr\">service-client@amazonyguyane.fr<\/a>[\/vc_column_text][\/vc_column][\/vc_row]<\/p>\n","protected":false},"excerpt":{"rendered":"<p>[vc_row full_width=&#8221;stretch_row_content_no_spaces&#8221; css=&#8221;.vc_custom_1522680729235{margin-top: 0px !important;margin-bottom: 25px !important;}&#8221;][vc_column][vc_raw_js]JTVCcmFua19tYXRoX2NvbnRhY3RfaW5mbyU1RA==[\/vc_raw_js][\/vc_column][\/vc_row][vc_row][vc_column width=&#8221;3\/4&#8243; el_class=&#8221;contact-form&#8221;][vc_column_text] Laissez-nous un message Vous rencontrez un probl\u00e8me ? Vous souhaitez nous faire part d\u2019une question ou d\u2019une suggestion ? Vous n\u2019\u00eates<\/p>\n","protected":false},"author":1,"featured_media":0,"parent":0,"menu_order":0,"comment_status":"closed","ping_status":"closed","template":"","meta":{"_acf_changed":false,"footnotes":""},"class_list":["post-21072","page","type-page","status-publish","hentry"],"acf":[],"_links":{"self":[{"href":"https:\/\/amazonyguyane.fr\/wp-json\/wp\/v2\/pages\/21072","targetHints":{"allow":["GET"]}}],"collection":[{"href":"https:\/\/amazonyguyane.fr\/wp-json\/wp\/v2\/pages"}],"about":[{"href":"https:\/\/amazonyguyane.fr\/wp-json\/wp\/v2\/types\/page"}],"author":[{"embeddable":true,"href":"https:\/\/amazonyguyane.fr\/wp-json\/wp\/v2\/users\/1"}],"replies":[{"embeddable":true,"href":"https:\/\/amazonyguyane.fr\/wp-json\/wp\/v2\/comments?post=21072"}],"version-history":[{"count":0,"href":"https:\/\/amazonyguyane.fr\/wp-json\/wp\/v2\/pages\/21072\/revisions"}],"wp:attachment":[{"href":"https:\/\/amazonyguyane.fr\/wp-json\/wp\/v2\/media?parent=21072"}],"curies":[{"name":"wp","href":"https:\/\/api.w.org\/{rel}","templated":true}]}}