{"id":257026,"date":"2023-09-28T16:15:37","date_gmt":"2023-09-28T15:15:37","guid":{"rendered":"https:\/\/amazonyguyane.fr\/google-pixel-stand-2e-generation-chargeur-de-telephone-sans-fil-pour-pixel"},"modified":"2023-09-28T16:15:37","modified_gmt":"2023-09-28T15:15:37","slug":"google-pixel-stand-2e-generation-chargeur-de-telephone-sans-fil-pour-pixel","status":"publish","type":"product","link":"https:\/\/amazonyguyane.fr\/produit\/google-pixel-stand-2e-generation-chargeur-de-telephone-sans-fil-pour-pixel\/","title":{"rendered":"Google Pixel Stand (2e g\u00e9n\u00e9ration) \u2013 Chargeur de t\u00e9l\u00e9phone sans Fil pour Pixel"},"content":{"rendered":"<p><!-- show up to 2 reviews by default -->                        <\/p>\n<p><span>D\u00e9couvrez le Pixel Stand 2e g\u00e9n\u00e9ration de Google. Ce chargeur pour t\u00e9l\u00e9phone sans fil de 23 W maximum est ultrarapide. Il peut \u00eatre utilis\u00e9 avec les t\u00e9l\u00e9phones Pixel compatibles, les Pixel Buds et les appareils mobiles certifi\u00e9s Qi.<\/span><\/p>\n<p><span>Jusqu&#8217;\u00e0 23 W avec des t\u00e9l\u00e9phones Pixel compatibles et 15 W avec des appareils certifi\u00e9s Qi EPP. Pour en savoir plus, acc\u00e9dez \u00e0 la page g.co\/pixelstand\/req. Sauf les Pixel Buds A-Series. Compatible avec les t\u00e9l\u00e9phones Pixel \u00e0 recharge sans fil et avec de nombreux appareils certifi\u00e9s Qi. Pour en savoir plus, acc\u00e9dez \u00e0 la page g.co\/pixelstand\/req. Appareils compatibles vendus s\u00e9par\u00e9ment. Les coques peuvent interf\u00e9rer avec la recharge et r\u00e9duire sa vitesse. Pour en savoir plus, acc\u00e9dez \u00e0 la page g.co\/pixelstand\/req. Sauf les Pixel Buds A-Series. Compatible avec les t\u00e9l\u00e9phones Pixel \u00e0 recharge sans fil et avec de nombreux appareils certifi\u00e9s Qi. Pour en savoir plus, acc\u00e9dez \u00e0 la page g.co\/pixelstand\/req. Appareils compatibles vendus s\u00e9par\u00e9ment. L&#8217;acc\u00e8s \u00e0 certains services musicaux peut n\u00e9cessiter un abonnement. Des conditions et\/ou frais suppl\u00e9mentaires peuvent s&#8217;appliquer. N\u00e9cessite une connexion Internet et un compte Google. Pour conna\u00eetre les fonctionnalit\u00e9s ainsi que la version minimale de l&#8217;OS et la configuration requises, consultez la page g.co\/pixelstand\/req. L&#8217;Assistant Google et d&#8217;autres fonctionnalit\u00e9s apparent\u00e9es ne sont pas disponibles dans toutes les langues. Consultez la page g.co\/assistant\/languages. N\u00e9cessite une connexion Internet et un compte Google. Pour conna\u00eetre les fonctionnalit\u00e9s ainsi que la version minimale de l&#8217;OS et la configuration requises, consultez la page g.co\/pixelstand\/req. T\u00e9l\u00e9phone Pixel vendu s\u00e9par\u00e9ment. N\u00e9cessite un t\u00e9l\u00e9phone Pixel compatible (vendu s\u00e9par\u00e9ment). Pour en savoir plus, acc\u00e9dez \u00e0 g.co\/pixelstand\/req. N\u00e9cessite un appareil Nest ou d&#8217;autres appareils connect\u00e9s compatibles (chacun vendu s\u00e9par\u00e9ment). N\u00e9cessite une connexion Internet et un compte Google. Pour conna\u00eetre les fonctionnalit\u00e9s ainsi que la version minimale de l&#8217;OS et la configuration requises, consultez la page g.co\/pixelstand\/req. L&#8217;Assistant Google et d&#8217;autres fonctionnalit\u00e9s apparent\u00e9es ne sont pas disponibles dans toutes les langues. Consultez la page g.co\/assistant\/languages. N\u00e9cessite une connexion Internet et un compte Google. Pour conna\u00eetre les fonctionnalit\u00e9s ainsi que la version minimale de l&#8217;OS et la configuration requises, consultez la page g.co\/pixelstand\/req. L&#8217;Assistant Google et d&#8217;autres fonctionnalit\u00e9s apparent\u00e9es ne sont pas disponibles dans toutes les langues. Consultez la page g.co\/assistant\/languages.<\/span><\/p>\n<\/p>\n<p><\/p>\n","protected":false},"excerpt":{"rendered":"<p>D\u00e9couvrez le Pixel Stand 2e g\u00e9n\u00e9ration de Google. Ce chargeur pour t\u00e9l\u00e9phone sans fil de 23 W maximum est ultrarapide. Il peut \u00eatre utilis\u00e9 avec les t\u00e9l\u00e9phones Pixel compatibles, les<\/p>\n","protected":false},"featured_media":257027,"comment_status":"","ping_status":"closed","template":"","meta":{"_acf_changed":false},"product_brand":[],"product_cat":[78319],"product_tag":[],"class_list":{"0":"post-257026","1":"product","2":"type-product","3":"status-publish","4":"has-post-thumbnail","6":"product_cat-accessoires-google","8":"first","9":"instock","10":"taxable","11":"shipping-taxable","12":"purchasable","13":"product-type-simple","14":"add-to-wishlist-after_add_to_cart"},"acf":[],"_links":{"self":[{"href":"https:\/\/amazonyguyane.fr\/wp-json\/wp\/v2\/product\/257026","targetHints":{"allow":["GET"]}}],"collection":[{"href":"https:\/\/amazonyguyane.fr\/wp-json\/wp\/v2\/product"}],"about":[{"href":"https:\/\/amazonyguyane.fr\/wp-json\/wp\/v2\/types\/product"}],"replies":[{"embeddable":true,"href":"https:\/\/amazonyguyane.fr\/wp-json\/wp\/v2\/comments?post=257026"}],"version-history":[{"count":0,"href":"https:\/\/amazonyguyane.fr\/wp-json\/wp\/v2\/product\/257026\/revisions"}],"wp:featuredmedia":[{"embeddable":true,"href":"https:\/\/amazonyguyane.fr\/wp-json\/wp\/v2\/media\/257027"}],"wp:attachment":[{"href":"https:\/\/amazonyguyane.fr\/wp-json\/wp\/v2\/media?parent=257026"}],"wp:term":[{"taxonomy":"product_brand","embeddable":true,"href":"https:\/\/amazonyguyane.fr\/wp-json\/wp\/v2\/product_brand?post=257026"},{"taxonomy":"product_cat","embeddable":true,"href":"https:\/\/amazonyguyane.fr\/wp-json\/wp\/v2\/product_cat?post=257026"},{"taxonomy":"product_tag","embeddable":true,"href":"https:\/\/amazonyguyane.fr\/wp-json\/wp\/v2\/product_tag?post=257026"}],"curies":[{"name":"wp","href":"https:\/\/api.w.org\/{rel}","templated":true}]}}