{"id":257058,"date":"2023-09-28T16:16:13","date_gmt":"2023-09-28T15:16:13","guid":{"rendered":"https:\/\/amazonyguyane.fr\/tauri-5-en-1-coque-google-pixel-7-5g-avec-1-coque-2-protection-ecran-2-camera-arriere-protecteur-protection-militaire-coque-antichoc-anti-jaune-couverture-a-360-degres-noir"},"modified":"2023-09-28T16:16:30","modified_gmt":"2023-09-28T15:16:30","slug":"tauri-5-en-1-coque-google-pixel-7-5g-avec-1-coque-2-protection-ecran-2-camera-arriere-protecteur-protection-militaire-coque-antichoc-anti-jaune-couverture-a-360-degres-noir","status":"publish","type":"product","link":"https:\/\/amazonyguyane.fr\/produit\/tauri-5-en-1-coque-google-pixel-7-5g-avec-1-coque-2-protection-ecran-2-camera-arriere-protecteur-protection-militaire-coque-antichoc-anti-jaune-couverture-a-360-degres-noir\/","title":{"rendered":"TAURI 5 en 1 Coque Google Pixel 7 5G avec 1 Coque + 2 Protection \u00e9cran + 2 Cam\u00e9ra Arri\u00e8re Protecteur, [Protection Militaire] Coque Antichoc Anti-Jaune Couverture \u00e0 360 Degr\u00e9s &#8211; Noir"},"content":{"rendered":"<li class=\"a-spacing-mini\"><span class=\"a-list-item\"> \u26a1\ud835\udc00\ud835\udc2d\ud835\udc2d\ud835\udc1e\ud835\udc27\ud835\udc2d\ud835\udc22\ud835\udc28\ud835\udc27!!Si les empreintes digitales ne sont pas sensibles apr\u00e8s l\u2019installation du film tremp\u00e9 de l\u2019\u00e9cran, vous pouvez ajouter des param\u00e8tres de sensibilit\u00e9 dans les param\u00e8tres du t\u00e9l\u00e9phone App pour r\u00e9soudre ce probl\u00e8me. (s\u2019il vous pla\u00eet garder votre doigt propre pour enregistrer les empreintes digitales, il est b\u00e9n\u00e9fique pour le syst\u00e8me pour mieux reconna\u00eetre les empreintes digitales.)  <\/span><\/li>\n<li class=\"a-spacing-mini\"><span class=\"a-list-item\"> \u2705\u3010Compatible avec\u3011TAURI Google Pixel 7 Case est un d\u00e9fenseur con\u00e7u pour Google Pixel 7 (uniquement). Des d\u00e9coupes pr\u00e9cises vous garantissent un acc\u00e8s facile \u00e0 tous les boutons, haut-parleurs et emplacement du chargeur sans ajouter de volume.  <\/span><\/li>\n<li class=\"a-spacing-mini\"><span class=\"a-list-item\"> \ud83d\udd30\u3010Protection compl\u00e8te 5 en 1 \u00e0 360\u00b0\u3011Notre coque Pixel 7 avec 2 pi\u00e8ces en verre tremp\u00e9 9H de haute qualit\u00e9 peut prot\u00e9ger votre \u00e9cran Pixel 7 des rayures et des bris, mais ultra-mince, confortable et sensible au toucher pour vous sentir comme rien \u00e0 l&#8217;\u00e9cran . Fournissez 2 protecteurs d&#8217;objectif d&#8217;appareil photo qui peuvent prot\u00e9ger l&#8217;appareil photo \u00e0 100 % et n&#8217;affecteront pas la qualit\u00e9 de la photo.  <\/span><\/li>\n<li class=\"a-spacing-mini\"><span class=\"a-list-item\"> \ud83c\udfc6\u3010Protection de qualit\u00e9 militaire\u3011TAURI Pixel 7 Coque Noir est un test de chute certifi\u00e9, dispose de 4 airbags d&#8217;angle int\u00e9gr\u00e9s pour absorber les chocs, peut emp\u00eacher votre Google Pixel 7 des chutes accidentelles, des chocs et des rayures. Si vous avez des questions avant ou apr\u00e8s votre achat, n&#8217;h\u00e9sitez pas \u00e0 nous contacter, notre service client professionnel vous r\u00e9pondra dans les 24 heures.  <\/span><\/li>\n<li class=\"a-spacing-mini\"><span class=\"a-list-item\"> \ud83d\udc8e \u3010Crystal Clear &amp; Not Jauning\u3011 Utilisant le mat\u00e9riau TPU ultra-clair de haute qualit\u00e9 d&#8217;Allemagne Bayer, profitant de la beaut\u00e9 originale de Google Pixel 7. La couche antioxydante Nano r\u00e9siste efficacement aux taches et \u00e0 la transpiration, pas facile \u00e0 graisser et \u00e0 jaunir au fil du temps, parfaitement montre la couleur d&#8217;origine de votre t\u00e9l\u00e9phone.  <\/span><\/li>\n<li class=\"a-spacing-mini\"><span class=\"a-list-item\"> \ud83e\udd33\u3010Design fin et prise en main confortable\u3011\u00c9tui TAURI pour Pixel 7 encombrement minimal pour une protection maximale con\u00e7u pour que Google Pixel 7 se glisse facilement dans les poches, parfait pour une utilisation d&#8217;une seule main. Le cadre en TPU trait\u00e9 offre une sensation de toucher d\u00e9licat et antid\u00e9rapant.  <\/span><\/li>\n<p><\/p>\n","protected":false},"excerpt":{"rendered":"<p>\u26a1\ud835\udc00\ud835\udc2d\ud835\udc2d\ud835\udc1e\ud835\udc27\ud835\udc2d\ud835\udc22\ud835\udc28\ud835\udc27!!Si les empreintes digitales ne sont pas sensibles apr\u00e8s l\u2019installation du film tremp\u00e9 de l\u2019\u00e9cran, vous pouvez ajouter des param\u00e8tres de sensibilit\u00e9 dans les param\u00e8tres du t\u00e9l\u00e9phone App pour r\u00e9soudre<\/p>\n","protected":false},"featured_media":257060,"comment_status":"","ping_status":"closed","template":"","meta":{"_acf_changed":false},"product_brand":[],"product_cat":[78319],"product_tag":[],"class_list":{"0":"post-257058","1":"product","2":"type-product","3":"status-publish","4":"has-post-thumbnail","6":"product_cat-accessoires-google","8":"first","9":"instock","10":"taxable","11":"shipping-taxable","12":"purchasable","13":"product-type-variable","14":"add-to-wishlist-after_add_to_cart"},"acf":[],"_links":{"self":[{"href":"https:\/\/amazonyguyane.fr\/wp-json\/wp\/v2\/product\/257058","targetHints":{"allow":["GET"]}}],"collection":[{"href":"https:\/\/amazonyguyane.fr\/wp-json\/wp\/v2\/product"}],"about":[{"href":"https:\/\/amazonyguyane.fr\/wp-json\/wp\/v2\/types\/product"}],"replies":[{"embeddable":true,"href":"https:\/\/amazonyguyane.fr\/wp-json\/wp\/v2\/comments?post=257058"}],"version-history":[{"count":0,"href":"https:\/\/amazonyguyane.fr\/wp-json\/wp\/v2\/product\/257058\/revisions"}],"wp:featuredmedia":[{"embeddable":true,"href":"https:\/\/amazonyguyane.fr\/wp-json\/wp\/v2\/media\/257060"}],"wp:attachment":[{"href":"https:\/\/amazonyguyane.fr\/wp-json\/wp\/v2\/media?parent=257058"}],"wp:term":[{"taxonomy":"product_brand","embeddable":true,"href":"https:\/\/amazonyguyane.fr\/wp-json\/wp\/v2\/product_brand?post=257058"},{"taxonomy":"product_cat","embeddable":true,"href":"https:\/\/amazonyguyane.fr\/wp-json\/wp\/v2\/product_cat?post=257058"},{"taxonomy":"product_tag","embeddable":true,"href":"https:\/\/amazonyguyane.fr\/wp-json\/wp\/v2\/product_tag?post=257058"}],"curies":[{"name":"wp","href":"https:\/\/api.w.org\/{rel}","templated":true}]}}