{"id":257092,"date":"2023-09-28T16:16:41","date_gmt":"2023-09-28T15:16:41","guid":{"rendered":"https:\/\/amazonyguyane.fr\/tocol-coque-magnetique-pour-google-pixel-7a-protection-dobjectif-tout-compris-coque-aimantee-pour-google-pixel-7a-antichoc-mat-translucide-mag-noir"},"modified":"2023-09-28T16:17:10","modified_gmt":"2023-09-28T15:17:10","slug":"tocol-coque-magnetique-pour-google-pixel-7a-protection-dobjectif-tout-compris-coque-aimantee-pour-google-pixel-7a-antichoc-mat-translucide-mag-noir","status":"publish","type":"product","link":"https:\/\/amazonyguyane.fr\/?product=tocol-coque-magnetique-pour-google-pixel-7a-protection-dobjectif-tout-compris-coque-aimantee-pour-google-pixel-7a-antichoc-mat-translucide-mag-noir","title":{"rendered":"TOCOL Coque Magn\u00e9tique pour Google Pixel 7a [Protection d&#8217;objectif Tout Compris] Coque Aimant\u00e9e pour Google Pixel 7a Antichoc Mat Translucide, Mag Noir"},"content":{"rendered":"<p><!-- show up to 2 reviews by default -->                        <\/p>\n<p> <span class=\"a-text-bold\">Compatible avec Google Pixel 7a 6,1 pouces <\/span><span><\/p>\n<p> <\/span><span class=\"a-text-bold\">Points forts\uff06Caract\u00e9ristiques&nbsp;:<\/span><span><br \/> 1.Compatibilit\u00e9 et assistance professionnelle<br \/> Uniquement compatible avec Google Pixel 7a 6,1 pouces. Contactez-nous pour tout probl\u00e8me concernant cette coque Pixel 7a. Une solution satisfaisante \u00e0 votre probl\u00e8me est toujours disponible.<br \/> 2.D\u00e9fense sophistiqu\u00e9e <br \/> Notre coque Google Pixel 7a est \u00e9quip\u00e9e de la nouvelle structure DropProof am\u00e9lior\u00e9e : cadre renforc\u00e9 \u00e0 3 plis + fond de panier antid\u00e9flagrant dur et syst\u00e8me antichoc : airbags puissants int\u00e9gr\u00e9s \u00e0 360\u00b0 et 3- Technologie anti-collision Gen X-SHOCK dans les coins. Pas de panique face aux gouttes..<br \/> 3.Convient aux accessoires MagSafe<br \/> uniquement con\u00e7u pour la coque Google Pixel 7a, avec un anneau magn\u00e9tique int\u00e9gr\u00e9 qui s&#8217;aligne parfaitement avec les chargeurs MagSafe, offre une exp\u00e9rience de fixation plus forte et une charge sans fil plus rapide. Jouez facilement avec les accessoires Magsafe tels que les portefeuilles, la voiture. montures, supports, porte-anneaux, etc.<br \/> 4.Installation facile<br \/> Installation super facile, il n&#8217;y a pas d&#8217;\u00e9tapes compliqu\u00e9es. Installation super facile en une seule pression, sans poussi\u00e8re, sans empreintes digitales, sans bulles.<br \/> <\/span><span class=\"a-text-bold\">Veuillez noter&nbsp;:<\/span><span><br \/> &#8211; Nos protecteurs d&#8217;\u00e9cran sont l\u00e9g\u00e8rement plus petits que l&#8217;\u00e9cran r\u00e9el de votre appareil. Cela garantira qu&#8217;il correspond aux coques de t\u00e9l\u00e9phone.<br \/> &#8211; Veuillez regarder notre vid\u00e9o avant l&#8217;installation. Si vous avez des questions ou des pr\u00e9occupations lors de l&#8217;application, vous pouvez toujours nous contacter.<br \/><\/span>  <\/p>\n<p><\/p>\n","protected":false},"excerpt":{"rendered":"<p>Compatible avec Google Pixel 7a 6,1 pouces Points forts\uff06Caract\u00e9ristiques&nbsp;: 1.Compatibilit\u00e9 et assistance professionnelle Uniquement compatible avec Google Pixel 7a 6,1 pouces. Contactez-nous pour tout probl\u00e8me concernant cette coque Pixel 7a.<\/p>\n","protected":false},"featured_media":257093,"comment_status":"","ping_status":"closed","template":"","meta":{"_acf_changed":false},"product_brand":[],"product_cat":[78319],"product_tag":[],"class_list":{"0":"post-257092","1":"product","2":"type-product","3":"status-publish","4":"has-post-thumbnail","6":"product_cat-accessoires-google","8":"first","9":"instock","10":"taxable","11":"shipping-taxable","12":"purchasable","13":"product-type-variable","14":"add-to-wishlist-after_add_to_cart"},"acf":[],"_links":{"self":[{"href":"https:\/\/amazonyguyane.fr\/index.php?rest_route=\/wp\/v2\/product\/257092","targetHints":{"allow":["GET"]}}],"collection":[{"href":"https:\/\/amazonyguyane.fr\/index.php?rest_route=\/wp\/v2\/product"}],"about":[{"href":"https:\/\/amazonyguyane.fr\/index.php?rest_route=\/wp\/v2\/types\/product"}],"replies":[{"embeddable":true,"href":"https:\/\/amazonyguyane.fr\/index.php?rest_route=%2Fwp%2Fv2%2Fcomments&post=257092"}],"version-history":[{"count":0,"href":"https:\/\/amazonyguyane.fr\/index.php?rest_route=\/wp\/v2\/product\/257092\/revisions"}],"wp:featuredmedia":[{"embeddable":true,"href":"https:\/\/amazonyguyane.fr\/index.php?rest_route=\/wp\/v2\/media\/257093"}],"wp:attachment":[{"href":"https:\/\/amazonyguyane.fr\/index.php?rest_route=%2Fwp%2Fv2%2Fmedia&parent=257092"}],"wp:term":[{"taxonomy":"product_brand","embeddable":true,"href":"https:\/\/amazonyguyane.fr\/index.php?rest_route=%2Fwp%2Fv2%2Fproduct_brand&post=257092"},{"taxonomy":"product_cat","embeddable":true,"href":"https:\/\/amazonyguyane.fr\/index.php?rest_route=%2Fwp%2Fv2%2Fproduct_cat&post=257092"},{"taxonomy":"product_tag","embeddable":true,"href":"https:\/\/amazonyguyane.fr\/index.php?rest_route=%2Fwp%2Fv2%2Fproduct_tag&post=257092"}],"curies":[{"name":"wp","href":"https:\/\/api.w.org\/{rel}","templated":true}]}}