{"id":257158,"date":"2023-09-28T16:17:34","date_gmt":"2023-09-28T15:17:34","guid":{"rendered":"https:\/\/amazonyguyane.fr\/rampow-cable-usb-c-vers-usb-c-100w-cable-usb-c-avec-puce-e-mark-pd3-0-nylon-tresse-pour-iphone-15-15-pro-15-pro-max-macbook-ipad-pro-mini-nintendo-switch-samsung-s23-s22-google-pixel-grau-1m"},"modified":"2023-09-28T16:18:15","modified_gmt":"2023-09-28T15:18:15","slug":"rampow-cable-usb-c-vers-usb-c-100w-cable-usb-c-avec-puce-e-mark-pd3-0-nylon-tresse-pour-iphone-15-15-pro-15-pro-max-macbook-ipad-pro-mini-nintendo-switch-samsung-s23-s22-google-pixel-grau-1m","status":"publish","type":"product","link":"https:\/\/amazonyguyane.fr\/?product=rampow-cable-usb-c-vers-usb-c-100w-cable-usb-c-avec-puce-e-mark-pd3-0-nylon-tresse-pour-iphone-15-15-pro-15-pro-max-macbook-ipad-pro-mini-nintendo-switch-samsung-s23-s22-google-pixel-grau-1m","title":{"rendered":"RAMPOW C\u00e2ble USB C vers USB C 100W, C\u00e2ble USB C avec puce E-Mark PD3.0 Nylon Tress\u00e9 pour iPhone 15\/15 Pro\/15 Pro Max, Macbook, iPad Pro\/mini, Nintendo Switch, Samsung S23\/S22, Google Pixel &#8211; Grau\/1M"},"content":{"rendered":"<li class=\"a-spacing-mini\"><span class=\"a-list-item\"> \u2705\u3010\ud835\udc14\ud835\udc27 \ud835\udc1d\ud835\udc1e\ud835\udc2c\ud835\udc22\ud835\udc20\ud835\udc27 \ud835\udc2b\u00e9\ud835\udc27\ud835\udc28\ud835\udc2f\u00e9 &#8211; \ud835\udc12\ud835\udc2e\ud835\udc29\ud835\udc1e\ud835\udc2b \ud835\udc25\ud835\udc28\ud835\udc27\ud835\udc20\ud835\udc2e\ud835\udc1e \ud835\udc1d\ud835\udc2e\ud835\udc2b\u00e9\ud835\udc1e \ud835\udc1d\ud835\udc1e \ud835\udc2f\ud835\udc22\ud835\udc1e\u3011Un seul c\u00e2ble suffit. Plus besoin de deux c\u00e2bles. RAMPOW c\u00e2ble USB C vers USB C, gr\u00e2ce aux joints sans interruption entre les c\u00e2bles et la protection en aluminium, vous n&#8217;avez pas \u00e0 vous soucier de la casse et a une dur\u00e9e de vie plus longue que deux c\u00e2bles d&#8217;autres marques.  <\/span><\/li>\n<li class=\"a-spacing-mini\"><span class=\"a-list-item\"> \u2705\u3010\ud835\udc0f\ud835\udc2e\ud835\udc22\ud835\udc2c\ud835\udc2c\ud835\udc1a\ud835\udc27\ud835\udc1c\ud835\udc1e \ud835\udc2c\ud835\udc2e\ud835\udc29\ud835\udc1e\ud835\udc2b \ud835\udc2b\ud835\udc1a\ud835\udc29\ud835\udc22\ud835\udc1d\ud835\udc1e \ud835\udc1d\ud835\udc1e \ud835\udfcf\ud835\udfce\ud835\udfce\ud835\udc16\u3011Enti\u00e8rement compatible avec PD 3.0\/2.0, QC 3.0\/2.0 et le protocole de charge rapide Adaptive de Samsung. Le c\u00e2ble prend en charge jusqu&#8217;\u00e0 5 A \u00e0 5 V, 12 V et 20 V de puissance pour une charge rapide. Peut charger un MacBook Pro jusqu&#8217;\u00e0 38% en 30 minutes avec un chargeur USB-PD.  <\/span><\/li>\n<li class=\"a-spacing-mini\"><span class=\"a-list-item\"> \u2705\u3010\ud835\udc0f\ud835\udc2e\ud835\udc1c\ud835\udc1e \ud835\udc22\ud835\udc27\ud835\udc2d\ud835\udc1e\ud835\udc25\ud835\udc25\ud835\udc22\ud835\udc20\ud835\udc1e\ud835\udc27\ud835\udc2d\ud835\udc1e \ud835\udc04-\ud835\udc26\ud835\udc1a\ud835\udc2b\ud835\udc24\ud835\udc1e\ud835\udc2b \ud835\udc1e\ud835\udc31\ud835\udc1c\ud835\udc1e\ud835\udc29\ud835\udc2d\ud835\udc22\ud835\udc28\ud835\udc27\ud835\udc27\ud835\udc1e\ud835\udc25\ud835\udc25\ud835\udc1e\u3011Le c\u00e2ble USB-C utilise pleinement l&#8217;USB Power Delivery et la puce E-marker avanc\u00e9e, et sa puissance maximale peut atteindre 100W.  <\/span><\/li>\n<li class=\"a-spacing-mini\"><span class=\"a-list-item\"> \u2705\u3010\ud835\udc0b\ud835\udc1a\ud835\udc2b\ud835\udc20\ud835\udc1e \ud835\udc1c\ud835\udc28\ud835\udc26\ud835\udc29\ud835\udc1a\ud835\udc2d\ud835\udc22\ud835\udc1b\ud835\udc22\ud835\udc25\ud835\udc22\ud835\udc2d\u00e9\u3011 Ce c\u00e2ble USB C USB C est parfait pour la plupart des appareils \u00e9quip\u00e9s de USB-C tels que iPhone 15\/15 Pro\/15 Pro Max, Samsung Galaxy S23\/S22\/S21\/S20\/S10\/Note 10, Macbook Air, MacBook Pro, iPad Pro, Nintendo Switch, Goole Pixel et autres. T\u00e9l\u00e9phones, tablettes et PC \u00c9quip\u00e9 de USB-C.  <\/span><\/li>\n<li class=\"a-spacing-mini\"><span class=\"a-list-item\"> \u2705\u3010\ud835\udc03\ud835\udc28\ud835\udc2e\ud835\udc1b\ud835\udc25\ud835\udc1e \ud835\udc2b\u00e9\ud835\udc2c\ud835\udc22\ud835\udc2c\ud835\udc2d\ud835\udc1a\ud835\udc27\ud835\udc1c\ud835\udc1e\u3011 le c\u00e2ble USB C vers USB C et recouvert de nylon tress\u00e9 et anti-n\u0153uds, ce c\u00e2ble est r\u00e9sistant \u00e0 la d\u00e9chirure et peut r\u00e9sister \u00e0 plus de 20000 torsions. Il est test\u00e9 pour r\u00e9sister \u00e0 plus de 10 000 connexions, son connecteur sp\u00e9cial r\u00e9siste \u00e0 une utilisation quotidienne intensive sans jamais s&#8217;\u00e9largir.  <\/span><\/li>\n<li class=\"a-spacing-mini\"><span class=\"a-list-item\"> \u2705\u3010\ud835\udc02\ud835\udc1e \ud835\udc2a\ud835\udc2e\ud835\udc1e \ud835\udc2f\ud835\udc28\ud835\udc2e\ud835\udc2c \ud835\udc28\ud835\udc1b\ud835\udc2d\ud835\udc1e\ud835\udc27\ud835\udc1e\ud835\udc33\u3011Un c\u00e2ble USB C \u00e0 USB C de qualit\u00e9 sup\u00e9rieure \u00e0 1M\/3.3ft, une garantie \u00e0 vie chez Rampow, ainsi qu&#8217;un service client professionnel et r\u00e9actif. Si vous avez des questions, Rampow toujours \u00e0 votre service. Nous sommes l\u00e0 pour vous aider!  <\/span><\/li>\n<p>Code UNSPSC  :  43000000 (Composants, fournitures et \u00e9quipements informatiques et de communication) Signaler un code incorrect              Dimensions du colis                                     \u200f                                          :                                     \u200e  12 x 11,9 x 1,7 cm; 40 grammes          Date de mise en ligne sur Amazon.fr                                     \u200f                                          :                                     \u200e  19 juillet 2023                                  Fabricant                                     \u200f                                          :                                     \u200e  Rampow          ASIN                                     \u200f                                          :                                     \u200e  B0CC8J66KF          R\u00e9f\u00e9rence constructeur                                     \u200f                                          :                                     \u200e  RAD51-FR          Disponibilit\u00e9 des pi\u00e8ces d\u00e9tach\u00e9es                                     \u200f                                          :                                     \u200e  Information indisponible sur les pi\u00e8ces d\u00e9tach\u00e9es<\/p>\n","protected":false},"excerpt":{"rendered":"<p>\u2705\u3010\ud835\udc14\ud835\udc27 \ud835\udc1d\ud835\udc1e\ud835\udc2c\ud835\udc22\ud835\udc20\ud835\udc27 \ud835\udc2b\u00e9\ud835\udc27\ud835\udc28\ud835\udc2f\u00e9 &#8211; \ud835\udc12\ud835\udc2e\ud835\udc29\ud835\udc1e\ud835\udc2b \ud835\udc25\ud835\udc28\ud835\udc27\ud835\udc20\ud835\udc2e\ud835\udc1e \ud835\udc1d\ud835\udc2e\ud835\udc2b\u00e9\ud835\udc1e \ud835\udc1d\ud835\udc1e \ud835\udc2f\ud835\udc22\ud835\udc1e\u3011Un seul c\u00e2ble suffit. Plus besoin de deux c\u00e2bles. RAMPOW c\u00e2ble USB C vers USB C, gr\u00e2ce aux joints sans interruption entre<\/p>\n","protected":false},"featured_media":257159,"comment_status":"","ping_status":"closed","template":"","meta":{"_acf_changed":false},"product_brand":[],"product_cat":[78319],"product_tag":[],"class_list":{"0":"post-257158","1":"product","2":"type-product","3":"status-publish","4":"has-post-thumbnail","6":"product_cat-accessoires-google","8":"first","9":"instock","10":"taxable","11":"shipping-taxable","12":"purchasable","13":"product-type-variable","14":"add-to-wishlist-after_add_to_cart"},"acf":[],"_links":{"self":[{"href":"https:\/\/amazonyguyane.fr\/index.php?rest_route=\/wp\/v2\/product\/257158","targetHints":{"allow":["GET"]}}],"collection":[{"href":"https:\/\/amazonyguyane.fr\/index.php?rest_route=\/wp\/v2\/product"}],"about":[{"href":"https:\/\/amazonyguyane.fr\/index.php?rest_route=\/wp\/v2\/types\/product"}],"replies":[{"embeddable":true,"href":"https:\/\/amazonyguyane.fr\/index.php?rest_route=%2Fwp%2Fv2%2Fcomments&post=257158"}],"version-history":[{"count":0,"href":"https:\/\/amazonyguyane.fr\/index.php?rest_route=\/wp\/v2\/product\/257158\/revisions"}],"wp:featuredmedia":[{"embeddable":true,"href":"https:\/\/amazonyguyane.fr\/index.php?rest_route=\/wp\/v2\/media\/257159"}],"wp:attachment":[{"href":"https:\/\/amazonyguyane.fr\/index.php?rest_route=%2Fwp%2Fv2%2Fmedia&parent=257158"}],"wp:term":[{"taxonomy":"product_brand","embeddable":true,"href":"https:\/\/amazonyguyane.fr\/index.php?rest_route=%2Fwp%2Fv2%2Fproduct_brand&post=257158"},{"taxonomy":"product_cat","embeddable":true,"href":"https:\/\/amazonyguyane.fr\/index.php?rest_route=%2Fwp%2Fv2%2Fproduct_cat&post=257158"},{"taxonomy":"product_tag","embeddable":true,"href":"https:\/\/amazonyguyane.fr\/index.php?rest_route=%2Fwp%2Fv2%2Fproduct_tag&post=257158"}],"curies":[{"name":"wp","href":"https:\/\/api.w.org\/{rel}","templated":true}]}}