{"id":257190,"date":"2023-09-28T16:18:03","date_gmt":"2023-09-28T15:18:03","guid":{"rendered":"https:\/\/amazonyguyane.fr\/auslbin-coque-pixel-tablet-2023-10-95"},"modified":"2023-09-28T16:18:39","modified_gmt":"2023-09-28T15:18:39","slug":"auslbin-coque-pixel-tablet-2023-10-95","status":"publish","type":"product","link":"https:\/\/amazonyguyane.fr\/produit\/auslbin-coque-pixel-tablet-2023-10-95\/","title":{"rendered":"Auslbin Coque Pixel Tablet (2023) 10.95"},"content":{"rendered":"<li class=\"a-spacing-mini\"><span class=\"a-list-item\"> \ud83d\udca5 Mod\u00e8le compatible &#8211; &#8211; Possibilit\u00e9 pour Coque Google Pixel Tablet 2023 \uff0c non compatible avec d&#8217;autres mod\u00e8les, veuillez v\u00e9rifier votre appareil avant votre achat.  <\/span><\/li>\n<li class=\"a-spacing-mini\"><span class=\"a-list-item\"> \ud83d\udca5Sangle Fixe Anti loss &#8211; &#8211; avec la sangle de fixation, vous pouvez r\u00e9parer la tablette lorsque vous n&#8217;utilisez pas la tablette.  <\/span><\/li>\n<li class=\"a-spacing-mini\"><span class=\"a-list-item\"> \ud83d\udca5Premium Material &#8211; &#8211; Utiliser le cuir PU haut de gamme, la protection des c\u00f4t\u00e9s et les coins de votre tablette, contre les rayures, la poussi\u00e8re et autres dommages quotidiens.  <\/span><\/li>\n<li class=\"a-spacing-mini\"><span class=\"a-list-item\"> \ud83d\udca5Unique Apparence classique &#8211; &#8211; La technologie d&#8217;impression exquise et la conception nouvelle, donnez \u00e0 votre tablette un nouveau look.  <\/span><\/li>\n<li class=\"a-spacing-mini\"><span class=\"a-list-item\"> \ud83d\udca5Standy stand &#8211; &#8211; la couverture avant pliante prenant en charge votre tablette en position debout pour la visualisation et la saisie, adapt\u00e9e \u00e0 une utilisation quotidienne, \u00e0 un voyage ou \u00e0 un travail.  <\/span><\/li>\n<p>Code UNSPSC  :  43211620 (Etuis et housses pour tablettes tactiles) Signaler un code incorrect              Dimensions du colis                                     \u200f                                          :                                     \u200e  25 x 15 x 1,95 cm; 240 grammes          Date de mise en ligne sur Amazon.fr                                     \u200f                                          :                                     \u200e  14 juillet 2023                                  Fabricant                                     \u200f                                          :                                     \u200e  Auslbin          ASIN                                     \u200f                                          :                                     \u200e  B0CBTKF1H5          Pays d&#8217;origine                                     \u200f                                          :                                     \u200e  Chine<\/p>\n","protected":false},"excerpt":{"rendered":"<p>\ud83d\udca5 Mod\u00e8le compatible &#8211; &#8211; Possibilit\u00e9 pour Coque Google Pixel Tablet 2023 \uff0c non compatible avec d&#8217;autres mod\u00e8les, veuillez v\u00e9rifier votre appareil avant votre achat. \ud83d\udca5Sangle Fixe Anti loss &#8211;<\/p>\n","protected":false},"featured_media":257193,"comment_status":"","ping_status":"closed","template":"","meta":{"_acf_changed":false},"product_brand":[],"product_cat":[78319],"product_tag":[],"class_list":{"0":"post-257190","1":"product","2":"type-product","3":"status-publish","4":"has-post-thumbnail","6":"product_cat-accessoires-google","8":"first","9":"instock","10":"taxable","11":"shipping-taxable","12":"purchasable","13":"product-type-variable","14":"add-to-wishlist-after_add_to_cart"},"acf":[],"_links":{"self":[{"href":"https:\/\/amazonyguyane.fr\/wp-json\/wp\/v2\/product\/257190","targetHints":{"allow":["GET"]}}],"collection":[{"href":"https:\/\/amazonyguyane.fr\/wp-json\/wp\/v2\/product"}],"about":[{"href":"https:\/\/amazonyguyane.fr\/wp-json\/wp\/v2\/types\/product"}],"replies":[{"embeddable":true,"href":"https:\/\/amazonyguyane.fr\/wp-json\/wp\/v2\/comments?post=257190"}],"version-history":[{"count":0,"href":"https:\/\/amazonyguyane.fr\/wp-json\/wp\/v2\/product\/257190\/revisions"}],"wp:featuredmedia":[{"embeddable":true,"href":"https:\/\/amazonyguyane.fr\/wp-json\/wp\/v2\/media\/257193"}],"wp:attachment":[{"href":"https:\/\/amazonyguyane.fr\/wp-json\/wp\/v2\/media?parent=257190"}],"wp:term":[{"taxonomy":"product_brand","embeddable":true,"href":"https:\/\/amazonyguyane.fr\/wp-json\/wp\/v2\/product_brand?post=257190"},{"taxonomy":"product_cat","embeddable":true,"href":"https:\/\/amazonyguyane.fr\/wp-json\/wp\/v2\/product_cat?post=257190"},{"taxonomy":"product_tag","embeddable":true,"href":"https:\/\/amazonyguyane.fr\/wp-json\/wp\/v2\/product_tag?post=257190"}],"curies":[{"name":"wp","href":"https:\/\/api.w.org\/{rel}","templated":true}]}}