{"id":257244,"date":"2023-09-28T16:18:37","date_gmt":"2023-09-28T15:18:37","guid":{"rendered":"https:\/\/amazonyguyane.fr\/diruite-3-pieces-coque-pour-google-pixel-watch-protection-ecrantpu-souple-ultra-mince-protection-decran-plaquee-anti-vibration-pour-google-pixel-watch-caseanti-collision"},"modified":"2023-09-28T16:18:56","modified_gmt":"2023-09-28T15:18:56","slug":"diruite-3-pieces-coque-pour-google-pixel-watch-protection-ecrantpu-souple-ultra-mince-protection-decran-plaquee-anti-vibration-pour-google-pixel-watch-caseanti-collision","status":"publish","type":"product","link":"https:\/\/amazonyguyane.fr\/produit\/diruite-3-pieces-coque-pour-google-pixel-watch-protection-ecrantpu-souple-ultra-mince-protection-decran-plaquee-anti-vibration-pour-google-pixel-watch-caseanti-collision\/","title":{"rendered":"Diruite 3 Pi\u00e8ces Coque pour Google Pixel Watch Protection \u00c9cran,TPU Souple Ultra-Mince Protection D&#8217;\u00e9cran Plaqu\u00e9e Anti-Vibration pour Google Pixel Watch Case[Anti-Collision]"},"content":{"rendered":"<li class=\"a-spacing-mini\"><span class=\"a-list-item\"> \u2b50Mod\u00e8le Compatible: Parfaitement adapt\u00e9 \u00e0 la smartwatch pour Google Pixel Watch, s\u2019adapte du quotidien \u00e0 l\u2019entra\u00eenement, \u00e9tui uniquement, sans horloge.  <\/span><\/li>\n<li class=\"a-spacing-mini\"><span class=\"a-list-item\"> \u2b50Mat\u00e9riau du Produit: TPU de haute qualit\u00e9, flexible et robuste, protection de la s\u00e9curit\u00e9 et de l\u2019environnement, protection contre l\u2019abrasion accidentelle et les rayures par les couteaux, les cl\u00e9s et autres objets durs, diff\u00e9rent avec protecteur d\u2019\u00e9cran, offre une meilleure protection et sans cloques.  <\/span><\/li>\n<li class=\"a-spacing-mini\"><span class=\"a-list-item\"> \u2b50Fonction du Produit: Protecteur d\u2019\u00e9cran TPU complet (y compris l\u2019\u00e9cran tactile) \/ exp\u00e9rience de visualisation claire HD \/ sans bulle \/ ultra-mince \/ facile \u00e0 installer \/ d\u00e9coupes de trous pr\u00e9cises facilitent l\u2019acc\u00e8s \u00e0 tous les boutons.  <\/span><\/li>\n<li class=\"a-spacing-mini\"><span class=\"a-list-item\"> \u2b50Op\u00e9ration Facile: Vous pouvez l\u2019installer sans retirer le bracelet et charger sans retirer le bo\u00eetier.  <\/span><\/li>\n<li class=\"a-spacing-mini\"><span class=\"a-list-item\"> \u2b50Quelques Conseils: Utilisez un chiffon sec pour le garder au sec si de l\u2019eau, de la sueur ou de l\u2019humidit\u00e9 s\u2019est accumul\u00e9e entre le bo\u00eetier et l\u2019\u00e9cran, car cela peut affecter la sensibilit\u00e9 du toucher. Si vous avez des questions ou des probl\u00e8mes de produits, s\u2019il vous pla\u00eet contactez-nous, nous ferons le meilleur service pour vous.  <\/span><\/li>\n<p>Code UNSPSC  :  43191601 (Coques pour t\u00e9l\u00e9phone mobile) Signaler un code incorrect              Dimensions du colis                                     \u200f                                          :                                     \u200e  17,4 x 12,6 x 1,5 cm; 10 grammes          Date de mise en ligne sur Amazon.fr                                     \u200f                                          :                                     \u200e  25 octobre 2022                                  Fabricant                                     \u200f                                          :                                     \u200e  Diruite          ASIN                                     \u200f                                          :                                     \u200e  B0BKGJ16YB          Pays d&#8217;origine                                     \u200f                                          :                                     \u200e  Chine<\/p>\n","protected":false},"excerpt":{"rendered":"<p>\u2b50Mod\u00e8le Compatible: Parfaitement adapt\u00e9 \u00e0 la smartwatch pour Google Pixel Watch, s\u2019adapte du quotidien \u00e0 l\u2019entra\u00eenement, \u00e9tui uniquement, sans horloge. \u2b50Mat\u00e9riau du Produit: TPU de haute qualit\u00e9, flexible et robuste,<\/p>\n","protected":false},"featured_media":257246,"comment_status":"","ping_status":"closed","template":"","meta":{"_acf_changed":false},"product_brand":[],"product_cat":[78319],"product_tag":[],"class_list":{"0":"post-257244","1":"product","2":"type-product","3":"status-publish","4":"has-post-thumbnail","6":"product_cat-accessoires-google","8":"first","9":"instock","10":"taxable","11":"shipping-taxable","12":"purchasable","13":"product-type-variable","14":"add-to-wishlist-after_add_to_cart"},"acf":[],"_links":{"self":[{"href":"https:\/\/amazonyguyane.fr\/wp-json\/wp\/v2\/product\/257244","targetHints":{"allow":["GET"]}}],"collection":[{"href":"https:\/\/amazonyguyane.fr\/wp-json\/wp\/v2\/product"}],"about":[{"href":"https:\/\/amazonyguyane.fr\/wp-json\/wp\/v2\/types\/product"}],"replies":[{"embeddable":true,"href":"https:\/\/amazonyguyane.fr\/wp-json\/wp\/v2\/comments?post=257244"}],"version-history":[{"count":0,"href":"https:\/\/amazonyguyane.fr\/wp-json\/wp\/v2\/product\/257244\/revisions"}],"wp:featuredmedia":[{"embeddable":true,"href":"https:\/\/amazonyguyane.fr\/wp-json\/wp\/v2\/media\/257246"}],"wp:attachment":[{"href":"https:\/\/amazonyguyane.fr\/wp-json\/wp\/v2\/media?parent=257244"}],"wp:term":[{"taxonomy":"product_brand","embeddable":true,"href":"https:\/\/amazonyguyane.fr\/wp-json\/wp\/v2\/product_brand?post=257244"},{"taxonomy":"product_cat","embeddable":true,"href":"https:\/\/amazonyguyane.fr\/wp-json\/wp\/v2\/product_cat?post=257244"},{"taxonomy":"product_tag","embeddable":true,"href":"https:\/\/amazonyguyane.fr\/wp-json\/wp\/v2\/product_tag?post=257244"}],"curies":[{"name":"wp","href":"https:\/\/api.w.org\/{rel}","templated":true}]}}