{"id":257350,"date":"2023-09-28T16:20:07","date_gmt":"2023-09-28T15:20:07","guid":{"rendered":"https:\/\/amazonyguyane.fr\/ibywind-protection-d-ecran-pour-google-pixel-6-propaquet-de-2-avec-dinstallation-facilecompatible-avec-lecteur-dempreintes-digitales"},"modified":"2023-09-28T16:20:07","modified_gmt":"2023-09-28T15:20:07","slug":"ibywind-protection-d-ecran-pour-google-pixel-6-propaquet-de-2-avec-dinstallation-facilecompatible-avec-lecteur-dempreintes-digitales","status":"publish","type":"product","link":"https:\/\/amazonyguyane.fr\/produit\/ibywind-protection-d-ecran-pour-google-pixel-6-propaquet-de-2-avec-dinstallation-facilecompatible-avec-lecteur-dempreintes-digitales\/","title":{"rendered":"Ibywind Protection d \u00c9cran pour Google Pixel 6 Pro,[Paquet de 2] avec d&#8217;installation facile,Compatible avec Lecteur d&#8217;empreintes digitales"},"content":{"rendered":"<li class=\"a-spacing-mini\"><span class=\"a-list-item\"> [Fonctionne uniquement]Le protecteur d&#8217;\u00e9cran (pas de verre, est hydrogel) et le protecteur d&#8217;objectif de l&#8217;appareil photo sont uniquement compatibles avec l&#8217;Google Pixel 6 Pro. Ne convient pas pour l&#8217; d&#8217;autres mod\u00e8les, veuillez v\u00e9rifier votre mod\u00e8le de t\u00e9l\u00e9phone avant d&#8217;acheter ce TPU. protecteur d&#8217;\u00e9cran.  <\/span><\/li>\n<li class=\"a-spacing-mini\"><span class=\"a-list-item\"> [Kit d&#8217;installation facile et sans bulles]Le cadre d&#8217;installation facile vous aide \u00e0 installer facilement le protecteur d&#8217;\u00e9cran sans vous soucier de l&#8217;alignement de l&#8217;\u00e9cran et du kit de nettoyage pour garantir une application sans bulles \u00e0 chaque fois. Veuillez regarder notre tutoriel vid\u00e9o d&#8217;installation avant l&#8217;installation.  <\/span><\/li>\n<li class=\"a-spacing-mini\"><span class=\"a-list-item\"> [Case Friendly&amp;screen Protection]:le protecteur d&#8217;\u00e9cran laisse suffisamment d&#8217;espace pour l&#8217;installation de la plupart des coques de t\u00e9l\u00e9phone. Couverture maximale de votre mobile sans interf\u00e9rer avec la coque du t\u00e9l\u00e9phone, TPU de haute qualit\u00e9. Ultra fin, 99,9 % HD, garantit la couleur d&#8217;origine de l&#8217;\u00e9cran.  <\/span><\/li>\n<li class=\"a-spacing-mini\"><span class=\"a-list-item\"> [Caract\u00e9ristiques du produit] Prise en charge de la reconnaissance des empreintes digitales, tactile, r\u00e9actif, sans empreintes digitales, sans poussi\u00e8re, r\u00e9sistant \u00e0 l&#8217;huile, l&#8217;auto-gu\u00e9rison permet \u00e0 votre t\u00e9l\u00e9phone de r\u00e9cup\u00e9rer automatiquement de minuscules rayures ou bulles dans les 24 heures.  <\/span><\/li>\n<li class=\"a-spacing-mini\"><span class=\"a-list-item\"> [Le paquet comprend]2 protections d&#8217;\u00e9cran en TPU;1 cadre d&#8217;installation facile ; 2 kits d&#8217;accessoires d&#8217;installation, 1 notice d&#8217;installation.  <\/span><\/li>\n<p>Code UNSPSC  :  43191601 (Coques pour t\u00e9l\u00e9phone mobile) Signaler un code incorrect              Dimensions du produit (L x l x h)                                     \u200f                                          :                                     \u200e  15,68 x 7,32 x 1,27 cm; 5 grammes          Date de mise en ligne sur Amazon.fr                                     \u200f                                          :                                     \u200e  9 novembre 2021                                  Fabricant                                     \u200f                                          :                                     \u200e  IBYWIND          ASIN                                     \u200f                                          :                                     \u200e  B09LBZVMZ4          Num\u00e9ro du mod\u00e8le de l&#8217;article                                     \u200f                                          :                                     \u200e  G-185          Pays d&#8217;origine                                     \u200f                                          :                                     \u200e  Chine<\/p>\n","protected":false},"excerpt":{"rendered":"<p>[Fonctionne uniquement]Le protecteur d&#8217;\u00e9cran (pas de verre, est hydrogel) et le protecteur d&#8217;objectif de l&#8217;appareil photo sont uniquement compatibles avec l&#8217;Google Pixel 6 Pro. Ne convient pas pour l&#8217; d&#8217;autres<\/p>\n","protected":false},"featured_media":257351,"comment_status":"","ping_status":"closed","template":"","meta":{"_acf_changed":false},"product_brand":[],"product_cat":[78319],"product_tag":[],"class_list":{"0":"post-257350","1":"product","2":"type-product","3":"status-publish","4":"has-post-thumbnail","6":"product_cat-accessoires-google","8":"first","9":"instock","10":"taxable","11":"shipping-taxable","12":"purchasable","13":"product-type-simple","14":"add-to-wishlist-after_add_to_cart"},"acf":[],"_links":{"self":[{"href":"https:\/\/amazonyguyane.fr\/wp-json\/wp\/v2\/product\/257350","targetHints":{"allow":["GET"]}}],"collection":[{"href":"https:\/\/amazonyguyane.fr\/wp-json\/wp\/v2\/product"}],"about":[{"href":"https:\/\/amazonyguyane.fr\/wp-json\/wp\/v2\/types\/product"}],"replies":[{"embeddable":true,"href":"https:\/\/amazonyguyane.fr\/wp-json\/wp\/v2\/comments?post=257350"}],"version-history":[{"count":0,"href":"https:\/\/amazonyguyane.fr\/wp-json\/wp\/v2\/product\/257350\/revisions"}],"wp:featuredmedia":[{"embeddable":true,"href":"https:\/\/amazonyguyane.fr\/wp-json\/wp\/v2\/media\/257351"}],"wp:attachment":[{"href":"https:\/\/amazonyguyane.fr\/wp-json\/wp\/v2\/media?parent=257350"}],"wp:term":[{"taxonomy":"product_brand","embeddable":true,"href":"https:\/\/amazonyguyane.fr\/wp-json\/wp\/v2\/product_brand?post=257350"},{"taxonomy":"product_cat","embeddable":true,"href":"https:\/\/amazonyguyane.fr\/wp-json\/wp\/v2\/product_cat?post=257350"},{"taxonomy":"product_tag","embeddable":true,"href":"https:\/\/amazonyguyane.fr\/wp-json\/wp\/v2\/product_tag?post=257350"}],"curies":[{"name":"wp","href":"https:\/\/api.w.org\/{rel}","templated":true}]}}