{"id":259825,"date":"2023-09-28T17:09:10","date_gmt":"2023-09-28T16:09:10","guid":{"rendered":"https:\/\/amazonyguyane.fr\/ibywind-verre-trempe-de-protection-pour-oneplus-nord-2-5g-paquet-de-2-avec-metal-protecteur-decran-de-cameraprotection-arriere-effet-fibre-de-carboneavec-une-kit-dinstallation-facile-2"},"modified":"2023-09-28T17:09:10","modified_gmt":"2023-09-28T16:09:10","slug":"ibywind-verre-trempe-de-protection-pour-oneplus-nord-2-5g-paquet-de-2-avec-metal-protecteur-decran-de-cameraprotection-arriere-effet-fibre-de-carboneavec-une-kit-dinstallation-facile-2","status":"publish","type":"product","link":"https:\/\/amazonyguyane.fr\/produit\/ibywind-verre-trempe-de-protection-pour-oneplus-nord-2-5g-paquet-de-2-avec-metal-protecteur-decran-de-cameraprotection-arriere-effet-fibre-de-carboneavec-une-kit-dinstallation-facile-2\/","title":{"rendered":"Ibywind Verre Tremp\u00e9 de Protection pour Oneplus Nord 2 5G, [Paquet de 2] avec M\u00e9tal Protecteur D&#8217;\u00e9cran de Cam\u00e9ra,Protection arri\u00e8re Effet Fibre de Carbone,avec Une kit d&#8217;installation Facile"},"content":{"rendered":"<li class=\"a-spacing-mini\"><span class=\"a-list-item\"> [Remarque]:Compatible avec Oneplus Nord 2 5G.en raison du contour courb\u00e9 d&#8217; Oneplus Nord 2 5G, le protecteur d&#8217;\u00e9cran est con\u00e7u \u00e0 une taille plus petite par rapport \u00e0 l&#8217;\u00e9cran, il reste 1 millim\u00e8tre de chaque c\u00f4t\u00e9 pour bien installer la plupart des coque d&#8217; Oneplus Nord 2 5G.  <\/span><\/li>\n<li class=\"a-spacing-mini\"><span class=\"a-list-item\"> [Kit d&#8217;installation facile et sans bulles] Le cadre d&#8217;installation facile vous aide \u00e0 installer facilement le protecteur d&#8217;\u00e9cran sans vous soucier de l&#8217;alignement de l&#8217;\u00e9cran et du kit de nettoyage pour garantir une application sans bulles \u00e0 chaque fois. Veuillez regarder notre tutoriel vid\u00e9o d&#8217;installation avant l&#8217;installation.  <\/span><\/li>\n<li class=\"a-spacing-mini\"><span class=\"a-list-item\"> [Duret\u00e9 de 9H]:Avec une duret\u00e9 du mat\u00e9riau 9H, la protection d\u2019\u00e9cran Ibywind en verre tremp\u00e9 offre une protection anti-rayures sup\u00e9rieure contre les objets du quotidien tels que des cl\u00e9s, des pi\u00e8ces de monnaie et m\u00eame les couteaux. Le mat\u00e9riau est renforc\u00e9 afin d\u2019en am\u00e9liorer son absorption des chocs, offrant une r\u00e9sistance mod\u00e9r\u00e9e contre les chutes.  <\/span><\/li>\n<li class=\"a-spacing-mini\"><span class=\"a-list-item\"> [Haute Transparence]\uff1aTransparence \u00e0 99%. Compatible avec le 3D Touch de l&#8217; Oneplus Nord 2 5G.  <\/span><\/li>\n<li class=\"a-spacing-mini\"><span class=\"a-list-item\"> [Remplacement 30 jours]: Ibywind propose des remplacements nouveaux et gratuits en cas de probl\u00e8me de qualit\u00e9 dans les 30 jours \u00e0 compter du jour de livraison. Aucun dommage artificiel ne peut \u00eatre appliqu\u00e9.  <\/span><\/li>\n<p>Code UNSPSC  :  43191601 (Coques pour t\u00e9l\u00e9phone mobile) Signaler un code incorrect              Dimensions du produit (L x l x h)                                     \u200f                                          :                                     \u200e  15,12 x 6,74 x 1,27 cm; 15 grammes          Date de mise en ligne sur Amazon.fr                                     \u200f                                          :                                     \u200e  17 ao\u00fbt 2021                                  Fabricant                                     \u200f                                          :                                     \u200e  IBYWIND          ASIN                                     \u200f                                          :                                     \u200e  B09CPNGLXS          Num\u00e9ro du mod\u00e8le de l&#8217;article                                     \u200f                                          :                                     \u200e  G-172          Pays d&#8217;origine                                     \u200f                                          :                                     \u200e  Chine<\/p>\n","protected":false},"excerpt":{"rendered":"<p>[Remarque]:Compatible avec Oneplus Nord 2 5G.en raison du contour courb\u00e9 d&#8217; Oneplus Nord 2 5G, le protecteur d&#8217;\u00e9cran est con\u00e7u \u00e0 une taille plus petite par rapport \u00e0 l&#8217;\u00e9cran, il<\/p>\n","protected":false},"featured_media":259829,"comment_status":"","ping_status":"closed","template":"","meta":{"_acf_changed":false},"product_brand":[],"product_cat":[76570],"product_tag":[],"class_list":{"0":"post-259825","1":"product","2":"type-product","3":"status-publish","4":"has-post-thumbnail","6":"product_cat-accessoires-one-plus","8":"first","9":"instock","10":"taxable","11":"shipping-taxable","12":"purchasable","13":"product-type-simple","14":"add-to-wishlist-after_add_to_cart"},"acf":[],"_links":{"self":[{"href":"https:\/\/amazonyguyane.fr\/wp-json\/wp\/v2\/product\/259825","targetHints":{"allow":["GET"]}}],"collection":[{"href":"https:\/\/amazonyguyane.fr\/wp-json\/wp\/v2\/product"}],"about":[{"href":"https:\/\/amazonyguyane.fr\/wp-json\/wp\/v2\/types\/product"}],"replies":[{"embeddable":true,"href":"https:\/\/amazonyguyane.fr\/wp-json\/wp\/v2\/comments?post=259825"}],"version-history":[{"count":0,"href":"https:\/\/amazonyguyane.fr\/wp-json\/wp\/v2\/product\/259825\/revisions"}],"wp:featuredmedia":[{"embeddable":true,"href":"https:\/\/amazonyguyane.fr\/wp-json\/wp\/v2\/media\/259829"}],"wp:attachment":[{"href":"https:\/\/amazonyguyane.fr\/wp-json\/wp\/v2\/media?parent=259825"}],"wp:term":[{"taxonomy":"product_brand","embeddable":true,"href":"https:\/\/amazonyguyane.fr\/wp-json\/wp\/v2\/product_brand?post=259825"},{"taxonomy":"product_cat","embeddable":true,"href":"https:\/\/amazonyguyane.fr\/wp-json\/wp\/v2\/product_cat?post=259825"},{"taxonomy":"product_tag","embeddable":true,"href":"https:\/\/amazonyguyane.fr\/wp-json\/wp\/v2\/product_tag?post=259825"}],"curies":[{"name":"wp","href":"https:\/\/api.w.org\/{rel}","templated":true}]}}