{"id":259954,"date":"2023-09-28T17:10:36","date_gmt":"2023-09-28T16:10:36","guid":{"rendered":"https:\/\/amazonyguyane.fr\/oneplus-nord-buds-2-ecouteurs-sans-fil-avec-jusqua-36-heures-dautonomie-suppresion-active-du-bruit-jusqua-25-db-et-basswave-algorithme-damelioration-des-basses-lightning-white-2"},"modified":"2023-09-28T17:10:36","modified_gmt":"2023-09-28T16:10:36","slug":"oneplus-nord-buds-2-ecouteurs-sans-fil-avec-jusqua-36-heures-dautonomie-suppresion-active-du-bruit-jusqua-25-db-et-basswave-algorithme-damelioration-des-basses-lightning-white-2","status":"publish","type":"product","link":"https:\/\/amazonyguyane.fr\/produit\/oneplus-nord-buds-2-ecouteurs-sans-fil-avec-jusqua-36-heures-dautonomie-suppresion-active-du-bruit-jusqua-25-db-et-basswave-algorithme-damelioration-des-basses-lightning-white-2\/","title":{"rendered":"OnePlus Nord Buds 2 &#8211; \u00c9couteurs sans fil avec jusqu&#8217;\u00e0 36 heures d&#8217;autonomie, Suppresion active du bruit jusqu&#8217;\u00e0 25 dB et BassWave\u2122 Algorithme d&#8217;am\u00e9lioration des basses &#8211; Lightning White"},"content":{"rendered":"<p><!-- show up to 2 reviews by default -->                        <\/p>\n<p> <span>OnePlus Nord Buds 2 &#8211; Entrez dans le groove | Deux haut-parleurs de 12,4 mm | Deux micros &#8211; suppression du bruit et Call Clarity lors des appels | Algorithme d&#8217;am\u00e9lioration des basses BassWave\u2122 | Jusqu&#8217;\u00e0 36 heures d&#8217;\u00e9coute | Jusqu&#8217;\u00e0 25 dB de suppression active du bruit | Dolby Atmos et Dirac Audio Tuner<\/span>  <\/p>\n<p><\/p>\n","protected":false},"excerpt":{"rendered":"<p>OnePlus Nord Buds 2 &#8211; Entrez dans le groove | Deux haut-parleurs de 12,4 mm | Deux micros &#8211; suppression du bruit et Call Clarity lors des appels | Algorithme<\/p>\n","protected":false},"featured_media":0,"comment_status":"","ping_status":"closed","template":"","meta":{"_acf_changed":false},"product_brand":[],"product_cat":[76570],"product_tag":[],"class_list":{"0":"post-259954","1":"product","2":"type-product","3":"status-publish","5":"product_cat-accessoires-one-plus","7":"first","8":"instock","9":"taxable","10":"shipping-taxable","11":"product-type-variable","12":"add-to-wishlist-after_add_to_cart"},"acf":[],"_links":{"self":[{"href":"https:\/\/amazonyguyane.fr\/wp-json\/wp\/v2\/product\/259954","targetHints":{"allow":["GET"]}}],"collection":[{"href":"https:\/\/amazonyguyane.fr\/wp-json\/wp\/v2\/product"}],"about":[{"href":"https:\/\/amazonyguyane.fr\/wp-json\/wp\/v2\/types\/product"}],"replies":[{"embeddable":true,"href":"https:\/\/amazonyguyane.fr\/wp-json\/wp\/v2\/comments?post=259954"}],"version-history":[{"count":0,"href":"https:\/\/amazonyguyane.fr\/wp-json\/wp\/v2\/product\/259954\/revisions"}],"wp:attachment":[{"href":"https:\/\/amazonyguyane.fr\/wp-json\/wp\/v2\/media?parent=259954"}],"wp:term":[{"taxonomy":"product_brand","embeddable":true,"href":"https:\/\/amazonyguyane.fr\/wp-json\/wp\/v2\/product_brand?post=259954"},{"taxonomy":"product_cat","embeddable":true,"href":"https:\/\/amazonyguyane.fr\/wp-json\/wp\/v2\/product_cat?post=259954"},{"taxonomy":"product_tag","embeddable":true,"href":"https:\/\/amazonyguyane.fr\/wp-json\/wp\/v2\/product_tag?post=259954"}],"curies":[{"name":"wp","href":"https:\/\/api.w.org\/{rel}","templated":true}]}}