{"id":259962,"date":"2023-09-28T17:10:43","date_gmt":"2023-09-28T16:10:43","guid":{"rendered":"https:\/\/amazonyguyane.fr\/onetheful-coque-portefeuille-etui-oneplus-11-housse-protection-accessoires-case-flip-cover-phone-etuis-en-faux-cuir-avec-stand-pour-oneplus-11-rouge"},"modified":"2023-09-28T17:39:26","modified_gmt":"2023-09-28T16:39:26","slug":"onetheful-coque-portefeuille-etui-oneplus-11-housse-protection-accessoires-case-flip-cover-phone-etuis-en-faux-cuir-avec-stand-pour-oneplus-11-rouge","status":"publish","type":"product","link":"https:\/\/amazonyguyane.fr\/?product=onetheful-coque-portefeuille-etui-oneplus-11-housse-protection-accessoires-case-flip-cover-phone-etuis-en-faux-cuir-avec-stand-pour-oneplus-11-rouge","title":{"rendered":"ONETHEFUL Coque Portefeuille \u00c9tui OnePlus 11 Housse Protection Accessoires Case Flip Cover Phone \u00c9tuis en Faux Cuir avec Stand pour OnePlus 11 Rouge"},"content":{"rendered":"<p><!-- show up to 2 reviews by default -->                        <\/p>\n<p> <span class=\"a-text-bold\">Compatibilit\u00e9 :<\/p>\n<p><\/span><span> La housse de protection <\/span><span class=\"a-text-bold\">ONETHEFUL<\/span><span> est compatible avec les smartphones [ OnePlus 11 (6.7&#8243;) ].<\/p>\n<p> <\/span><span class=\"a-text-bold\">Description du produit :<\/p>\n<p><\/span><span> *Cet \u00e9tui durable et \u00e9l\u00e9gant se compose d&#8217;une coque ext\u00e9rieure et d&#8217;une coque int\u00e9rieure en cuir synth\u00e9tique \u00e9cologique et d&#8217;une coque int\u00e9rieure en TPU souple et r\u00e9sistant aux chocs qui se sentent bien dans votre main et offrent une protection maximale contre la poussi\u00e8re, les chocs et les rayures, de sorte que l&#8217;\u00e9cran et le dos sont bien prot\u00e9g\u00e9s.<\/p>\n<p> *L&#8217;\u00e9tui est pr\u00eat pour le portefeuille : il y a plusieurs fentes pour cartes de cr\u00e9dit et une petite poche lat\u00e9rale pour les billets, de sorte que vous pouvez garder vos essentiels quotidiens au m\u00eame endroit. Une fermeture magn\u00e9tique garantit que la pochette en cuir se ferme en toute s\u00e9curit\u00e9, ce qui permet de mieux prot\u00e9ger votre \u00e9cran.<\/p>\n<p> *Fonction de support : l&#8217;\u00e9tui \u00e0 rabat se transforme en support \u00e0 angle de vue r\u00e9glable pour regarder des vid\u00e9os en gardant les mains libres.<\/p>\n<p> *D\u00e9coupes pr\u00e9cises : tous les boutons, commandes et connexions sont faciles \u00e0 utiliser dans l&#8217;\u00e9tui de protection.<\/p>\n<p> L&#8217;ensemble comprend :<\/p>\n<p> 1 x <\/span><span class=\"a-text-bold\">ONETHEFUL<\/span><span> \u00c9tui [ OnePlus 11 (6.7&#8243;) ] (Veuillez noter : en raison de l&#8217;\u00e9clairage et des param\u00e8tres de couleur, la couleur de l&#8217;\u00e9tui pr\u00e9sent\u00e9 sur les photos peut \u00eatre l\u00e9g\u00e8rement diff\u00e9rente du produit original).<\/p>\n<p><\/span>  <\/p>\n<p><\/p>\n","protected":false},"excerpt":{"rendered":"<p>Compatibilit\u00e9 : La housse de protection ONETHEFUL est compatible avec les smartphones [ OnePlus 11 (6.7&#8243;) ]. Description du produit : *Cet \u00e9tui durable et \u00e9l\u00e9gant se compose d&#8217;une coque<\/p>\n","protected":false},"featured_media":259963,"comment_status":"","ping_status":"closed","template":"","meta":{"_acf_changed":false},"product_brand":[],"product_cat":[76570],"product_tag":[],"class_list":{"0":"post-259962","1":"product","2":"type-product","3":"status-publish","4":"has-post-thumbnail","6":"product_cat-accessoires-one-plus","8":"first","9":"instock","10":"taxable","11":"shipping-taxable","12":"purchasable","13":"product-type-variable","14":"add-to-wishlist-after_add_to_cart"},"acf":[],"_links":{"self":[{"href":"https:\/\/amazonyguyane.fr\/index.php?rest_route=\/wp\/v2\/product\/259962","targetHints":{"allow":["GET"]}}],"collection":[{"href":"https:\/\/amazonyguyane.fr\/index.php?rest_route=\/wp\/v2\/product"}],"about":[{"href":"https:\/\/amazonyguyane.fr\/index.php?rest_route=\/wp\/v2\/types\/product"}],"replies":[{"embeddable":true,"href":"https:\/\/amazonyguyane.fr\/index.php?rest_route=%2Fwp%2Fv2%2Fcomments&post=259962"}],"version-history":[{"count":0,"href":"https:\/\/amazonyguyane.fr\/index.php?rest_route=\/wp\/v2\/product\/259962\/revisions"}],"wp:featuredmedia":[{"embeddable":true,"href":"https:\/\/amazonyguyane.fr\/index.php?rest_route=\/wp\/v2\/media\/259963"}],"wp:attachment":[{"href":"https:\/\/amazonyguyane.fr\/index.php?rest_route=%2Fwp%2Fv2%2Fmedia&parent=259962"}],"wp:term":[{"taxonomy":"product_brand","embeddable":true,"href":"https:\/\/amazonyguyane.fr\/index.php?rest_route=%2Fwp%2Fv2%2Fproduct_brand&post=259962"},{"taxonomy":"product_cat","embeddable":true,"href":"https:\/\/amazonyguyane.fr\/index.php?rest_route=%2Fwp%2Fv2%2Fproduct_cat&post=259962"},{"taxonomy":"product_tag","embeddable":true,"href":"https:\/\/amazonyguyane.fr\/index.php?rest_route=%2Fwp%2Fv2%2Fproduct_tag&post=259962"}],"curies":[{"name":"wp","href":"https:\/\/api.w.org\/{rel}","templated":true}]}}