{"id":260102,"date":"2023-09-28T17:12:14","date_gmt":"2023-09-28T16:12:14","guid":{"rendered":"https:\/\/amazonyguyane.fr\/lakwar-smartphone-adaptateur-universel-digiscoping-adapter-rotatif-360-pour-jumelles-monoculaire-longue-vue-trepied-microscope-et-telescope-astronomique-pour-iphone-samsung-moto-oneplus-2"},"modified":"2023-09-28T17:12:14","modified_gmt":"2023-09-28T16:12:14","slug":"lakwar-smartphone-adaptateur-universel-digiscoping-adapter-rotatif-360-pour-jumelles-monoculaire-longue-vue-trepied-microscope-et-telescope-astronomique-pour-iphone-samsung-moto-oneplus-2","status":"publish","type":"product","link":"https:\/\/amazonyguyane.fr\/produit\/lakwar-smartphone-adaptateur-universel-digiscoping-adapter-rotatif-360-pour-jumelles-monoculaire-longue-vue-trepied-microscope-et-telescope-astronomique-pour-iphone-samsung-moto-oneplus-2\/","title":{"rendered":"LAKWAR Smartphone Adaptateur Universel Digiscoping Adapter Rotatif 360\u00b0 pour Jumelles, Monoculaire, Longue-Vue, Tr\u00e9pied, Microscope et T\u00e9lescope Astronomique, pour iPhone, Samsung, Moto, OnePlus"},"content":{"rendered":"<li class=\"a-spacing-mini\"><span class=\"a-list-item\"> \u3010Large gamme d&#8217;applications\u3011 &#8211; L&#8217;adaptateur t\u00e9l\u00e9phonique convient aux oculaires de 28mm-47 mm de diam\u00e8tre ext\u00e9rieur et peut \u00eatre mont\u00e9 sur des oculaires un jumelles, longues-vues, t\u00e9lescopes astronomiques, monoculaire et microscope.  <\/span><\/li>\n<li class=\"a-spacing-mini\"><span class=\"a-list-item\"> \u3010Adapt\u00e9 \u00e0 la plupart des smartphones\u3011- Smartphone capturer clip mount support t\u00e9l\u00e9phone portable universel avec une large plage de largeur : 54mm-90mm, convenant \u00e0 plus de 98% des mod\u00e8les de marques de t\u00e9l\u00e9phones portables !  <\/span><\/li>\n<li class=\"a-spacing-mini\"><span class=\"a-list-item\"> \u3010Design confortable\u3011-La surface du t\u00e9l\u00e9phone et de l&#8217;oculaire est recouverte d&#8217;un mat\u00e9riau EVA souple. Il prot\u00e8ge votre \u00e9quipement des rayures ou des dommages et le rend plus stable. Le tr\u00e9pied peut \u00eatre connect\u00e9 au port de vis de l&#8217;adaptateur.  <\/span><\/li>\n<li class=\"a-spacing-mini\"><span class=\"a-list-item\"> \u3010Con\u00e7u pour les amateurs d&#8217;activit\u00e9s de plein air\u3011- Le adaptateur monte est souvent utilis\u00e9 prendre des images et enregistrer des vid\u00e9os d&#8217;animaux&#8217;observation, de la faune, des fleurs, des baleines, la photographie et les ph\u00e9nom\u00e8nes astronomiques.  <\/span><\/li>\n<li class=\"a-spacing-mini\"><span class=\"a-list-item\"> \u3010LAKWAR Garantie mondiale\u3011- Garantie \u00e0 vie, garantie de remboursement inconditionnel dans les 30 jours, ne vous inqui\u00e9tez plus de tout probl\u00e8me de qualit\u00e9 et service apr\u00e8s vente!  <\/span><\/li>\n<p><\/p>\n","protected":false},"excerpt":{"rendered":"<p>\u3010Large gamme d&#8217;applications\u3011 &#8211; L&#8217;adaptateur t\u00e9l\u00e9phonique convient aux oculaires de 28mm-47 mm de diam\u00e8tre ext\u00e9rieur et peut \u00eatre mont\u00e9 sur des oculaires un jumelles, longues-vues, t\u00e9lescopes astronomiques, monoculaire et microscope.<\/p>\n","protected":false},"featured_media":0,"comment_status":"","ping_status":"closed","template":"","meta":{"_acf_changed":false},"product_brand":[],"product_cat":[76570],"product_tag":[],"class_list":{"0":"post-260102","1":"product","2":"type-product","3":"status-publish","5":"product_cat-accessoires-one-plus","7":"first","8":"instock","9":"taxable","10":"shipping-taxable","11":"product-type-variable","12":"add-to-wishlist-after_add_to_cart"},"acf":[],"_links":{"self":[{"href":"https:\/\/amazonyguyane.fr\/wp-json\/wp\/v2\/product\/260102","targetHints":{"allow":["GET"]}}],"collection":[{"href":"https:\/\/amazonyguyane.fr\/wp-json\/wp\/v2\/product"}],"about":[{"href":"https:\/\/amazonyguyane.fr\/wp-json\/wp\/v2\/types\/product"}],"replies":[{"embeddable":true,"href":"https:\/\/amazonyguyane.fr\/wp-json\/wp\/v2\/comments?post=260102"}],"version-history":[{"count":0,"href":"https:\/\/amazonyguyane.fr\/wp-json\/wp\/v2\/product\/260102\/revisions"}],"wp:attachment":[{"href":"https:\/\/amazonyguyane.fr\/wp-json\/wp\/v2\/media?parent=260102"}],"wp:term":[{"taxonomy":"product_brand","embeddable":true,"href":"https:\/\/amazonyguyane.fr\/wp-json\/wp\/v2\/product_brand?post=260102"},{"taxonomy":"product_cat","embeddable":true,"href":"https:\/\/amazonyguyane.fr\/wp-json\/wp\/v2\/product_cat?post=260102"},{"taxonomy":"product_tag","embeddable":true,"href":"https:\/\/amazonyguyane.fr\/wp-json\/wp\/v2\/product_tag?post=260102"}],"curies":[{"name":"wp","href":"https:\/\/api.w.org\/{rel}","templated":true}]}}