{"id":260386,"date":"2023-09-28T17:15:29","date_gmt":"2023-09-28T16:15:29","guid":{"rendered":"https:\/\/amazonyguyane.fr\/kwmobile-coque-compatible-avec-oneplus-6t-etui-de-protection-rigide-avec-revetement-nylon-noir-2"},"modified":"2023-09-28T17:15:29","modified_gmt":"2023-09-28T16:15:29","slug":"kwmobile-coque-compatible-avec-oneplus-6t-etui-de-protection-rigide-avec-revetement-nylon-noir-2","status":"publish","type":"product","link":"https:\/\/amazonyguyane.fr\/produit\/kwmobile-coque-compatible-avec-oneplus-6t-etui-de-protection-rigide-avec-revetement-nylon-noir-2\/","title":{"rendered":"kwmobile Coque Compatible avec OnePlus 6T &#8211; \u00c9tui de Protection Rigide avec Rev\u00eatement Nylon &#8211; Noir"},"content":{"rendered":"<li class=\"a-spacing-mini\"><span class=\"a-list-item\"> COMPATIBILIT\u00c9 : Compatible avec OnePlus 6T.  <\/span><\/li>\n<li class=\"a-spacing-mini\"><span class=\"a-list-item\"> ASPECT TISSU : Avec le nylon recouvrant la partie arri\u00e8re, la housse est \u00e0 la fois protectrice et design. Donnez un style unique \u00e0 votre smartphone !  <\/span><\/li>\n<li class=\"a-spacing-mini\"><span class=\"a-list-item\"> ANTICHOC : L&#8217;\u00e9tui solide en noir est r\u00e9sistante \u00e0 une utilisation quotidienne et absorbante. Chocs, rayures et poussi\u00e8re : plus rien ne passe !  <\/span><\/li>\n<li class=\"a-spacing-mini\"><span class=\"a-list-item\"> MANIABLE : Accessoire pratique ! Tous les boutons et ports de connexion restent facilement accessibles.  <\/span><\/li>\n<li class=\"a-spacing-mini\"><span class=\"a-list-item\"> PRISE EN MAIN FACILE : Votre t\u00e9l\u00e9phone portable est prot\u00e9g\u00e9 de fa\u00e7on durable. La coque est agr\u00e9able \u00e0 utiliser et se met et se retire sans probl\u00e8me.  <\/span><\/li>\n<p><\/p>\n","protected":false},"excerpt":{"rendered":"<p>COMPATIBILIT\u00c9 : Compatible avec OnePlus 6T. ASPECT TISSU : Avec le nylon recouvrant la partie arri\u00e8re, la housse est \u00e0 la fois protectrice et design. Donnez un style unique \u00e0<\/p>\n","protected":false},"featured_media":260389,"comment_status":"","ping_status":"closed","template":"","meta":{"_acf_changed":false},"product_brand":[],"product_cat":[76570],"product_tag":[],"class_list":{"0":"post-260386","1":"product","2":"type-product","3":"status-publish","4":"has-post-thumbnail","6":"product_cat-accessoires-one-plus","8":"first","9":"instock","10":"taxable","11":"shipping-taxable","12":"purchasable","13":"product-type-simple","14":"add-to-wishlist-after_add_to_cart"},"acf":[],"_links":{"self":[{"href":"https:\/\/amazonyguyane.fr\/wp-json\/wp\/v2\/product\/260386","targetHints":{"allow":["GET"]}}],"collection":[{"href":"https:\/\/amazonyguyane.fr\/wp-json\/wp\/v2\/product"}],"about":[{"href":"https:\/\/amazonyguyane.fr\/wp-json\/wp\/v2\/types\/product"}],"replies":[{"embeddable":true,"href":"https:\/\/amazonyguyane.fr\/wp-json\/wp\/v2\/comments?post=260386"}],"version-history":[{"count":0,"href":"https:\/\/amazonyguyane.fr\/wp-json\/wp\/v2\/product\/260386\/revisions"}],"wp:featuredmedia":[{"embeddable":true,"href":"https:\/\/amazonyguyane.fr\/wp-json\/wp\/v2\/media\/260389"}],"wp:attachment":[{"href":"https:\/\/amazonyguyane.fr\/wp-json\/wp\/v2\/media?parent=260386"}],"wp:term":[{"taxonomy":"product_brand","embeddable":true,"href":"https:\/\/amazonyguyane.fr\/wp-json\/wp\/v2\/product_brand?post=260386"},{"taxonomy":"product_cat","embeddable":true,"href":"https:\/\/amazonyguyane.fr\/wp-json\/wp\/v2\/product_cat?post=260386"},{"taxonomy":"product_tag","embeddable":true,"href":"https:\/\/amazonyguyane.fr\/wp-json\/wp\/v2\/product_tag?post=260386"}],"curies":[{"name":"wp","href":"https:\/\/api.w.org\/{rel}","templated":true}]}}