{"id":260460,"date":"2023-09-28T17:16:14","date_gmt":"2023-09-28T16:16:14","guid":{"rendered":"https:\/\/amazonyguyane.fr\/chargeur-voiture-warp-80w-pour-oneplus11-8t-nord-ce-2-adaptateur-allume-cigare-12-24v-pour-realme11-gt-neo3-2-master-adaptateur-de-voiture-supervooc-cable-c-15m-pour-oppo-find-x5-x3-reno8"},"modified":"2023-09-28T17:16:14","modified_gmt":"2023-09-28T16:16:14","slug":"chargeur-voiture-warp-80w-pour-oneplus11-8t-nord-ce-2-adaptateur-allume-cigare-12-24v-pour-realme11-gt-neo3-2-master-adaptateur-de-voiture-supervooc-cable-c-15m-pour-oppo-find-x5-x3-reno8","status":"publish","type":"product","link":"https:\/\/amazonyguyane.fr\/produit\/chargeur-voiture-warp-80w-pour-oneplus11-8t-nord-ce-2-adaptateur-allume-cigare-12-24v-pour-realme11-gt-neo3-2-master-adaptateur-de-voiture-supervooc-cable-c-15m-pour-oppo-find-x5-x3-reno8\/","title":{"rendered":"Chargeur Voiture Warp 80W pour OnePlus11\/8T\/Nord CE 2, Adaptateur Allume-Cigare 12\/24V pour Realme11\/GT Neo3\/2\/Master, Adaptateur de Voiture Supervooc c\u00e2ble c 1,5m pour Oppo Find X5\/X3\/Reno8"},"content":{"rendered":"<li class=\"a-spacing-mini\"><span class=\"a-list-item\"> \u2705\u3010Chargeur de voiture Supervooc pour OPPO\/Oneplus\/Realme\u3011\u2705 Ce chargeur de voiture OPPO SuperVooc prend en charge SuperVooc\/Warp\/Dash 80W\/67W\/65W\/50W\/33W\/30W\/20W\/18W Protocoles de charge rapide. Le chargeur de voiture warp prend en charge OnePlus11\/10\/Nord 2T\/Nord CE 2,pour OPPO Find X5\/Reno8, pour realme9\/GT NEO 3T et plus. Livr\u00e9 avec un c\u00e2ble de chargeur de type c de 4,92 pieds, le chargeur de voiture USB SuperVooc sera capable de charger OPPO Reno8 de 0 \u00e0 50% en seulement 20 minutes environ.  <\/span><\/li>\n<li class=\"a-spacing-mini\"><span class=\"a-list-item\"> \u2705\u3010USB A+C double ports double charge rapide\u3011\u2705 L&#8217;adaptateur allume-cigare USB Oneplus peut charger rapidement 2 appareils simultan\u00e9ment, obtenir deux appareils compl\u00e8tement charg\u00e9s une fois \u00e9teints. USB-A: SuperVooc pour OPPO, Dash &amp; Warp pour Oneplus, SuperDart pour Realme ; Supercharge pour Huawei &amp; Honor, AFC pour Samsung, QC3.0 pour Redmi et plus. USB-C: PD20w charge rapide pour chargeur Apple USB C, PPS 35W (max) pour chargeur de t\u00e9l\u00e9phone Samsung, PPS pour Google Pixel 6a\/7 (c\u00e2ble non inclus).  <\/span><\/li>\n<li class=\"a-spacing-mini\"><span class=\"a-list-item\"> \u2705\u3010Chargement s\u00e9curis\u00e9\u3011\u2705 Corps enti\u00e8rement en alliage d&#8217;aluminium et conception \u00e0 encliquetage d&#8217;\u00e9clats d&#8217;obus, le chargeur Warp 24v vers USB verrouille \u00e9troitement l&#8217;allume-cigare de la voiture. pr\u00e9venir les mauvais contacts et les coupures de courant caus\u00e9es par les vibrations pendant la conduite. Le chargeur de voiture USB pour OnePlus 11\/Nord CE 2 int\u00e8gre un syst\u00e8me de s\u00e9curit\u00e9 multi-protection pour assurer votre s\u00e9curit\u00e9 et celle de votre appareil.  <\/span><\/li>\n<li class=\"a-spacing-mini\"><span class=\"a-list-item\"> \u2705\u3010D\u00e9tecteur de tension de voiture, entr\u00e9e 12v-24v\u3011\u2705 Le chargeur de voiture Oppo find x5 peut surveiller le syst\u00e8me \u00e9lectrique du v\u00e9hicule et afficher alternativement la tension de la voiture sur l&#8217;\u00e9cran pour vous tenir inform\u00e9 de l&#8217;\u00e9tat de la voiture. Entr\u00e9e 12V-24V, l&#8217;adaptateur d&#8217;alimentation de voiture realme \u00e0 double port convient \u00e9galement aux voitures\/camions\/camionnettes\/roadster et plus encore. L&#8217;indicateur LED \u00e0 lumi\u00e8re douce le rend facile \u00e0 trouver et s\u00fbr \u00e0 utiliser la nuit.  <\/span><\/li>\n<li class=\"a-spacing-mini\"><span class=\"a-list-item\"> \u2705\u3010Ce que vous obtenez\u3011\u2705 Chargeur de voiture SuperVooc \u00e0 double port X 1, c\u00e2ble de chargeur rapide USB A vers USB C de 4,92 pieds X 1. Avec la livraison d&#8217;un c\u00e2ble de chargeur USB C de 4,92ft\/1,5 m, satisfait votre charge longue distance. Vous pouvez utiliser votre appareil librement pendant le chargement, m\u00eame sur le si\u00e8ge arri\u00e8re de votre voiture.  <\/span><\/li>\n<p><\/p>\n","protected":false},"excerpt":{"rendered":"<p>\u2705\u3010Chargeur de voiture Supervooc pour OPPO\/Oneplus\/Realme\u3011\u2705 Ce chargeur de voiture OPPO SuperVooc prend en charge SuperVooc\/Warp\/Dash 80W\/67W\/65W\/50W\/33W\/30W\/20W\/18W Protocoles de charge rapide. Le chargeur de voiture warp prend en charge OnePlus11\/10\/Nord<\/p>\n","protected":false},"featured_media":260461,"comment_status":"","ping_status":"closed","template":"","meta":{"_acf_changed":false},"product_brand":[],"product_cat":[76570],"product_tag":[],"class_list":{"0":"post-260460","1":"product","2":"type-product","3":"status-publish","4":"has-post-thumbnail","6":"product_cat-accessoires-one-plus","8":"first","9":"instock","10":"taxable","11":"shipping-taxable","12":"purchasable","13":"product-type-simple","14":"add-to-wishlist-after_add_to_cart"},"acf":[],"_links":{"self":[{"href":"https:\/\/amazonyguyane.fr\/wp-json\/wp\/v2\/product\/260460","targetHints":{"allow":["GET"]}}],"collection":[{"href":"https:\/\/amazonyguyane.fr\/wp-json\/wp\/v2\/product"}],"about":[{"href":"https:\/\/amazonyguyane.fr\/wp-json\/wp\/v2\/types\/product"}],"replies":[{"embeddable":true,"href":"https:\/\/amazonyguyane.fr\/wp-json\/wp\/v2\/comments?post=260460"}],"version-history":[{"count":0,"href":"https:\/\/amazonyguyane.fr\/wp-json\/wp\/v2\/product\/260460\/revisions"}],"wp:featuredmedia":[{"embeddable":true,"href":"https:\/\/amazonyguyane.fr\/wp-json\/wp\/v2\/media\/260461"}],"wp:attachment":[{"href":"https:\/\/amazonyguyane.fr\/wp-json\/wp\/v2\/media?parent=260460"}],"wp:term":[{"taxonomy":"product_brand","embeddable":true,"href":"https:\/\/amazonyguyane.fr\/wp-json\/wp\/v2\/product_brand?post=260460"},{"taxonomy":"product_cat","embeddable":true,"href":"https:\/\/amazonyguyane.fr\/wp-json\/wp\/v2\/product_cat?post=260460"},{"taxonomy":"product_tag","embeddable":true,"href":"https:\/\/amazonyguyane.fr\/wp-json\/wp\/v2\/product_tag?post=260460"}],"curies":[{"name":"wp","href":"https:\/\/api.w.org\/{rel}","templated":true}]}}