{"id":262873,"date":"2023-09-28T17:53:46","date_gmt":"2023-09-28T16:53:46","guid":{"rendered":"https:\/\/amazonyguyane.fr\/wuyan-filtres-hepa-et-brosse-a-rouleau-pour-aspirateur-sans-fil-a-usage-domestique-xiaomi-dreame-v8-v9-v9b-v9p-xr-v10-et-v11"},"modified":"2023-09-28T17:53:46","modified_gmt":"2023-09-28T16:53:46","slug":"wuyan-filtres-hepa-et-brosse-a-rouleau-pour-aspirateur-sans-fil-a-usage-domestique-xiaomi-dreame-v8-v9-v9b-v9p-xr-v10-et-v11","status":"publish","type":"product","link":"https:\/\/amazonyguyane.fr\/produit\/wuyan-filtres-hepa-et-brosse-a-rouleau-pour-aspirateur-sans-fil-a-usage-domestique-xiaomi-dreame-v8-v9-v9b-v9p-xr-v10-et-v11\/","title":{"rendered":"WuYan Filtres HEPA et brosse \u00e0 rouleau pour aspirateur sans fil \u00e0 usage domestique Xiaomi Dreame V8, V9, V9B, V9P, XR, V10 et V11"},"content":{"rendered":"<p><!-- show up to 2 reviews by default -->                        <\/p>\n<p> <span>Description du produit&nbsp;:<br \/> \u00c9liminez la poussi\u00e8re, le pollen, les spores de moisissure chez vous en rempla\u00e7ant le filtre de votre aspirateur r\u00e9guli\u00e8rement. Ceci assurera notamment son bon fonctionnement.<br \/> Compatible avec les mod\u00e8les suivants&nbsp;:<br \/> Xiaomi Dreame V8, V9, V9B, V9P, XR, V10 et V11.<br \/> Contenu&nbsp;:<br \/> Filtres HEPA.<br \/> Brosse \u00e0 rouleau.<br \/> Brosse \u00e0 rouleau + 1 filtre HEPA.<br \/><\/span>  <\/p>\n<p><\/p>\n","protected":false},"excerpt":{"rendered":"<p>Description du produit&nbsp;: \u00c9liminez la poussi\u00e8re, le pollen, les spores de moisissure chez vous en rempla\u00e7ant le filtre de votre aspirateur r\u00e9guli\u00e8rement. Ceci assurera notamment son bon fonctionnement. Compatible avec<\/p>\n","protected":false},"featured_media":262874,"comment_status":"","ping_status":"closed","template":"","meta":{"_acf_changed":false},"product_brand":[],"product_cat":[76568],"product_tag":[],"class_list":{"0":"post-262873","1":"product","2":"type-product","3":"status-publish","4":"has-post-thumbnail","6":"product_cat-accessoires-xiaomi","8":"first","9":"instock","10":"taxable","11":"shipping-taxable","12":"purchasable","13":"product-type-simple","14":"add-to-wishlist-after_add_to_cart"},"acf":[],"_links":{"self":[{"href":"https:\/\/amazonyguyane.fr\/wp-json\/wp\/v2\/product\/262873","targetHints":{"allow":["GET"]}}],"collection":[{"href":"https:\/\/amazonyguyane.fr\/wp-json\/wp\/v2\/product"}],"about":[{"href":"https:\/\/amazonyguyane.fr\/wp-json\/wp\/v2\/types\/product"}],"replies":[{"embeddable":true,"href":"https:\/\/amazonyguyane.fr\/wp-json\/wp\/v2\/comments?post=262873"}],"version-history":[{"count":0,"href":"https:\/\/amazonyguyane.fr\/wp-json\/wp\/v2\/product\/262873\/revisions"}],"wp:featuredmedia":[{"embeddable":true,"href":"https:\/\/amazonyguyane.fr\/wp-json\/wp\/v2\/media\/262874"}],"wp:attachment":[{"href":"https:\/\/amazonyguyane.fr\/wp-json\/wp\/v2\/media?parent=262873"}],"wp:term":[{"taxonomy":"product_brand","embeddable":true,"href":"https:\/\/amazonyguyane.fr\/wp-json\/wp\/v2\/product_brand?post=262873"},{"taxonomy":"product_cat","embeddable":true,"href":"https:\/\/amazonyguyane.fr\/wp-json\/wp\/v2\/product_cat?post=262873"},{"taxonomy":"product_tag","embeddable":true,"href":"https:\/\/amazonyguyane.fr\/wp-json\/wp\/v2\/product_tag?post=262873"}],"curies":[{"name":"wp","href":"https:\/\/api.w.org\/{rel}","templated":true}]}}