{"id":265521,"date":"2023-09-28T20:50:46","date_gmt":"2023-09-28T19:50:46","guid":{"rendered":"https:\/\/amazonyguyane.fr\/rxyyos-filet-a-bagages-elastique-40-x-40cm-et-sangle-bagage-elastique-60cm-avec-crochets-pour-velo-moto-fixer-casque-bagage-cartable-sac-filet-transport-noir"},"modified":"2023-09-28T20:50:46","modified_gmt":"2023-09-28T19:50:46","slug":"rxyyos-filet-a-bagages-elastique-40-x-40cm-et-sangle-bagage-elastique-60cm-avec-crochets-pour-velo-moto-fixer-casque-bagage-cartable-sac-filet-transport-noir","status":"publish","type":"product","link":"https:\/\/amazonyguyane.fr\/?product=rxyyos-filet-a-bagages-elastique-40-x-40cm-et-sangle-bagage-elastique-60cm-avec-crochets-pour-velo-moto-fixer-casque-bagage-cartable-sac-filet-transport-noir","title":{"rendered":"RXYYOS Filet \u00e0 Bagages Elastique (40 X 40cm) et Sangle Bagage Elastique 60cm avec Crochets pour V\u00e9lo Moto Fixer Casque Bagage Cartable Sac Filet Transport (Noir)"},"content":{"rendered":"<p><!-- show up to 2 reviews by default -->                        <\/p>\n<p> <span class=\"a-text-bold\">Filet de Bagage:<\/span><span><br \/>Mat\u00e9riel: corde \u00e9lastique premium<br \/>Dimension: env. 40 x 40cm\/16 x 16 pouce<br \/>Couleur: Noir<br \/>Avec 6 crochet<\/p>\n<p><\/span><span class=\"a-text-bold\">Sangle Bagage:<\/span><span><br \/>Mat\u00e9riel: corde \u00e9lastique premium<br \/>Longueur: env. 60cm\/24pouce<br \/>Couleur: Noir<br \/>Avec 2 crochet<\/p>\n<p><\/span><span class=\"a-text-bold\">Caract\u00e9ristiques:<\/span><span><br \/>\u25c6Con\u00e7u pour assurer et couvrir les casques et autres charges<br \/>\u25c6Fabriqu\u00e9 \u00e0 partir de mat\u00e9riaux de qualit\u00e9 \u00e9lev\u00e9e \u00e0 l&#8217;\u00e9lastique<br \/>\u25c6\u00c9tire de fournir suffisamment d&#8217;espace tout en restant suffisamment solide pour maintenir les charges fix\u00e9<br \/>\u25c6Tr\u00e8s pratique pour transporter des objets \u00e0 moto, comme baggage\/ casque\/ ballon\/ cartable ou d&#8217;autres objets.<br \/>\u25c6Disponible pour l&#8217;organisation de petits articles tels que des tasses, des gants, des casquettes tout en conduisant \u00e0 l&#8217;ext\u00e9rieur.<br \/>\u25c6Accessoires parfaits pour les motos, les v\u00e9los, etc.<\/p>\n<p><\/span><span class=\"a-text-bold\">Liste des paquets: <\/span><span><br \/>1 Pieces Filet \u00e0 Bagages Araign\u00e9e Elastique<br \/>1 Pieces Ceinture de Bagages Elastique.<\/p>\n<p><\/span>  <\/p>\n<p><\/p>\n","protected":false},"excerpt":{"rendered":"<p>Filet de Bagage:Mat\u00e9riel: corde \u00e9lastique premiumDimension: env. 40 x 40cm\/16 x 16 pouceCouleur: NoirAvec 6 crochet Sangle Bagage:Mat\u00e9riel: corde \u00e9lastique premiumLongueur: env. 60cm\/24pouceCouleur: NoirAvec 2 crochet Caract\u00e9ristiques:\u25c6Con\u00e7u pour assurer et<\/p>\n","protected":false},"featured_media":265524,"comment_status":"","ping_status":"closed","template":"","meta":{"_acf_changed":false},"product_brand":[],"product_cat":[2889],"product_tag":[],"class_list":{"0":"post-265521","1":"product","2":"type-product","3":"status-publish","4":"has-post-thumbnail","6":"product_cat-pieces-et-accessoires-moto","8":"first","9":"instock","10":"taxable","11":"shipping-taxable","12":"purchasable","13":"product-type-simple","14":"add-to-wishlist-after_add_to_cart"},"acf":[],"_links":{"self":[{"href":"https:\/\/amazonyguyane.fr\/index.php?rest_route=\/wp\/v2\/product\/265521","targetHints":{"allow":["GET"]}}],"collection":[{"href":"https:\/\/amazonyguyane.fr\/index.php?rest_route=\/wp\/v2\/product"}],"about":[{"href":"https:\/\/amazonyguyane.fr\/index.php?rest_route=\/wp\/v2\/types\/product"}],"replies":[{"embeddable":true,"href":"https:\/\/amazonyguyane.fr\/index.php?rest_route=%2Fwp%2Fv2%2Fcomments&post=265521"}],"version-history":[{"count":0,"href":"https:\/\/amazonyguyane.fr\/index.php?rest_route=\/wp\/v2\/product\/265521\/revisions"}],"wp:featuredmedia":[{"embeddable":true,"href":"https:\/\/amazonyguyane.fr\/index.php?rest_route=\/wp\/v2\/media\/265524"}],"wp:attachment":[{"href":"https:\/\/amazonyguyane.fr\/index.php?rest_route=%2Fwp%2Fv2%2Fmedia&parent=265521"}],"wp:term":[{"taxonomy":"product_brand","embeddable":true,"href":"https:\/\/amazonyguyane.fr\/index.php?rest_route=%2Fwp%2Fv2%2Fproduct_brand&post=265521"},{"taxonomy":"product_cat","embeddable":true,"href":"https:\/\/amazonyguyane.fr\/index.php?rest_route=%2Fwp%2Fv2%2Fproduct_cat&post=265521"},{"taxonomy":"product_tag","embeddable":true,"href":"https:\/\/amazonyguyane.fr\/index.php?rest_route=%2Fwp%2Fv2%2Fproduct_tag&post=265521"}],"curies":[{"name":"wp","href":"https:\/\/api.w.org\/{rel}","templated":true}]}}