{"id":265798,"date":"2023-09-28T20:54:43","date_gmt":"2023-09-28T19:54:43","guid":{"rendered":"https:\/\/amazonyguyane.fr\/maso-lot-avec-horloge-et-thermometre-pour-guidon-de-moto-7-8"},"modified":"2023-09-28T20:54:43","modified_gmt":"2023-09-28T19:54:43","slug":"maso-lot-avec-horloge-et-thermometre-pour-guidon-de-moto-7-8","status":"publish","type":"product","link":"https:\/\/amazonyguyane.fr\/produit\/maso-lot-avec-horloge-et-thermometre-pour-guidon-de-moto-7-8\/","title":{"rendered":"Maso Lot avec horloge et thermom\u00e8tre Pour guidon de moto 7\/8"},"content":{"rendered":"<p><!-- show up to 2 reviews by default -->                        <\/p>\n<p><span class=\"a-text-bold\">Description&nbsp;:<\/span><\/p>\n<p><span>Il s&#8217;agit d&#8217;une montre et d&#8217;un thermom\u00e8tre pour moto, compatibles avec la plupart des v\u00e9hicules avec guidon de 7\/8&#8243; (22 mm) et 1&#8243; (25 mm). 2 pi\u00e8ces sont incluses : la montre et le thermom\u00e8tre. Le cadran de l&#8217;horloge est \u00e9tanche, r\u00e9sistant aux chocs et tr\u00e8s durable. Le cadran lumineux permet de bien voir l\u2019heure, m\u00eame la nuit. Il suffit de les monter sur la section droite du guidon avec une vis en acier inoxydable.<\/span><\/p>\n<p><span>Caract\u00e9ristiques&nbsp;:<\/span><\/p>\n<p><span>1. Fabriqu\u00e9 en alliage d&#8217;aluminium, avec rev\u00eatement \u00e9lectrolytique, r\u00e9sistant \u00e0 la corrosion et brillant.<\/span><\/p>\n<p><span>2. Le cadran de l&#8217;horloge est \u00e9tanche, r\u00e9sistant aux chocs et tr\u00e8s durable.<\/span><\/p>\n<p><span>3. Le cadran lumineux permet de bien voir l\u2019heure, m\u00eame la nuit.<\/span><\/p>\n<p><span>4. Se monte sur la section droite du guidon avec une vis en acier inoxydable.<\/span><\/p>\n<p><span>Caract\u00e9ristiques&nbsp;:<\/span><\/p>\n<p><span>Mat\u00e9riau : alliage d&#8217;aluminium et rev\u00eatement \u00e9lectrolytique.<\/span><\/p>\n<p><span>Coloris&nbsp;: cadran noir, plaqu\u00e9 chrome.<\/span><\/p>\n<p><span>Dimensions de l&#8217;horloge et du thermom\u00e8tre (diam\u00e8tre x hauteur) : 4,6 x 3 cm.<\/span><\/p>\n<p><span>Dimensions de l\u2019anneau fendu : 2,5&nbsp;cm.<\/span><\/p>\n<p><span>Poids du colis&nbsp;: environ 180&nbsp;g.<\/span><\/p>\n<p><span>Compatibilit\u00e9 : Pour guidon 7\/8&#8243; (22 mm) ou 1&#8243; (25 mm).<\/span><\/p>\n<p><span>Contenu&nbsp;:<\/span><\/p>\n<p><span>1 horloge.<\/span><\/p>\n<p><span>1&nbsp;thermom\u00e8tre.<\/span><\/p>\n<p><span>2 supports en caoutchouc antid\u00e9rapant.<\/span><\/p>\n<p><span>2 cl\u00e9s Allen.<\/span><\/p>\n<\/p>\n<p><\/p>\n","protected":false},"excerpt":{"rendered":"<p>Description&nbsp;: Il s&#8217;agit d&#8217;une montre et d&#8217;un thermom\u00e8tre pour moto, compatibles avec la plupart des v\u00e9hicules avec guidon de 7\/8&#8243; (22 mm) et 1&#8243; (25 mm). 2 pi\u00e8ces sont incluses<\/p>\n","protected":false},"featured_media":265801,"comment_status":"","ping_status":"closed","template":"","meta":{"_acf_changed":false},"product_brand":[],"product_cat":[2889],"product_tag":[],"class_list":{"0":"post-265798","1":"product","2":"type-product","3":"status-publish","4":"has-post-thumbnail","6":"product_cat-pieces-et-accessoires-moto","8":"first","9":"instock","10":"taxable","11":"shipping-taxable","12":"purchasable","13":"product-type-simple","14":"add-to-wishlist-after_add_to_cart"},"acf":[],"_links":{"self":[{"href":"https:\/\/amazonyguyane.fr\/wp-json\/wp\/v2\/product\/265798","targetHints":{"allow":["GET"]}}],"collection":[{"href":"https:\/\/amazonyguyane.fr\/wp-json\/wp\/v2\/product"}],"about":[{"href":"https:\/\/amazonyguyane.fr\/wp-json\/wp\/v2\/types\/product"}],"replies":[{"embeddable":true,"href":"https:\/\/amazonyguyane.fr\/wp-json\/wp\/v2\/comments?post=265798"}],"version-history":[{"count":0,"href":"https:\/\/amazonyguyane.fr\/wp-json\/wp\/v2\/product\/265798\/revisions"}],"wp:featuredmedia":[{"embeddable":true,"href":"https:\/\/amazonyguyane.fr\/wp-json\/wp\/v2\/media\/265801"}],"wp:attachment":[{"href":"https:\/\/amazonyguyane.fr\/wp-json\/wp\/v2\/media?parent=265798"}],"wp:term":[{"taxonomy":"product_brand","embeddable":true,"href":"https:\/\/amazonyguyane.fr\/wp-json\/wp\/v2\/product_brand?post=265798"},{"taxonomy":"product_cat","embeddable":true,"href":"https:\/\/amazonyguyane.fr\/wp-json\/wp\/v2\/product_cat?post=265798"},{"taxonomy":"product_tag","embeddable":true,"href":"https:\/\/amazonyguyane.fr\/wp-json\/wp\/v2\/product_tag?post=265798"}],"curies":[{"name":"wp","href":"https:\/\/api.w.org\/{rel}","templated":true}]}}