{"id":266231,"date":"2023-09-28T21:01:11","date_gmt":"2023-09-28T20:01:11","guid":{"rendered":"https:\/\/amazonyguyane.fr\/12-pieces-vis-de-casque-moto-vis-de-visiere-de-casque-de-moto-vis-pour-visiere-de-casque-accessoires-pour-casque-de-moto-noir"},"modified":"2023-09-28T21:01:11","modified_gmt":"2023-09-28T20:01:11","slug":"12-pieces-vis-de-casque-moto-vis-de-visiere-de-casque-de-moto-vis-pour-visiere-de-casque-accessoires-pour-casque-de-moto-noir","status":"publish","type":"product","link":"https:\/\/amazonyguyane.fr\/produit\/12-pieces-vis-de-casque-moto-vis-de-visiere-de-casque-de-moto-vis-pour-visiere-de-casque-accessoires-pour-casque-de-moto-noir\/","title":{"rendered":"12 Pi\u00e8ces\u00a0Vis de Casque Moto, Vis de Visi\u00e8re de Casque de Moto\u00a0Vis pour Visi\u00e8re de Casque Accessoires pour Casque de Moto\u00a0(Noir)"},"content":{"rendered":"<p><!-- show up to 2 reviews by default -->                        <\/p>\n<p> <span class=\"a-text-bold\">Sp\u00e9cification&nbsp;:<\/span><span><br \/> Couleur&nbsp;:&nbsp;noir<br \/> Mat\u00e9riau&nbsp;:&nbsp;plastique&nbsp;<br \/> Taille du produit&nbsp;:&nbsp;Longueur&nbsp;: 2,2&nbsp;cm&nbsp;; Diam\u00e8tre&nbsp;: 1,6&nbsp;cm&nbsp;<\/p>\n<p> <\/span><span class=\"a-text-bold\">D\u00e9tails du forfait&nbsp;:<\/span><span><br \/> 12&nbsp;vis pour casque de moto&nbsp;<br \/> 12 rondelles<\/p>\n<p> <\/span><span class=\"a-text-bold\">Remarque&nbsp;:<\/span><span><br \/> En raison de la mesure manuelle, la taille et le poids peuvent avoir une certaine erreur.<br \/> En raison de la diff\u00e9rence entre les moniteurs, il peut y avoir une l\u00e9g\u00e8re diff\u00e9rence de couleur.<br \/><\/span>  <\/p>\n<p><\/p>\n","protected":false},"excerpt":{"rendered":"<p>Sp\u00e9cification&nbsp;: Couleur&nbsp;:&nbsp;noir Mat\u00e9riau&nbsp;:&nbsp;plastique&nbsp; Taille du produit&nbsp;:&nbsp;Longueur&nbsp;: 2,2&nbsp;cm&nbsp;; Diam\u00e8tre&nbsp;: 1,6&nbsp;cm&nbsp; D\u00e9tails du forfait&nbsp;: 12&nbsp;vis pour casque de moto&nbsp; 12 rondelles Remarque&nbsp;: En raison de la mesure manuelle, la taille et le<\/p>\n","protected":false},"featured_media":266233,"comment_status":"","ping_status":"closed","template":"","meta":{"_acf_changed":false},"product_brand":[],"product_cat":[2889],"product_tag":[],"class_list":{"0":"post-266231","1":"product","2":"type-product","3":"status-publish","4":"has-post-thumbnail","6":"product_cat-pieces-et-accessoires-moto","8":"first","9":"outofstock","10":"taxable","11":"shipping-taxable","12":"purchasable","13":"product-type-simple","14":"add-to-wishlist-after_add_to_cart"},"acf":[],"_links":{"self":[{"href":"https:\/\/amazonyguyane.fr\/wp-json\/wp\/v2\/product\/266231","targetHints":{"allow":["GET"]}}],"collection":[{"href":"https:\/\/amazonyguyane.fr\/wp-json\/wp\/v2\/product"}],"about":[{"href":"https:\/\/amazonyguyane.fr\/wp-json\/wp\/v2\/types\/product"}],"replies":[{"embeddable":true,"href":"https:\/\/amazonyguyane.fr\/wp-json\/wp\/v2\/comments?post=266231"}],"version-history":[{"count":0,"href":"https:\/\/amazonyguyane.fr\/wp-json\/wp\/v2\/product\/266231\/revisions"}],"wp:featuredmedia":[{"embeddable":true,"href":"https:\/\/amazonyguyane.fr\/wp-json\/wp\/v2\/media\/266233"}],"wp:attachment":[{"href":"https:\/\/amazonyguyane.fr\/wp-json\/wp\/v2\/media?parent=266231"}],"wp:term":[{"taxonomy":"product_brand","embeddable":true,"href":"https:\/\/amazonyguyane.fr\/wp-json\/wp\/v2\/product_brand?post=266231"},{"taxonomy":"product_cat","embeddable":true,"href":"https:\/\/amazonyguyane.fr\/wp-json\/wp\/v2\/product_cat?post=266231"},{"taxonomy":"product_tag","embeddable":true,"href":"https:\/\/amazonyguyane.fr\/wp-json\/wp\/v2\/product_tag?post=266231"}],"curies":[{"name":"wp","href":"https:\/\/api.w.org\/{rel}","templated":true}]}}