{"id":266241,"date":"2023-09-28T21:01:19","date_gmt":"2023-09-28T20:01:19","guid":{"rendered":"https:\/\/amazonyguyane.fr\/arashi-plaquettes-de-frein-avant-pour-rieju-tango-50-2007-2012-mrt-pro-50-2009-2015-supermotard-09-15-marathon-pro-supermotard-125-2009-2015-accessoires-pieces-moto"},"modified":"2023-09-28T21:01:19","modified_gmt":"2023-09-28T20:01:19","slug":"arashi-plaquettes-de-frein-avant-pour-rieju-tango-50-2007-2012-mrt-pro-50-2009-2015-supermotard-09-15-marathon-pro-supermotard-125-2009-2015-accessoires-pieces-moto","status":"publish","type":"product","link":"https:\/\/amazonyguyane.fr\/?product=arashi-plaquettes-de-frein-avant-pour-rieju-tango-50-2007-2012-mrt-pro-50-2009-2015-supermotard-09-15-marathon-pro-supermotard-125-2009-2015-accessoires-pieces-moto","title":{"rendered":"Arashi Plaquettes de frein avant pour RIEJU Tango 50 2007-2012\/ MRT Pro 50 2009-2015 Supermotard 09-15\/ Marathon Pro Supermotard 125 2009-2015 Accessoires Pi\u00e8ces Moto"},"content":{"rendered":"<p><!-- show up to 2 reviews by default -->                        <\/p>\n<p> <span><br \/> <\/span><span class=\"a-text-bold\"> *****Bienvenue dans la boutique officielle Arashi***** <\/span><span><\/p>\n<p> <\/span><span class=\"a-text-bold\">Caract\u00e9ristique\uff1a<\/span><span><br \/>Les plaquettes de frein de moto de remplacement Arashi Organic de qualit\u00e9 OE sont fabriqu\u00e9es \u00e0 l&#8217;aide de compos\u00e9s de plaquettes de frein \u00e9cologiques de haute technologie qui offrent une puissance de freinage du bout des doigts. <br \/> 100% tout neuf. Bonne dissipation de la chaleur et respectueux de l&#8217;environnement.<br \/>Plaquette de frein de streetbike de haute qualit\u00e9, peut \u00eatre utilis\u00e9e pour remplacer organique ou fritt\u00e9.<br \/>B\u00e9n\u00e9ficiez de la r\u00e9duction des dommages aux disques de frein.<br \/>Puissance d&#8217;arr\u00eat du bout des doigts, bon choix pour les cyclistes rapides.<br \/>Couleur: comme le montre l&#8217;image.<\/p>\n<p> <\/span><span class=\"a-text-bold\">Le forfait comprend:1 paire (2 plaquettes) X Plaquettes de frein avant<\/span><span><br \/>Instructions d&#8217;installation non incluses. <br \/> N&#8217;h\u00e9sitez pas \u00e0 nous contacter si vous avez des questions. Nous ferons de notre mieux pour vous aider.<\/p>\n<p> <\/span><span class=\"a-text-bold\">Pour RIEJU:<\/span><span><br \/>Tango 50(2n) 2007-2012 <br \/>MRT-Pro 50 (Radial\/double piston caliper) 2009-2015 <br \/>MRT Pro Supermotard (Radial caliper\/cast wheel) 2009-2015 <br \/>Marathon Pro Supermotard 125 (Cast wheel\/radial caliper) 2009-2015 <br \/>Marathon Pro 125 (Radial\/double piston caliper) 2009-2015 <br \/>RS3 NKD 50 2012-2015 <br \/>SMX 125 2007-2008 <br \/>Tango 125 2006-2010 <br \/>Tango 125 Motard (Cast wheel) 2008-2010 <br \/>Tango Pro 125 2007-2010 <br \/>RS3 NKD 125 2011-2015 <br \/>Marathon 200 Pro SM 2011-2015 <br \/>Tango 250 2008-2011<\/span>  <\/p>\n<p><\/p>\n","protected":false},"excerpt":{"rendered":"<p>*****Bienvenue dans la boutique officielle Arashi***** Caract\u00e9ristique\uff1aLes plaquettes de frein de moto de remplacement Arashi Organic de qualit\u00e9 OE sont fabriqu\u00e9es \u00e0 l&#8217;aide de compos\u00e9s de plaquettes de frein \u00e9cologiques<\/p>\n","protected":false},"featured_media":266242,"comment_status":"","ping_status":"closed","template":"","meta":{"_acf_changed":false},"product_brand":[],"product_cat":[2889],"product_tag":[],"class_list":{"0":"post-266241","1":"product","2":"type-product","3":"status-publish","4":"has-post-thumbnail","6":"product_cat-pieces-et-accessoires-moto","8":"first","9":"instock","10":"taxable","11":"shipping-taxable","12":"purchasable","13":"product-type-simple","14":"add-to-wishlist-after_add_to_cart"},"acf":[],"_links":{"self":[{"href":"https:\/\/amazonyguyane.fr\/index.php?rest_route=\/wp\/v2\/product\/266241","targetHints":{"allow":["GET"]}}],"collection":[{"href":"https:\/\/amazonyguyane.fr\/index.php?rest_route=\/wp\/v2\/product"}],"about":[{"href":"https:\/\/amazonyguyane.fr\/index.php?rest_route=\/wp\/v2\/types\/product"}],"replies":[{"embeddable":true,"href":"https:\/\/amazonyguyane.fr\/index.php?rest_route=%2Fwp%2Fv2%2Fcomments&post=266241"}],"version-history":[{"count":0,"href":"https:\/\/amazonyguyane.fr\/index.php?rest_route=\/wp\/v2\/product\/266241\/revisions"}],"wp:featuredmedia":[{"embeddable":true,"href":"https:\/\/amazonyguyane.fr\/index.php?rest_route=\/wp\/v2\/media\/266242"}],"wp:attachment":[{"href":"https:\/\/amazonyguyane.fr\/index.php?rest_route=%2Fwp%2Fv2%2Fmedia&parent=266241"}],"wp:term":[{"taxonomy":"product_brand","embeddable":true,"href":"https:\/\/amazonyguyane.fr\/index.php?rest_route=%2Fwp%2Fv2%2Fproduct_brand&post=266241"},{"taxonomy":"product_cat","embeddable":true,"href":"https:\/\/amazonyguyane.fr\/index.php?rest_route=%2Fwp%2Fv2%2Fproduct_cat&post=266241"},{"taxonomy":"product_tag","embeddable":true,"href":"https:\/\/amazonyguyane.fr\/index.php?rest_route=%2Fwp%2Fv2%2Fproduct_tag&post=266241"}],"curies":[{"name":"wp","href":"https:\/\/api.w.org\/{rel}","templated":true}]}}