{"id":266751,"date":"2023-09-28T21:12:37","date_gmt":"2023-09-28T20:12:37","guid":{"rendered":"https:\/\/amazonyguyane.fr\/ise-3x3m-tonnelle-de-jardin-tente-reception-pavillon-aluminium-pliablerobuste-avec-4-parois-laterales-pour-jardinfetecampingfestivalbiere-uv50-gris"},"modified":"2023-09-28T21:12:37","modified_gmt":"2023-09-28T20:12:37","slug":"ise-3x3m-tonnelle-de-jardin-tente-reception-pavillon-aluminium-pliablerobuste-avec-4-parois-laterales-pour-jardinfetecampingfestivalbiere-uv50-gris","status":"publish","type":"product","link":"https:\/\/amazonyguyane.fr\/produit\/ise-3x3m-tonnelle-de-jardin-tente-reception-pavillon-aluminium-pliablerobuste-avec-4-parois-laterales-pour-jardinfetecampingfestivalbiere-uv50-gris\/","title":{"rendered":"ISE 3x3m Tonnelle de Jardin Tente R\u00e9ception Pavillon Aluminium Pliable,Robuste, avec 4 Parois Lat\u00e9rales pour Jardin,F\u00eate,Camping,Festival,Bi\u00e8re &#8211; UV50+ (Gris)"},"content":{"rendered":"","protected":false},"excerpt":{"rendered":"","protected":false},"featured_media":266755,"comment_status":"","ping_status":"closed","template":"","meta":{"_acf_changed":false},"product_brand":[],"product_cat":[71694],"product_tag":[],"class_list":{"0":"post-266751","1":"product","2":"type-product","3":"status-publish","4":"has-post-thumbnail","6":"product_cat-ventes-flash","8":"first","9":"instock","10":"taxable","11":"shipping-taxable","12":"purchasable","13":"product-type-simple","14":"add-to-wishlist-after_add_to_cart"},"acf":[],"_links":{"self":[{"href":"https:\/\/amazonyguyane.fr\/wp-json\/wp\/v2\/product\/266751","targetHints":{"allow":["GET"]}}],"collection":[{"href":"https:\/\/amazonyguyane.fr\/wp-json\/wp\/v2\/product"}],"about":[{"href":"https:\/\/amazonyguyane.fr\/wp-json\/wp\/v2\/types\/product"}],"replies":[{"embeddable":true,"href":"https:\/\/amazonyguyane.fr\/wp-json\/wp\/v2\/comments?post=266751"}],"version-history":[{"count":0,"href":"https:\/\/amazonyguyane.fr\/wp-json\/wp\/v2\/product\/266751\/revisions"}],"wp:featuredmedia":[{"embeddable":true,"href":"https:\/\/amazonyguyane.fr\/wp-json\/wp\/v2\/media\/266755"}],"wp:attachment":[{"href":"https:\/\/amazonyguyane.fr\/wp-json\/wp\/v2\/media?parent=266751"}],"wp:term":[{"taxonomy":"product_brand","embeddable":true,"href":"https:\/\/amazonyguyane.fr\/wp-json\/wp\/v2\/product_brand?post=266751"},{"taxonomy":"product_cat","embeddable":true,"href":"https:\/\/amazonyguyane.fr\/wp-json\/wp\/v2\/product_cat?post=266751"},{"taxonomy":"product_tag","embeddable":true,"href":"https:\/\/amazonyguyane.fr\/wp-json\/wp\/v2\/product_tag?post=266751"}],"curies":[{"name":"wp","href":"https:\/\/api.w.org\/{rel}","templated":true}]}}