{"id":268307,"date":"2023-09-28T21:52:40","date_gmt":"2023-09-28T20:52:40","guid":{"rendered":"https:\/\/amazonyguyane.fr\/genericbroche-rouge-coquelicot-fait-a-la-main-bijoux-crochet-cadeau-pour-elle-pour-lui-broche-fleur-nature"},"modified":"2023-09-28T21:52:40","modified_gmt":"2023-09-28T20:52:40","slug":"genericbroche-rouge-coquelicot-fait-a-la-main-bijoux-crochet-cadeau-pour-elle-pour-lui-broche-fleur-nature","status":"publish","type":"product","link":"https:\/\/amazonyguyane.fr\/produit\/genericbroche-rouge-coquelicot-fait-a-la-main-bijoux-crochet-cadeau-pour-elle-pour-lui-broche-fleur-nature\/","title":{"rendered":"GenericBroche rouge coquelicot fait \u00e0 la main bijoux crochet cadeau pour elle pour lui broche fleur nature"},"content":{"rendered":"<p><!-- show up to 2 reviews by default -->                        <\/p>\n<p> <span>Broche au crochet flambant neuf. Fait \u00e0 la main avec passion et soin des d\u00e9tails. <\/p>\n<p> Les coquelicots sont faits \u00e0 la main afin qu&#8217;ils puissent \u00eatre l\u00e9g\u00e8rement diff\u00e9rents les uns des autres. <\/p>\n<p> Mat\u00e9riau: fil de coton, argent\u00e9 Broche Arri\u00e8re Barres Barres Trous de s\u00e9curit\u00e9 25mm (sans nickel). Le coquelicot au crochet a \u00e9t\u00e9 solidement attach\u00e9 \u00e0 la base. <\/p>\n<p> L&#8217;article est pr\u00eat \u00e0 \u00eatre exp\u00e9di\u00e9 et il sera soigneusement emball\u00e9 avec un sac cadeau et l&#8217;\u00e9tiquette officielle. Nous sommes \u00e9galement heureux d&#8217;inclure un message dans le paquet si vous souhaitez en faire un cadeau sp\u00e9cial. <\/p>\n<p> Convient pour les femmes et les hommes. Id\u00e9al pour un cadeau unique pour elle, pour lui, petit ami ou petite amie. <\/p>\n<p> Conception simple et pratique, facile \u00e0 utiliser. <\/p>\n<p> Tous les articles sont fabriqu\u00e9s \u00e0 la main \u00e0 Oxford, Royaume-Uni ou Scicli, Italie par Le Muse di Scicli.<\/span>  <\/p>\n<p>Code UNSPSC  :  54100000 (Bijouterie) Signaler un code incorrect              Dimensions du colis                                     \u200f                                          :                                     \u200e  14,5 x 12 x 1 cm; 10 grammes          Date de mise en ligne sur Amazon.fr                                     \u200f                                          :                                     \u200e  23 mai 2017                                  ASIN                                     \u200f                                          :                                     \u200e  B01NA75UP7          Pays d&#8217;origine                                     \u200f                                          :                                     \u200e  Italie          Service                                     \u200f                                          :                                     \u200e  Unisexe-Adulte<\/p>\n","protected":false},"excerpt":{"rendered":"<p>Broche au crochet flambant neuf. Fait \u00e0 la main avec passion et soin des d\u00e9tails. Les coquelicots sont faits \u00e0 la main afin qu&#8217;ils puissent \u00eatre l\u00e9g\u00e8rement diff\u00e9rents les uns<\/p>\n","protected":false},"featured_media":268308,"comment_status":"","ping_status":"closed","template":"","meta":{"_acf_changed":false},"product_brand":[],"product_cat":[71781],"product_tag":[],"class_list":{"0":"post-268307","1":"product","2":"type-product","3":"status-publish","4":"has-post-thumbnail","6":"product_cat-bijoux-faits-main","8":"first","9":"instock","10":"taxable","11":"shipping-taxable","12":"purchasable","13":"product-type-simple","14":"add-to-wishlist-after_add_to_cart"},"acf":[],"_links":{"self":[{"href":"https:\/\/amazonyguyane.fr\/wp-json\/wp\/v2\/product\/268307","targetHints":{"allow":["GET"]}}],"collection":[{"href":"https:\/\/amazonyguyane.fr\/wp-json\/wp\/v2\/product"}],"about":[{"href":"https:\/\/amazonyguyane.fr\/wp-json\/wp\/v2\/types\/product"}],"replies":[{"embeddable":true,"href":"https:\/\/amazonyguyane.fr\/wp-json\/wp\/v2\/comments?post=268307"}],"version-history":[{"count":0,"href":"https:\/\/amazonyguyane.fr\/wp-json\/wp\/v2\/product\/268307\/revisions"}],"wp:featuredmedia":[{"embeddable":true,"href":"https:\/\/amazonyguyane.fr\/wp-json\/wp\/v2\/media\/268308"}],"wp:attachment":[{"href":"https:\/\/amazonyguyane.fr\/wp-json\/wp\/v2\/media?parent=268307"}],"wp:term":[{"taxonomy":"product_brand","embeddable":true,"href":"https:\/\/amazonyguyane.fr\/wp-json\/wp\/v2\/product_brand?post=268307"},{"taxonomy":"product_cat","embeddable":true,"href":"https:\/\/amazonyguyane.fr\/wp-json\/wp\/v2\/product_cat?post=268307"},{"taxonomy":"product_tag","embeddable":true,"href":"https:\/\/amazonyguyane.fr\/wp-json\/wp\/v2\/product_tag?post=268307"}],"curies":[{"name":"wp","href":"https:\/\/api.w.org\/{rel}","templated":true}]}}