{"id":271766,"date":"2023-09-29T20:31:18","date_gmt":"2023-09-29T19:31:18","guid":{"rendered":"https:\/\/amazonyguyane.fr\/160-boutons-ronds-en-resine-a-4-trous-noir-et-blanc-avec-boite-de-rangement-pour-vetements-artisanat-scrapbooking-et-decoration-10-mm-115-mm-125-mm-18-mm-20-mm-23-mm"},"modified":"2023-09-29T20:31:18","modified_gmt":"2023-09-29T19:31:18","slug":"160-boutons-ronds-en-resine-a-4-trous-noir-et-blanc-avec-boite-de-rangement-pour-vetements-artisanat-scrapbooking-et-decoration-10-mm-115-mm-125-mm-18-mm-20-mm-23-mm","status":"publish","type":"product","link":"https:\/\/amazonyguyane.fr\/produit\/160-boutons-ronds-en-resine-a-4-trous-noir-et-blanc-avec-boite-de-rangement-pour-vetements-artisanat-scrapbooking-et-decoration-10-mm-115-mm-125-mm-18-mm-20-mm-23-mm\/","title":{"rendered":"160 boutons ronds en r\u00e9sine \u00e0 4 trous &#8211; Noir et blanc &#8211; Avec bo\u00eete de rangement pour v\u00eatements, artisanat, scrapbooking et d\u00e9coration, 10 mm, 11,5 mm, 12,5 mm, 18 mm, 20 mm, 23 mm"},"content":{"rendered":"<li class=\"a-spacing-mini\"><span class=\"a-list-item\"> Correspondance parfaite\uff1a5 tailles de boutons ronds noirs et blancs m\u00e9lang\u00e9s, il y a cinq tailles de 10mm, 11,5mm, 12,5mm, 18mm, 20mm et 23mm, diff\u00e9rentes tailles peuvent correspondre \u00e0 vos diff\u00e9rentes boules de broderie, vous pouvez choisir le bon bouton d&#8217;artisanat \u00e9cologique \u00e0 4 trous en fonction de vos besoins.  <\/span><\/li>\n<li class=\"a-spacing-mini\"><span class=\"a-list-item\"> Haute qualit\u00e9 : Ces boutons \u00e0 4 trous mixtes noirs et blancs sont fabriqu\u00e9s en r\u00e9sine de bonne qualit\u00e9. La surface est lisse, imperm\u00e9able et durable et ne se d\u00e9colore pas. Ils peuvent \u00eatre fix\u00e9s avec de la colle, du ruban adh\u00e9sif, du fil, du ruban, etc. Les boutons de couture en r\u00e9sine m\u00e9lang\u00e9e noire r\u00e9sistent bien \u00e0 l&#8217;usure et aux temp\u00e9ratures \u00e9lev\u00e9es. Vous pouvez les laver et les repasser dans la machine \u00e0 laver ou le s\u00e8che-linge sans souci.  <\/span><\/li>\n<li class=\"a-spacing-mini\"><span class=\"a-list-item\"> Bo\u00eete de rangement pratique\uff1aCes boutons de couture mixtes noirs et blancs sont emball\u00e9s dans une bo\u00eete en plastique transparente. Cela permet de les ranger facilement sans craindre de les perdre. Il y a des compartiments entre chaque taille et chaque couleur, de sorte que vous pouvez facilement stocker et sortir des boutons de couture ronds noirs \u00e0 4 trous \u00e0 tout moment sans les m\u00e9langer.  <\/span><\/li>\n<li class=\"a-spacing-mini\"><span class=\"a-list-item\"> Large \u00e9ventail d&#8217;utilisations : Les diff\u00e9rentes tailles de boutons de couture mixtes conviennent pour remplacer les boutons manquants sur les manteaux et divers v\u00eatements. Les boutons noirs et blancs conviennent \u00e0 la couture de toutes sortes de v\u00eatements, \u00e0 la couture de housses de coussins, aux projets d&#8217;artisanat, aux jeux de tri et aux jeux de soci\u00e9t\u00e9, etc.  <\/span><\/li>\n<p><\/p>\n","protected":false},"excerpt":{"rendered":"<p>Correspondance parfaite\uff1a5 tailles de boutons ronds noirs et blancs m\u00e9lang\u00e9s, il y a cinq tailles de 10mm, 11,5mm, 12,5mm, 18mm, 20mm et 23mm, diff\u00e9rentes tailles peuvent correspondre \u00e0 vos diff\u00e9rentes<\/p>\n","protected":false},"featured_media":271767,"comment_status":"","ping_status":"closed","template":"","meta":{"_acf_changed":false},"product_brand":[],"product_cat":[71780],"product_tag":[],"class_list":{"0":"post-271766","1":"product","2":"type-product","3":"status-publish","4":"has-post-thumbnail","6":"product_cat-mercerie","8":"first","9":"outofstock","10":"taxable","11":"shipping-taxable","12":"purchasable","13":"product-type-simple","14":"add-to-wishlist-after_add_to_cart"},"acf":[],"_links":{"self":[{"href":"https:\/\/amazonyguyane.fr\/wp-json\/wp\/v2\/product\/271766","targetHints":{"allow":["GET"]}}],"collection":[{"href":"https:\/\/amazonyguyane.fr\/wp-json\/wp\/v2\/product"}],"about":[{"href":"https:\/\/amazonyguyane.fr\/wp-json\/wp\/v2\/types\/product"}],"replies":[{"embeddable":true,"href":"https:\/\/amazonyguyane.fr\/wp-json\/wp\/v2\/comments?post=271766"}],"version-history":[{"count":0,"href":"https:\/\/amazonyguyane.fr\/wp-json\/wp\/v2\/product\/271766\/revisions"}],"wp:featuredmedia":[{"embeddable":true,"href":"https:\/\/amazonyguyane.fr\/wp-json\/wp\/v2\/media\/271767"}],"wp:attachment":[{"href":"https:\/\/amazonyguyane.fr\/wp-json\/wp\/v2\/media?parent=271766"}],"wp:term":[{"taxonomy":"product_brand","embeddable":true,"href":"https:\/\/amazonyguyane.fr\/wp-json\/wp\/v2\/product_brand?post=271766"},{"taxonomy":"product_cat","embeddable":true,"href":"https:\/\/amazonyguyane.fr\/wp-json\/wp\/v2\/product_cat?post=271766"},{"taxonomy":"product_tag","embeddable":true,"href":"https:\/\/amazonyguyane.fr\/wp-json\/wp\/v2\/product_tag?post=271766"}],"curies":[{"name":"wp","href":"https:\/\/api.w.org\/{rel}","templated":true}]}}