{"id":272213,"date":"2023-09-29T20:44:24","date_gmt":"2023-09-29T19:44:24","guid":{"rendered":"https:\/\/amazonyguyane.fr\/siemens-etanche-double-prise-2pt-gris-2"},"modified":"2023-09-29T20:44:24","modified_gmt":"2023-09-29T19:44:24","slug":"siemens-etanche-double-prise-2pt-gris-2","status":"publish","type":"product","link":"https:\/\/amazonyguyane.fr\/produit\/siemens-etanche-double-prise-2pt-gris-2\/","title":{"rendered":"SIEMENS &#8211; \u00c9tanche Double Prise 2P+T gris"},"content":{"rendered":"<p><!-- show up to 2 reviews by default -->                        <\/p>\n<p> <span>\u00c9tanche Double Prise 2P+T gris SIEMENS La gamme \u00c9tanche Siemens assure une protection contre les poussi\u00e8res et les projections d\u2019eau venant de n\u2019importe quelle direction gr\u00e2ce \u00e0 son indice de protection IP 54. Garantie 2 ans.<\/span>  <\/p>\n<p>Code UNSPSC  :  39121402 (Prises \u00e9lectriques) Signaler un code incorrect              Date de mise en ligne sur Amazon.fr                                     \u200f                                          :                                     \u200e  30 juin 2016                                  Fabricant                                     \u200f                                          :                                     \u200e  SIEMENS Ingenuity for life          ASIN                                     \u200f                                          :                                     \u200e  B07RF87LK4          Num\u00e9ro du mod\u00e8le de l&#8217;article                                     \u200f                                          :                                     \u200e  885091          Disponibilit\u00e9 des pi\u00e8ces d\u00e9tach\u00e9es                                     \u200f                                          :                                     \u200e  Information indisponible sur les pi\u00e8ces d\u00e9tach\u00e9es<\/p>\n","protected":false},"excerpt":{"rendered":"<p>\u00c9tanche Double Prise 2P+T gris SIEMENS La gamme \u00c9tanche Siemens assure une protection contre les poussi\u00e8res et les projections d\u2019eau venant de n\u2019importe quelle direction gr\u00e2ce \u00e0 son indice de<\/p>\n","protected":false},"featured_media":272217,"comment_status":"","ping_status":"closed","template":"","meta":{"_acf_changed":false},"product_brand":[],"product_cat":[2999],"product_tag":[],"class_list":{"0":"post-272213","1":"product","2":"type-product","3":"status-publish","4":"has-post-thumbnail","6":"product_cat-electricite","8":"first","9":"instock","10":"taxable","11":"shipping-taxable","12":"purchasable","13":"product-type-simple","14":"add-to-wishlist-after_add_to_cart"},"acf":[],"_links":{"self":[{"href":"https:\/\/amazonyguyane.fr\/wp-json\/wp\/v2\/product\/272213","targetHints":{"allow":["GET"]}}],"collection":[{"href":"https:\/\/amazonyguyane.fr\/wp-json\/wp\/v2\/product"}],"about":[{"href":"https:\/\/amazonyguyane.fr\/wp-json\/wp\/v2\/types\/product"}],"replies":[{"embeddable":true,"href":"https:\/\/amazonyguyane.fr\/wp-json\/wp\/v2\/comments?post=272213"}],"version-history":[{"count":0,"href":"https:\/\/amazonyguyane.fr\/wp-json\/wp\/v2\/product\/272213\/revisions"}],"wp:featuredmedia":[{"embeddable":true,"href":"https:\/\/amazonyguyane.fr\/wp-json\/wp\/v2\/media\/272217"}],"wp:attachment":[{"href":"https:\/\/amazonyguyane.fr\/wp-json\/wp\/v2\/media?parent=272213"}],"wp:term":[{"taxonomy":"product_brand","embeddable":true,"href":"https:\/\/amazonyguyane.fr\/wp-json\/wp\/v2\/product_brand?post=272213"},{"taxonomy":"product_cat","embeddable":true,"href":"https:\/\/amazonyguyane.fr\/wp-json\/wp\/v2\/product_cat?post=272213"},{"taxonomy":"product_tag","embeddable":true,"href":"https:\/\/amazonyguyane.fr\/wp-json\/wp\/v2\/product_tag?post=272213"}],"curies":[{"name":"wp","href":"https:\/\/api.w.org\/{rel}","templated":true}]}}