{"id":272570,"date":"2023-09-29T20:48:43","date_gmt":"2023-09-29T19:48:43","guid":{"rendered":"https:\/\/amazonyguyane.fr\/bside-testeur-de-tension-sans-contact-stylo-multimetre-intelligent-12v-1000v-ncv-avec-sensibilite-reglable-testeur-multifonction-de-fil-electrique-testeur-de-continuite-avec-bip-et-lampe-de-poche-2"},"modified":"2023-09-29T20:48:43","modified_gmt":"2023-09-29T19:48:43","slug":"bside-testeur-de-tension-sans-contact-stylo-multimetre-intelligent-12v-1000v-ncv-avec-sensibilite-reglable-testeur-multifonction-de-fil-electrique-testeur-de-continuite-avec-bip-et-lampe-de-poche-2","status":"publish","type":"product","link":"https:\/\/amazonyguyane.fr\/?product=bside-testeur-de-tension-sans-contact-stylo-multimetre-intelligent-12v-1000v-ncv-avec-sensibilite-reglable-testeur-multifonction-de-fil-electrique-testeur-de-continuite-avec-bip-et-lampe-de-poche-2","title":{"rendered":"BSIDE Testeur de tension Sans Contact Stylo Multim\u00e8tre Intelligent 12V-1000V NCV avec Sensibilit\u00e9 R\u00e9glable Testeur Multifonction de Fil \u00c9lectrique Testeur de Continuit\u00e9 avec Bip et Lampe de Poche"},"content":{"rendered":"<p><!-- show up to 2 reviews by default -->                        <\/p>\n<p> <span class=\"a-text-bold\">Vous recherchez un multim\u00e8tre type stylo facile \u00e0 utiliser et \u00e9conomique?<\/span><span><br \/> Notre stylo testeur \u00e9lectrique A3 fait toujours son boulot avec:<br \/> Test automatique de la tension CA CC, de la r\u00e9sistance, de la continuit\u00e9 et de la batterie<br \/> Mesure de Capacit\u00e9, diode, v\u00e9rification des fils sous tension\/neutres<br \/> Rechercher les d\u00e9fauts de ligne, localiser le point de rupture<br \/> D\u00e9tection NCV avec sensibilit\u00e9 r\u00e9glable<br \/> Bas pour une identification pr\u00e9cise des lignes complexes<br \/> Haute pour une d\u00e9tection \u00e0 distance plus s\u00fbre pour les lignes cach\u00e9s<br \/> Grand \u00e9cran avec r\u00e9tro\u00e9clairage rouge et vert<br \/> Lampe de poche LED, projette une petite lumi\u00e8re focalis\u00e9e<br \/> Plage automatique, mise hors tension automatique <br \/> Protection contre les br\u00fblures et la surcharge<br \/> Excellent outil pour d\u00e9panage \u00e9lectriques et \u00e9lectroniques, automobile etc<\/p>\n<p> <\/span><span class=\"a-text-bold\">Sp\u00e9cifications: <\/span><span><br \/> Affichage : 2000 comptes<br \/> \u00c9cran : 1,9 pouce<br \/> Tension CC: 0V-520V (mode DC) \/0.6V-5200V (mode auto) 0.01V \u00b1(0.8%+3)<br \/> Tension CA: 0V-520V (mode AC) \/0,6V-5200V (mode auto) 0,01V \u00b1(1,2%+5)<br \/> R\u00e9sistance : 0\u03a9-2k\u03a91\u03a9 \u00b1(1,2%+3) ; 2k\u03a9-20M\u03a91\u03a9 \u00b1(2,0%+10)<br \/> Capacit\u00e9 : 1nF-2000\u00b5F 0,01nF \u00b1(3,5%+8) ; 2000\u00b5F-2mF 0,01nF \u00b1(4,5%+10)<br \/> Diode : Mesurer la diode \u00e0 moins de 3,0 V<br \/> Continuit\u00e9 : Si la r\u00e9sistance est inf\u00e9rieure \u00e0 50\u03a9, le bip sonore<br \/> Alerte V (NCV) : 90V-1000V\/6V-1000V tension CA<br \/> Alimentation : 1.5V (AAA) x 2<br \/> Dimensions: 169*30*31mm<br \/> Poids : 79g<\/p>\n<p> <\/span><span class=\"a-text-bold\">Contenu de livraison:<\/span><span><br \/> D\u00e9tecteur de tension sans contact<br \/> Cordons de test<br \/> 2 piles AAA<br \/> Tournevis<br \/> Manuel anglais, Assistance technique en fran\u00e7ais disponible<\/span>  <\/p>\n<p>Pile(s) \/ Batterie(s) :                                     \u200f                                          :                                     \u200e  2 AAA &#8211; incluse(s)                Code UNSPSC  :  41110000 (Instruments d&#8217;essai, d&#8217;examen et de mesure) Signaler un code incorrect              Dimensions du produit (L x l x h)                                     \u200f                                          :                                     \u200e  15 x 5 x 2 cm; 97 grammes          Date de mise en ligne sur Amazon.fr                                     \u200f                                          :                                     \u200e  8 mai 2023                                  Fabricant                                     \u200f                                          :                                     \u200e  BSIDE          ASIN                                     \u200f                                          :                                     \u200e  B0C4L6KF6C          Num\u00e9ro du mod\u00e8le de l&#8217;article                                     \u200f                                          :                                     \u200e  A3 Stylo Multimetre automatique          Pays d&#8217;origine                                     \u200f                                          :                                     \u200e  Chine          Disponibilit\u00e9 des pi\u00e8ces d\u00e9tach\u00e9es                                     \u200f                                          :                                     \u200e  Information indisponible sur les pi\u00e8ces d\u00e9tach\u00e9es<\/p>\n","protected":false},"excerpt":{"rendered":"<p>Vous recherchez un multim\u00e8tre type stylo facile \u00e0 utiliser et \u00e9conomique? Notre stylo testeur \u00e9lectrique A3 fait toujours son boulot avec: Test automatique de la tension CA CC, de la<\/p>\n","protected":false},"featured_media":272574,"comment_status":"","ping_status":"closed","template":"","meta":{"_acf_changed":false},"product_brand":[],"product_cat":[2999],"product_tag":[],"class_list":{"0":"post-272570","1":"product","2":"type-product","3":"status-publish","4":"has-post-thumbnail","6":"product_cat-electricite","8":"first","9":"instock","10":"taxable","11":"shipping-taxable","12":"purchasable","13":"product-type-simple","14":"add-to-wishlist-after_add_to_cart"},"acf":[],"_links":{"self":[{"href":"https:\/\/amazonyguyane.fr\/index.php?rest_route=\/wp\/v2\/product\/272570","targetHints":{"allow":["GET"]}}],"collection":[{"href":"https:\/\/amazonyguyane.fr\/index.php?rest_route=\/wp\/v2\/product"}],"about":[{"href":"https:\/\/amazonyguyane.fr\/index.php?rest_route=\/wp\/v2\/types\/product"}],"replies":[{"embeddable":true,"href":"https:\/\/amazonyguyane.fr\/index.php?rest_route=%2Fwp%2Fv2%2Fcomments&post=272570"}],"version-history":[{"count":0,"href":"https:\/\/amazonyguyane.fr\/index.php?rest_route=\/wp\/v2\/product\/272570\/revisions"}],"wp:featuredmedia":[{"embeddable":true,"href":"https:\/\/amazonyguyane.fr\/index.php?rest_route=\/wp\/v2\/media\/272574"}],"wp:attachment":[{"href":"https:\/\/amazonyguyane.fr\/index.php?rest_route=%2Fwp%2Fv2%2Fmedia&parent=272570"}],"wp:term":[{"taxonomy":"product_brand","embeddable":true,"href":"https:\/\/amazonyguyane.fr\/index.php?rest_route=%2Fwp%2Fv2%2Fproduct_brand&post=272570"},{"taxonomy":"product_cat","embeddable":true,"href":"https:\/\/amazonyguyane.fr\/index.php?rest_route=%2Fwp%2Fv2%2Fproduct_cat&post=272570"},{"taxonomy":"product_tag","embeddable":true,"href":"https:\/\/amazonyguyane.fr\/index.php?rest_route=%2Fwp%2Fv2%2Fproduct_tag&post=272570"}],"curies":[{"name":"wp","href":"https:\/\/api.w.org\/{rel}","templated":true}]}}