{"id":272702,"date":"2023-09-29T20:50:34","date_gmt":"2023-09-29T19:50:34","guid":{"rendered":"https:\/\/amazonyguyane.fr\/mini-perceuse-a-main-twist-drill-bits-25-micro-forets-helicoidaux-sans-fil-en-aluminium-pin-vise-outils-rotatifs-forets-helicoidaux-adjustable-pyrogravure-maison-plastique-trou-cuivre"},"modified":"2023-09-29T20:50:34","modified_gmt":"2023-09-29T19:50:34","slug":"mini-perceuse-a-main-twist-drill-bits-25-micro-forets-helicoidaux-sans-fil-en-aluminium-pin-vise-outils-rotatifs-forets-helicoidaux-adjustable-pyrogravure-maison-plastique-trou-cuivre","status":"publish","type":"product","link":"https:\/\/amazonyguyane.fr\/?product=mini-perceuse-a-main-twist-drill-bits-25-micro-forets-helicoidaux-sans-fil-en-aluminium-pin-vise-outils-rotatifs-forets-helicoidaux-adjustable-pyrogravure-maison-plastique-trou-cuivre","title":{"rendered":"MIni perceuse \u00e0 main Twist Drill Bits +25 micro forets h\u00e9lico\u00efdaux sans fil en Aluminium Pin Vise Outils Rotatifs forets h\u00e9lico\u00efdaux adjustable Pyrogravure Maison plastique trou cuivre"},"content":{"rendered":"<p><!-- show up to 2 reviews by default -->                        <\/p>\n<p> <span class=\"a-text-bold\">Caract\u00e9ristiques<\/span><span><br \/> 1pcs micro perceuse \u00e0 main:<br \/> Mat\u00e9riel: Acier HSS<br \/> Longueur: 90-95mm<br \/> Gamme de serrage de mandrin: 0.3-3.4mm<br \/> 25pcs mini foret:<br \/> Mat\u00e9riel: Caract\u00e9ristiques de foret en acier \u00e0 grande vitesse: 0.5 \/ 0.6 \/ 1.0 \/ 1.2 \/ 1.5 \/ 1.8 \/ 2.0 \/ 2.35 \/ 3.0mm<br \/> Convient pour les mat\u00e9riaux bois, r\u00e9sine, bijoux, noyer, ambre, cire d&#8217;abeille, olive, perles, PVC, acrylique et plastique, etc.<br \/> <\/span><span class=\"a-text-bold\">Comment utiliser:<\/span><span><br \/> Pour l&#8217;utiliser, ins\u00e9rez simplement le foret et placez-le \u00e0 l&#8217;endroit o\u00f9 vous voulez faire un trou.<br \/>Le juste mettre un de vos index sur le dessus de la perceuse et maintenez la perceuse en place avec cette main.<br \/>Ensuite, faites simplement tourner le corps de la perceuse avec l&#8217;autre main.<br \/> <\/span><span class=\"a-text-bold\">Le forfait comprend:<\/span><span><br \/> 1 x Perceuse \u00e0 main 25 x forets h\u00e9lico\u00efdaux<br \/> <\/span><span class=\"a-text-bold\">Remarque: <\/span><span><br \/> l&#8217;\u00e9tau \u00e0 tige r\u00e9glable est un outil manuel, pas un outil \u00e9lectrique; Twist forets ne peut pas s&#8217;adapter \u00e0 des choses dures comme l&#8217;acier, le fer, la pierre<\/span>  <\/p>\n<p><\/p>\n","protected":false},"excerpt":{"rendered":"<p>Caract\u00e9ristiques 1pcs micro perceuse \u00e0 main: Mat\u00e9riel: Acier HSS Longueur: 90-95mm Gamme de serrage de mandrin: 0.3-3.4mm 25pcs mini foret: Mat\u00e9riel: Caract\u00e9ristiques de foret en acier \u00e0 grande vitesse: 0.5<\/p>\n","protected":false},"featured_media":272704,"comment_status":"","ping_status":"closed","template":"","meta":{"_acf_changed":false},"product_brand":[],"product_cat":[2999],"product_tag":[],"class_list":{"0":"post-272702","1":"product","2":"type-product","3":"status-publish","4":"has-post-thumbnail","6":"product_cat-electricite","8":"first","9":"instock","10":"taxable","11":"shipping-taxable","12":"purchasable","13":"product-type-simple","14":"add-to-wishlist-after_add_to_cart"},"acf":[],"_links":{"self":[{"href":"https:\/\/amazonyguyane.fr\/index.php?rest_route=\/wp\/v2\/product\/272702","targetHints":{"allow":["GET"]}}],"collection":[{"href":"https:\/\/amazonyguyane.fr\/index.php?rest_route=\/wp\/v2\/product"}],"about":[{"href":"https:\/\/amazonyguyane.fr\/index.php?rest_route=\/wp\/v2\/types\/product"}],"replies":[{"embeddable":true,"href":"https:\/\/amazonyguyane.fr\/index.php?rest_route=%2Fwp%2Fv2%2Fcomments&post=272702"}],"version-history":[{"count":0,"href":"https:\/\/amazonyguyane.fr\/index.php?rest_route=\/wp\/v2\/product\/272702\/revisions"}],"wp:featuredmedia":[{"embeddable":true,"href":"https:\/\/amazonyguyane.fr\/index.php?rest_route=\/wp\/v2\/media\/272704"}],"wp:attachment":[{"href":"https:\/\/amazonyguyane.fr\/index.php?rest_route=%2Fwp%2Fv2%2Fmedia&parent=272702"}],"wp:term":[{"taxonomy":"product_brand","embeddable":true,"href":"https:\/\/amazonyguyane.fr\/index.php?rest_route=%2Fwp%2Fv2%2Fproduct_brand&post=272702"},{"taxonomy":"product_cat","embeddable":true,"href":"https:\/\/amazonyguyane.fr\/index.php?rest_route=%2Fwp%2Fv2%2Fproduct_cat&post=272702"},{"taxonomy":"product_tag","embeddable":true,"href":"https:\/\/amazonyguyane.fr\/index.php?rest_route=%2Fwp%2Fv2%2Fproduct_tag&post=272702"}],"curies":[{"name":"wp","href":"https:\/\/api.w.org\/{rel}","templated":true}]}}