{"id":274749,"date":"2023-09-30T02:59:41","date_gmt":"2023-09-30T01:59:41","guid":{"rendered":"https:\/\/amazonyguyane.fr\/aomig-lot-de-6-peintures-au-doigt-lavables-pour-enfants-peinture-au-doigt-pour-enfants-peinture-au-doigt-pour-enfants-non-toxique-pour-la-maternelle-lecole-la-maison"},"modified":"2023-09-30T02:59:41","modified_gmt":"2023-09-30T01:59:41","slug":"aomig-lot-de-6-peintures-au-doigt-lavables-pour-enfants-peinture-au-doigt-pour-enfants-peinture-au-doigt-pour-enfants-non-toxique-pour-la-maternelle-lecole-la-maison","status":"publish","type":"product","link":"https:\/\/amazonyguyane.fr\/produit\/aomig-lot-de-6-peintures-au-doigt-lavables-pour-enfants-peinture-au-doigt-pour-enfants-peinture-au-doigt-pour-enfants-non-toxique-pour-la-maternelle-lecole-la-maison\/","title":{"rendered":"Aomig Lot de 6 peintures au doigt lavables pour enfants, peinture au doigt pour enfants, peinture au doigt pour enfants, non toxique pour la maternelle, l&#8217;\u00e9cole, la maison"},"content":{"rendered":"<p><!-- show up to 2 reviews by default -->                        <\/p>\n<p><span>Description de la peinture fluorescente au doigt. <\/span><\/p>\n<p><span><br \/><\/span><\/p>\n<p><span>Avec la peinture au doigt, les premiers essais de peinture aux enfants s&#8217;amusent. <br \/><\/span><\/p>\n<p><span>La peinture au doigt se caract\u00e9rise par des couleurs vives et une bonne durabilit\u00e9. <\/span><\/p>\n<p><span>Appliquez bien avec les doigts, les mains, l&#8217;\u00e9ponge, la spatule ou le pinceau. <\/span><\/p>\n<p><span>En raison de son pouvoir couvrant, il fonctionne bien sur des surfaces telles que le papier, le carton, le bois ou le verre. <\/span><\/p>\n<p><span>Les mains, les v\u00eatements et les ustensiles de peinture sont faciles \u00e0 nettoyer avec de l&#8217;eau et du savon. <\/span><\/p>\n<p><span><br \/><\/span><\/p>\n<p><span>Caract\u00e9ristiques du produit : <br \/><\/span><\/p>\n<p><span>Mat\u00e9riau : peinture acrylique lavable. <\/span><\/p>\n<p><span>Couleur : fluorescent. <\/span><\/p>\n<p><span>Capacit\u00e9 : 22 ml. <\/span><\/p>\n<p><span><br \/><\/span><\/p>\n<p><span>Contenu de l&#8217;emballage : <br \/><\/span><\/p>\n<p><span>6 pi\u00e8ces\/12 pi\u00e8ces de 22 ml de couleur. <\/span><\/p>\n<p><span><br \/><\/span><\/p>\n<p><span>Remarque : <br \/><\/span><\/p>\n<p><span>Nos peintures \u00e0 doigts sont faciles \u00e0 laver de la peau et d&#8217;autres surfaces. <\/span><\/p>\n<p><span>Si de la peinture est sur la peau ou les v\u00eatements, il suffit de rincer \u00e0 l&#8217;eau et au savon. <\/span><\/p>\n<p><span>Si la peinture adh\u00e8re \u00e0 d&#8217;autres surfaces, vous pouvez l&#8217;essuyer avec un chiffon humide avant que la peinture ne soit compl\u00e8tement s\u00e8che. <\/span><\/p>\n<\/p>\n<p><\/p>\n","protected":false},"excerpt":{"rendered":"<p>Description de la peinture fluorescente au doigt. Avec la peinture au doigt, les premiers essais de peinture aux enfants s&#8217;amusent. La peinture au doigt se caract\u00e9rise par des couleurs vives<\/p>\n","protected":false},"featured_media":274750,"comment_status":"","ping_status":"closed","template":"","meta":{"_acf_changed":false},"product_brand":[],"product_cat":[3004],"product_tag":[],"class_list":{"0":"post-274749","1":"product","2":"type-product","3":"status-publish","4":"has-post-thumbnail","6":"product_cat-peinture-a-main","8":"first","9":"instock","10":"taxable","11":"shipping-taxable","12":"purchasable","13":"product-type-simple","14":"add-to-wishlist-after_add_to_cart"},"acf":[],"_links":{"self":[{"href":"https:\/\/amazonyguyane.fr\/wp-json\/wp\/v2\/product\/274749","targetHints":{"allow":["GET"]}}],"collection":[{"href":"https:\/\/amazonyguyane.fr\/wp-json\/wp\/v2\/product"}],"about":[{"href":"https:\/\/amazonyguyane.fr\/wp-json\/wp\/v2\/types\/product"}],"replies":[{"embeddable":true,"href":"https:\/\/amazonyguyane.fr\/wp-json\/wp\/v2\/comments?post=274749"}],"version-history":[{"count":0,"href":"https:\/\/amazonyguyane.fr\/wp-json\/wp\/v2\/product\/274749\/revisions"}],"wp:featuredmedia":[{"embeddable":true,"href":"https:\/\/amazonyguyane.fr\/wp-json\/wp\/v2\/media\/274750"}],"wp:attachment":[{"href":"https:\/\/amazonyguyane.fr\/wp-json\/wp\/v2\/media?parent=274749"}],"wp:term":[{"taxonomy":"product_brand","embeddable":true,"href":"https:\/\/amazonyguyane.fr\/wp-json\/wp\/v2\/product_brand?post=274749"},{"taxonomy":"product_cat","embeddable":true,"href":"https:\/\/amazonyguyane.fr\/wp-json\/wp\/v2\/product_cat?post=274749"},{"taxonomy":"product_tag","embeddable":true,"href":"https:\/\/amazonyguyane.fr\/wp-json\/wp\/v2\/product_tag?post=274749"}],"curies":[{"name":"wp","href":"https:\/\/api.w.org\/{rel}","templated":true}]}}