{"id":274765,"date":"2023-09-30T03:00:00","date_gmt":"2023-09-30T02:00:00","guid":{"rendered":"https:\/\/amazonyguyane.fr\/crayola-10-gouaches-lavables-effets-speciaux-neon-glitter-metal-couleurs-assortis-59-ml-lot-de-10"},"modified":"2023-09-30T03:00:00","modified_gmt":"2023-09-30T02:00:00","slug":"crayola-10-gouaches-lavables-effets-speciaux-neon-glitter-metal-couleurs-assortis-59-ml-lot-de-10","status":"publish","type":"product","link":"https:\/\/amazonyguyane.fr\/produit\/crayola-10-gouaches-lavables-effets-speciaux-neon-glitter-metal-couleurs-assortis-59-ml-lot-de-10\/","title":{"rendered":"CRAYOLA 10 Gouaches lavables Effets sp\u00e9ciaux : Neon, Glitter, Metal, Couleurs Assortis, 59 ml (Lot de 10)"},"content":{"rendered":"<p><!-- show up to 2 reviews by default -->                <\/p>\n<h3> <span>Description du produit<\/span> <\/h3>\n<p> <span>Envie de stimuler la cr\u00e9ativit\u00e9 et l&#8217;imagination de vos enfants? Crayola vous accompagne dans cet univers color\u00e9 infini! Coloriages, dessins, peintures, autocollants et bien plus encore; vos enfants deviendront de vrais artistes et transformeront votre maison en v\u00e9ritable mus\u00e9e. Vous avez remarqu\u00e9 un c\u00f4t\u00e9 artistique chez votre enfant et souhaitez qu&#8217;il s&#8217;\u00e9panouisse tout en apprenant? Optez pour le kit de 10 mini pots de peinture lavable avec effets vari\u00e9s Crayola. La diff\u00e9rence? Toutes les peintures pr\u00e9sentent des effets paillettes, n\u00e9ons ou m\u00e9talliques, ce qui rend vos toiles \u00e9clatantes et brillantes \u00e0 souhait! N&#8217;ayez-pas peur des possibles taches sur vos tables ou sur les v\u00eatements; la peinture se lave facilement \u00e0 la main une fois s\u00e8che. Munissez-vous de pinceaux et laissez vos enfants faire parler leur imagination avec ce kit de mini pots de peinture lavable pratique et ludique. Caract\u00e9ristiques du produit: &#8211; Dimensions: \u200e\u200e22.5 x 6.7 x 9 cm, capacit\u00e9 60 ml de peinture par pot. &#8211; Peinture lavable \u00e0 la main apr\u00e8s usage. &#8211; Convient pour les enfants \u00e0 partir de 3 ans. &#8211; Lire notice avant utilisation.<\/span>  <\/p>\n<h3> <span>Avertissement De S\u00fbret\u00e9<\/span> <\/h3>\n<p> <span>petites pi\u00e8ces, risque d&#8217;\u00e9touffement<\/span>  <\/p>\n<p>Langue                                     \u200f                                          :                                     \u200e  Anglais          Dimensions du produit (L x l x h)                                     \u200f                                          :                                     \u200e  22,5 x 6,7 x 9 cm; 660 grammes                Code UNSPSC  :  60121200 (Peinture, mat\u00e9riel, applicateurs, accessoires pour la classe et les beaux-arts) Signaler un code incorrect              Date de sortie                                     \u200f                                          :                                     \u200e  1 janvier 2022          \u00c2ge recommand\u00e9 par le fabricant                                     \u200f                                          :                                     \u200e  36 mois &#8211; 99 ans          Num\u00e9ro du mod\u00e8le de l&#8217;article                                     \u200f                                          :                                     \u200e  54-2395          ASIN                                     \u200f                                          :                                     \u200e  B07SRM3KW8          Pays d&#8217;origine                                     \u200f                                          :                                     \u200e  Vietnam<\/p>\n","protected":false},"excerpt":{"rendered":"<p>Description du produit Envie de stimuler la cr\u00e9ativit\u00e9 et l&#8217;imagination de vos enfants? Crayola vous accompagne dans cet univers color\u00e9 infini! Coloriages, dessins, peintures, autocollants et bien plus encore; vos<\/p>\n","protected":false},"featured_media":274766,"comment_status":"","ping_status":"closed","template":"","meta":{"_acf_changed":false},"product_brand":[],"product_cat":[3004],"product_tag":[],"class_list":{"0":"post-274765","1":"product","2":"type-product","3":"status-publish","4":"has-post-thumbnail","6":"product_cat-peinture-a-main","8":"first","9":"instock","10":"taxable","11":"shipping-taxable","12":"purchasable","13":"product-type-simple","14":"add-to-wishlist-after_add_to_cart"},"acf":[],"_links":{"self":[{"href":"https:\/\/amazonyguyane.fr\/wp-json\/wp\/v2\/product\/274765","targetHints":{"allow":["GET"]}}],"collection":[{"href":"https:\/\/amazonyguyane.fr\/wp-json\/wp\/v2\/product"}],"about":[{"href":"https:\/\/amazonyguyane.fr\/wp-json\/wp\/v2\/types\/product"}],"replies":[{"embeddable":true,"href":"https:\/\/amazonyguyane.fr\/wp-json\/wp\/v2\/comments?post=274765"}],"version-history":[{"count":0,"href":"https:\/\/amazonyguyane.fr\/wp-json\/wp\/v2\/product\/274765\/revisions"}],"wp:featuredmedia":[{"embeddable":true,"href":"https:\/\/amazonyguyane.fr\/wp-json\/wp\/v2\/media\/274766"}],"wp:attachment":[{"href":"https:\/\/amazonyguyane.fr\/wp-json\/wp\/v2\/media?parent=274765"}],"wp:term":[{"taxonomy":"product_brand","embeddable":true,"href":"https:\/\/amazonyguyane.fr\/wp-json\/wp\/v2\/product_brand?post=274765"},{"taxonomy":"product_cat","embeddable":true,"href":"https:\/\/amazonyguyane.fr\/wp-json\/wp\/v2\/product_cat?post=274765"},{"taxonomy":"product_tag","embeddable":true,"href":"https:\/\/amazonyguyane.fr\/wp-json\/wp\/v2\/product_tag?post=274765"}],"curies":[{"name":"wp","href":"https:\/\/api.w.org\/{rel}","templated":true}]}}