{"id":274789,"date":"2023-09-30T03:00:28","date_gmt":"2023-09-30T02:00:28","guid":{"rendered":"https:\/\/amazonyguyane.fr\/ses-creative-14417-my-first-mon-premier-kit-de-peinture-au-doigt-ne-contient-pas-de-petits-elements-hypoallergenique"},"modified":"2023-09-30T03:00:41","modified_gmt":"2023-09-30T02:00:41","slug":"ses-creative-14417-my-first-mon-premier-kit-de-peinture-au-doigt-ne-contient-pas-de-petits-elements-hypoallergenique","status":"publish","type":"product","link":"https:\/\/amazonyguyane.fr\/produit\/ses-creative-14417-my-first-mon-premier-kit-de-peinture-au-doigt-ne-contient-pas-de-petits-elements-hypoallergenique\/","title":{"rendered":"SES Creative 14417 &#8211; My first &#8211; Mon premier kit de peinture au doigt, ne contient pas de petits \u00e9l\u00e9ments, hypoallerg\u00e9nique"},"content":{"rendered":"<p><!-- show up to 2 reviews by default -->                <\/p>\n<h3> <span>Description du produit<\/span> <\/h3>\n<p> <span>Ce kit ses My FIRST contient tout ce dont les jeunes enfants ont besoin afin de se familiariser avec la peinture au doigt. Enfile le tablier, d\u00e9roule le papier et tu peux commencer \u00e0 peindre. Utilisation sans danger pour les enfants \u00e2g\u00e9s de 1&nbsp;an et plus.<\/span>  <\/p>\n<h3> <span>Avertissement De S\u00fbret\u00e9<\/span> <\/h3>\n<p> <span>Aucun avertissement applicable<\/span>  <\/p>\n<div data-a-expander-name=\"toggle_description\" class=\"a-row a-expander-container a-expander-extend-container\">\n                  P.when(&#8216;A&#8217;).execute(function(A) {<br \/>\n                      A.on(&#8216;a:expander:toggle_description:toggle:collapse&#8217;, function(data) {<br \/>\n                        window.scroll(0, data.expander.$expander[0].offsetTop-100);<br \/>\n                      });<br \/>\n                    });<\/p>\n<div aria-expanded=\"false\" class=\"a-expander-content a-expander-extend-content\">\n<h3> <span>Contenu du coffret<\/span> <\/h3>\n<p> <span>4 couleurs de peinture au doigt&nbsp;; Un tablier&nbsp;; Un rouleau de papier (2&nbsp;m\u00e8tres)<\/span>  <\/p>\n<\/p><\/div>\n<p> <i class=\"a-icon a-icon-extender-expand\"><\/i><span class=\"a-expander-prompt\">Voir plus<\/span> <\/div>\n<p>Dimensions du produit (L x l x h)                                     \u200f                                          :                                     \u200e  25 x 25 x 7 cm; 270 grammes                Code UNSPSC  :  60121200 (Peinture, mat\u00e9riel, applicateurs, accessoires pour la classe et les beaux-arts) Signaler un code incorrect              Date de sortie                                     \u200f                                          :                                     \u200e  21 mars 2017          \u00c2ge recommand\u00e9 par le fabricant                                     \u200f                                          :                                     \u200e  12 mois &#8211; 4 ans          Num\u00e9ro du mod\u00e8le de l&#8217;article                                     \u200f                                          :                                     \u200e  14417          ASIN                                     \u200f                                          :                                     \u200e  B01N7TJE0Y          Pays d&#8217;origine                                     \u200f                                          :                                     \u200e  Pays-Bas<\/p>\n","protected":false},"excerpt":{"rendered":"<p>Description du produit Ce kit ses My FIRST contient tout ce dont les jeunes enfants ont besoin afin de se familiariser avec la peinture au doigt. Enfile le tablier, d\u00e9roule<\/p>\n","protected":false},"featured_media":274790,"comment_status":"","ping_status":"closed","template":"","meta":{"_acf_changed":false},"product_brand":[],"product_cat":[3004],"product_tag":[],"class_list":{"0":"post-274789","1":"product","2":"type-product","3":"status-publish","4":"has-post-thumbnail","6":"product_cat-peinture-a-main","8":"first","9":"instock","10":"taxable","11":"shipping-taxable","12":"purchasable","13":"product-type-variable","14":"add-to-wishlist-after_add_to_cart"},"acf":[],"_links":{"self":[{"href":"https:\/\/amazonyguyane.fr\/wp-json\/wp\/v2\/product\/274789","targetHints":{"allow":["GET"]}}],"collection":[{"href":"https:\/\/amazonyguyane.fr\/wp-json\/wp\/v2\/product"}],"about":[{"href":"https:\/\/amazonyguyane.fr\/wp-json\/wp\/v2\/types\/product"}],"replies":[{"embeddable":true,"href":"https:\/\/amazonyguyane.fr\/wp-json\/wp\/v2\/comments?post=274789"}],"version-history":[{"count":0,"href":"https:\/\/amazonyguyane.fr\/wp-json\/wp\/v2\/product\/274789\/revisions"}],"wp:featuredmedia":[{"embeddable":true,"href":"https:\/\/amazonyguyane.fr\/wp-json\/wp\/v2\/media\/274790"}],"wp:attachment":[{"href":"https:\/\/amazonyguyane.fr\/wp-json\/wp\/v2\/media?parent=274789"}],"wp:term":[{"taxonomy":"product_brand","embeddable":true,"href":"https:\/\/amazonyguyane.fr\/wp-json\/wp\/v2\/product_brand?post=274789"},{"taxonomy":"product_cat","embeddable":true,"href":"https:\/\/amazonyguyane.fr\/wp-json\/wp\/v2\/product_cat?post=274789"},{"taxonomy":"product_tag","embeddable":true,"href":"https:\/\/amazonyguyane.fr\/wp-json\/wp\/v2\/product_tag?post=274789"}],"curies":[{"name":"wp","href":"https:\/\/api.w.org\/{rel}","templated":true}]}}