{"id":275119,"date":"2023-09-30T03:05:46","date_gmt":"2023-09-30T02:05:46","guid":{"rendered":"https:\/\/amazonyguyane.fr\/shrubz-kit-peinture-enfant-jouet-peinture-marbree-a-leau-pour-enfants-16-couleurs-kit-peinture-enfant-creative-art-set-de-a-la-main-peinturesart-de-peinture-cadeaux-ideaux-enfants-jouet-6-ans"},"modified":"2023-09-30T03:05:46","modified_gmt":"2023-09-30T02:05:46","slug":"shrubz-kit-peinture-enfant-jouet-peinture-marbree-a-leau-pour-enfants-16-couleurs-kit-peinture-enfant-creative-art-set-de-a-la-main-peinturesart-de-peinture-cadeaux-ideaux-enfants-jouet-6-ans","status":"publish","type":"product","link":"https:\/\/amazonyguyane.fr\/?product=shrubz-kit-peinture-enfant-jouet-peinture-marbree-a-leau-pour-enfants-16-couleurs-kit-peinture-enfant-creative-art-set-de-a-la-main-peinturesart-de-peinture-cadeaux-ideaux-enfants-jouet-6-ans","title":{"rendered":"Shrubz Kit Peinture Enfant Jouet Peinture Marbr\u00e9e \u00e0 l&#8217;eau pour Enfants 16 Couleurs Kit Peinture Enfant, Creative Art Set de \u00e0 la Main Peintures,Art de Peinture Cadeaux Id\u00e9aux Enfants Jouet 6+ Ans"},"content":{"rendered":"<p><!-- show up to 2 reviews by default -->                        <\/p>\n<p> <span class=\"a-text-bold\">\ud83c\udfa8\ud83c\udfa8Peinture marbr\u00e9e \u00e0 l&#8217;eau pour enfants<\/span><span> <br \/> <\/span><span class=\"a-text-bold\">&#8212; Notre kit de peinture \u00e0 motifs de marbre color\u00e9s est une excellente id\u00e9e de cadeau pour les enfants.<\/span><span> <br \/> &#8212; L&#8217;ensemble d&#8217;art de peinture sur marbre est un jouet amusant et \u00e9ducatif pour tous les \u00e2ges. <\/p>\n<p> &#8212; Vous pouvez peindre avec votre enfant, et l&#8217;enfant peut apprendre \u00e0 distinguer les couleurs et \u00e0 apprendre les combinaisons de couleurs, ce qui favorise \u00e9galement la relation parent-enfant et renforce la communication avec l&#8217;enfant. <\/p>\n<p> &#8212; Vous pouvez lib\u00e9rer votre cr\u00e9ativit\u00e9 et cr\u00e9er des motifs magnifiques et uniques comme un v\u00e9ritable artiste cr\u00e9atif ! <\/p>\n<p> &#8212; L&#8217;image s\u00e9ch\u00e9e peut \u00eatre plac\u00e9e n&#8217;importe o\u00f9 dans la maison avec un effet d\u00e9coratif unique et magnifique. <\/p>\n<p> <\/span><span class=\"a-text-bold\">\ud83c\udfa8\ud83c\udfa8L&#8217;ensemble contient<\/span><span> <br \/> 10 ml x 16 couleurs pigment\u00e9es<br \/> 2g x10 poudre \u00e0 peindre <br \/> 26 x papier aquarelle A5 <br \/> 1x plateau de peinture A5 <br \/> 1x palette de couleurs <br \/> 1x peigne \u00e0 peindre <br \/> 3x aiguilles \u00e0 dessin <br \/> 2x brosse<br \/> 1x grattoir <br \/> 3x compte-gouttes <br \/> 1x pince \u00e0 \u00e9piler <br \/> 1x tablier<br \/> 3x gants jetables <br \/> 1x manuel <\/p>\n<p> <\/span><span class=\"a-text-bold\">\ud83c\udfa8\ud83c\udfa8\u00c9tapes d&#8217;utilisation&nbsp;:<\/span><span> <br \/> 1- Ajouter 2g de poudre de carragh\u00e9nane et 500L d&#8217;eau et m\u00e9langer pendant 3 minutes. Une fois que le liquide est devenu transparent, versez-le dans le bol. Il est pr\u00e9f\u00e9rable d&#8217;attendre 6 heures avant de l&#8217;utiliser. <br \/> 2 &#8211; Sortez le liquide et agitez uniform\u00e9ment avant utilisation. Placez une goutte de peinture \u00e0 environ 1\/2 pouce au-dessus de la surface du liquide. La couleur est r\u00e9partie sur la surface. Continuez \u00e0 ajouter diff\u00e9rentes couleurs. <br \/> 3- Utilisez l&#8217;outil pour gratter pour obtenir le motif souhait\u00e9. Placez un morceau de papier \u00e0 une extr\u00e9mit\u00e9 du bac et posez-le d\u00e9licatement sur la surface du liquide. Prenez d\u00e9licatement le papier \u00e0 motifs et laissez la couleur s&#8217;imprimer sur le papier. <br \/> 4 &#8211; Placez-le dans un endroit sec et laissez-le s\u00e9cher quelques minutes pour obtenir une p<\/span>  <\/p>\n<p>Code UNSPSC  :  60121000 (Produits artistiques) Signaler un code incorrect              Dimensions du colis                                     \u200f                                          :                                     \u200e  31,7 x 20,4 x 4,7 cm; 610 grammes          Date de mise en ligne sur Amazon.fr                                     \u200f                                          :                                     \u200e  17 septembre 2023                                  Fabricant                                     \u200f                                          :                                     \u200e  Shrubz          ASIN                                     \u200f                                          :                                     \u200e  B0CF2VHXVD          Num\u00e9ro du mod\u00e8le de l&#8217;article                                     \u200f                                          :                                     \u200e  NO          Pays d&#8217;origine                                     \u200f                                          :                                     \u200e  Chine<\/p>\n","protected":false},"excerpt":{"rendered":"<p>\ud83c\udfa8\ud83c\udfa8Peinture marbr\u00e9e \u00e0 l&#8217;eau pour enfants &#8212; Notre kit de peinture \u00e0 motifs de marbre color\u00e9s est une excellente id\u00e9e de cadeau pour les enfants. &#8212; L&#8217;ensemble d&#8217;art de peinture<\/p>\n","protected":false},"featured_media":275122,"comment_status":"","ping_status":"closed","template":"","meta":{"_acf_changed":false},"product_brand":[],"product_cat":[3004],"product_tag":[],"class_list":{"0":"post-275119","1":"product","2":"type-product","3":"status-publish","4":"has-post-thumbnail","6":"product_cat-peinture-a-main","8":"first","9":"instock","10":"taxable","11":"shipping-taxable","12":"purchasable","13":"product-type-simple","14":"add-to-wishlist-after_add_to_cart"},"acf":[],"_links":{"self":[{"href":"https:\/\/amazonyguyane.fr\/index.php?rest_route=\/wp\/v2\/product\/275119","targetHints":{"allow":["GET"]}}],"collection":[{"href":"https:\/\/amazonyguyane.fr\/index.php?rest_route=\/wp\/v2\/product"}],"about":[{"href":"https:\/\/amazonyguyane.fr\/index.php?rest_route=\/wp\/v2\/types\/product"}],"replies":[{"embeddable":true,"href":"https:\/\/amazonyguyane.fr\/index.php?rest_route=%2Fwp%2Fv2%2Fcomments&post=275119"}],"version-history":[{"count":0,"href":"https:\/\/amazonyguyane.fr\/index.php?rest_route=\/wp\/v2\/product\/275119\/revisions"}],"wp:featuredmedia":[{"embeddable":true,"href":"https:\/\/amazonyguyane.fr\/index.php?rest_route=\/wp\/v2\/media\/275122"}],"wp:attachment":[{"href":"https:\/\/amazonyguyane.fr\/index.php?rest_route=%2Fwp%2Fv2%2Fmedia&parent=275119"}],"wp:term":[{"taxonomy":"product_brand","embeddable":true,"href":"https:\/\/amazonyguyane.fr\/index.php?rest_route=%2Fwp%2Fv2%2Fproduct_brand&post=275119"},{"taxonomy":"product_cat","embeddable":true,"href":"https:\/\/amazonyguyane.fr\/index.php?rest_route=%2Fwp%2Fv2%2Fproduct_cat&post=275119"},{"taxonomy":"product_tag","embeddable":true,"href":"https:\/\/amazonyguyane.fr\/index.php?rest_route=%2Fwp%2Fv2%2Fproduct_tag&post=275119"}],"curies":[{"name":"wp","href":"https:\/\/api.w.org\/{rel}","templated":true}]}}