{"id":275295,"date":"2023-09-30T03:08:33","date_gmt":"2023-09-30T02:08:33","guid":{"rendered":"https:\/\/amazonyguyane.fr\/formizon-diy-5d-diamant-peinture-point-de-croix-broderie-diamant-peinture-porte-cles-diamond-painting-sac-a-main-charmes-pendentif-diamant-peinture-kits-de-de-marrage-pour-debutants-dinosaure"},"modified":"2023-09-30T03:08:33","modified_gmt":"2023-09-30T02:08:33","slug":"formizon-diy-5d-diamant-peinture-point-de-croix-broderie-diamant-peinture-porte-cles-diamond-painting-sac-a-main-charmes-pendentif-diamant-peinture-kits-de-de-marrage-pour-debutants-dinosaure","status":"publish","type":"product","link":"https:\/\/amazonyguyane.fr\/?product=formizon-diy-5d-diamant-peinture-point-de-croix-broderie-diamant-peinture-porte-cles-diamond-painting-sac-a-main-charmes-pendentif-diamant-peinture-kits-de-de-marrage-pour-debutants-dinosaure","title":{"rendered":"FORMIZON DIY 5D Diamant Peinture Point de Croix Broderie, Diamant Peinture Porte-Cl\u00e9s, Diamond Painting Sac \u00e0 Main Charmes Pendentif, Diamant Peinture Kits de D\u00e9 Marrage pour D\u00e9butants (Dinosaure)"},"content":{"rendered":"<li class=\"a-spacing-mini\"><span class=\"a-list-item\"> \ud83d\udc8e\u3010Kit de Peinture au Diamant 5D\u3011Comprend 5 Zone de Dessin, Assez de Diamants, 5 Porte-Cl\u00e9s, 1 Plateau de Diamant, 1 Stylo de Forage, 1 Cire, avec Coffret Cadeau.  <\/span><\/li>\n<li class=\"a-spacing-mini\"><span class=\"a-list-item\"> \ud83d\udc8e\u3010Conception de Bricolage Populaire et \u00e0 la Mode\u3011Peinture au diamant combin\u00e9e avec un porte-cl\u00e9s, il y a un fermoir sur le dessus pour que vous puissiez l&#8217;attacher au sac \u00e0 dos, sac \u00e0 main, etc. Couleurs vives et dessins anim\u00e9s mignons, brillant dans la lumi\u00e8re.  <\/span><\/li>\n<li class=\"a-spacing-mini\"><span class=\"a-list-item\"> \ud83d\udc8e\u3010Facile \u00e0 Faire\u3011Le gabarit en diamant et la pochette en diamant sont num\u00e9rot\u00e9s. D\u00e9tachez simplement le film protecteur du pochoir et utilisez l&#8217;outil pour remplir la zone correspondant \u00e0 chaque num\u00e9ro avec des diamants. C&#8217;est tr\u00e8s facile \u00e0 suivre!  <\/span><\/li>\n<li class=\"a-spacing-mini\"><span class=\"a-list-item\"> \ud83d\udc8e\u3010Artisanat de Bricolage de Haute Qualit\u00e9\u3011Le pochoir en diamant est fait de PVC, qui est fiable \u00e0 utiliser et difficile \u00e0 casser. L&#8217;adh\u00e9sivit\u00e9 de l&#8217;adh\u00e9sif thermofusible est suffisante pour maintenir le diamant en place, il ne tombe pas facilement.  <\/span><\/li>\n<li class=\"a-spacing-mini\"><span class=\"a-list-item\"> \ud83d\udc8e\u3010Meilleurs Cadeaux Faits \u00e0 la Main\u3011La peinture au diamant bricolage 5D peut vous aider \u00e0 soulager le stress, \u00e0 ajuster l&#8217;humeur, \u00e0 aider les enfants \u00e0 d\u00e9velopper des capacit\u00e9s pratiques, \u00e9galement un merveilleux cadeau pour la famille et les amis.  <\/span><\/li>\n<p>Code UNSPSC  :  60121000 (Produits artistiques) Signaler un code incorrect              Dimensions du colis                                     \u200f                                          :                                     \u200e  21,2 x 12,3 x 2,5 cm; 90 grammes          Date de mise en ligne sur Amazon.fr                                     \u200f                                          :                                     \u200e  24 septembre 2021                                  Fabricant                                     \u200f                                          :                                     \u200e  FORMIZON          ASIN                                     \u200f                                          :                                     \u200e  B09H2GVKRN          R\u00e9f\u00e9rence constructeur                                     \u200f                                          :                                     \u200e  WAB2316<\/p>\n","protected":false},"excerpt":{"rendered":"<p>\ud83d\udc8e\u3010Kit de Peinture au Diamant 5D\u3011Comprend 5 Zone de Dessin, Assez de Diamants, 5 Porte-Cl\u00e9s, 1 Plateau de Diamant, 1 Stylo de Forage, 1 Cire, avec Coffret Cadeau. \ud83d\udc8e\u3010Conception de<\/p>\n","protected":false},"featured_media":275298,"comment_status":"","ping_status":"closed","template":"","meta":{"_acf_changed":false},"product_brand":[],"product_cat":[3004],"product_tag":[],"class_list":{"0":"post-275295","1":"product","2":"type-product","3":"status-publish","4":"has-post-thumbnail","6":"product_cat-peinture-a-main","8":"first","9":"outofstock","10":"taxable","11":"shipping-taxable","12":"purchasable","13":"product-type-simple","14":"add-to-wishlist-after_add_to_cart"},"acf":[],"_links":{"self":[{"href":"https:\/\/amazonyguyane.fr\/index.php?rest_route=\/wp\/v2\/product\/275295","targetHints":{"allow":["GET"]}}],"collection":[{"href":"https:\/\/amazonyguyane.fr\/index.php?rest_route=\/wp\/v2\/product"}],"about":[{"href":"https:\/\/amazonyguyane.fr\/index.php?rest_route=\/wp\/v2\/types\/product"}],"replies":[{"embeddable":true,"href":"https:\/\/amazonyguyane.fr\/index.php?rest_route=%2Fwp%2Fv2%2Fcomments&post=275295"}],"version-history":[{"count":0,"href":"https:\/\/amazonyguyane.fr\/index.php?rest_route=\/wp\/v2\/product\/275295\/revisions"}],"wp:featuredmedia":[{"embeddable":true,"href":"https:\/\/amazonyguyane.fr\/index.php?rest_route=\/wp\/v2\/media\/275298"}],"wp:attachment":[{"href":"https:\/\/amazonyguyane.fr\/index.php?rest_route=%2Fwp%2Fv2%2Fmedia&parent=275295"}],"wp:term":[{"taxonomy":"product_brand","embeddable":true,"href":"https:\/\/amazonyguyane.fr\/index.php?rest_route=%2Fwp%2Fv2%2Fproduct_brand&post=275295"},{"taxonomy":"product_cat","embeddable":true,"href":"https:\/\/amazonyguyane.fr\/index.php?rest_route=%2Fwp%2Fv2%2Fproduct_cat&post=275295"},{"taxonomy":"product_tag","embeddable":true,"href":"https:\/\/amazonyguyane.fr\/index.php?rest_route=%2Fwp%2Fv2%2Fproduct_tag&post=275295"}],"curies":[{"name":"wp","href":"https:\/\/api.w.org\/{rel}","templated":true}]}}