{"id":275417,"date":"2023-09-30T03:10:21","date_gmt":"2023-09-30T02:10:21","guid":{"rendered":"https:\/\/amazonyguyane.fr\/kinsinder-kit-de-10-porte-cles-peinture-diamant-5d-a-faire-soi-meme-double-face-peinture-en-strass-porte-cles-pour-sac-a-main-accessoires-de-decoration-dauphin-hippocampe"},"modified":"2023-09-30T03:11:04","modified_gmt":"2023-09-30T02:11:04","slug":"kinsinder-kit-de-10-porte-cles-peinture-diamant-5d-a-faire-soi-meme-double-face-peinture-en-strass-porte-cles-pour-sac-a-main-accessoires-de-decoration-dauphin-hippocampe","status":"publish","type":"product","link":"https:\/\/amazonyguyane.fr\/produit\/kinsinder-kit-de-10-porte-cles-peinture-diamant-5d-a-faire-soi-meme-double-face-peinture-en-strass-porte-cles-pour-sac-a-main-accessoires-de-decoration-dauphin-hippocampe\/","title":{"rendered":"Kinsinder Kit de 10 porte-cl\u00e9s peinture diamant 5D \u00e0 faire soi-m\u00eame, double face, peinture en strass, porte-cl\u00e9s pour sac \u00e0 main, accessoires de d\u00e9coration (dauphin + hippocampe)"},"content":{"rendered":"<p><!-- show up to 2 reviews by default -->                        <\/p>\n<p><span>Description du produit : <br \/>Ce porte-cl\u00e9s \u00e0 faire soi-m\u00eame combin\u00e9 avec de la peinture diamant et des porte-cl\u00e9s, 10 motifs de formes diff\u00e9rentes et des diamants \u00e9tincelants, l&#8217;effet fini est excellent, vous pouvez le transporter comme un accessoire de suspension, brillant \u00e0 la lumi\u00e8re, ajoutant beaucoup de plaisir \u00e0 votre vie. <\/p>\n<p>Facile \u00e0 faire soi-m\u00eame : chaque plaque de base en diamant pointill\u00e9 est marqu\u00e9e avec des chiffres, et le paquet de diamant est \u00e9galement marqu\u00e9 avec des chiffres. Il suffit de coller les diamants correspondant aux chiffres sur la plaque de base un par un. <\/p>\n<p>Comment commander les diamants ? <br \/>1. Trouvez les diamants color\u00e9s correspondants en fonction des chiffres sur la plaque de base en pointill\u00e9s. <br \/>2. Utilisez le stylo pour appliquer un peu de colle thermofusible sur le dessus. <br \/>3. Utilisez ensuite le stylo pour coller les diamants. <br \/>4. Retirez le film transparent sur la plaque de base. <br \/>5. Collez les diamants \u00e0 la position correspondante sur la plaque de base. <br \/>6. Une fois la colle termin\u00e9e, appuyez sur les diamants avec un livre ou votre main pour vous assurer que toutes les pierres sont coll\u00e9es sur la plaque de base. <\/p>\n<p>Caract\u00e9ristiques du produit : <br \/>Cat\u00e9gorie : porte-cl\u00e9s \u00e0 faire soi-m\u00eame. <br \/>Foret : diamants brillants + diamants form\u00e9s. <br \/>Style : 8 types disponibles. <br \/>Quantit\u00e9 : 10. <\/p>\n<p>Liste des produits : <br \/>10 plaques de base pour perceuse \u00e0 points. <br \/>10 perles de cha\u00eene. <br \/>10 porte-cl\u00e9s. <br \/>Kit de per\u00e7age x 2 copies. <br \/>Kit d&#8217;outils x 2 copies. <br \/>(Remarque : ce produit est un produit de bricolage, vous devez pointer la perceuse \u00e0 la main, pas pointer le produit fini). <\/span><\/p>\n<\/p>\n<p>Code UNSPSC  :  60121000 (Produits artistiques) Signaler un code incorrect              Dimensions du colis                                     \u200f                                          :                                     \u200e  17,7 x 14 x 3 cm; 150 grammes          Date de mise en ligne sur Amazon.fr                                     \u200f                                          :                                     \u200e  26 avril 2023                                  Fabricant                                     \u200f                                          :                                     \u200e  Kinsinder          ASIN                                     \u200f                                          :                                     \u200e  B0C3L8LBGQ          R\u00e9f\u00e9rence constructeur                                     \u200f                                          :                                     \u200e  DIA<\/p>\n","protected":false},"excerpt":{"rendered":"<p>Description du produit : Ce porte-cl\u00e9s \u00e0 faire soi-m\u00eame combin\u00e9 avec de la peinture diamant et des porte-cl\u00e9s, 10 motifs de formes diff\u00e9rentes et des diamants \u00e9tincelants, l&#8217;effet fini est<\/p>\n","protected":false},"featured_media":275418,"comment_status":"","ping_status":"closed","template":"","meta":{"_acf_changed":false},"product_brand":[],"product_cat":[3004],"product_tag":[],"class_list":{"0":"post-275417","1":"product","2":"type-product","3":"status-publish","4":"has-post-thumbnail","6":"product_cat-peinture-a-main","8":"first","9":"instock","10":"taxable","11":"shipping-taxable","12":"purchasable","13":"product-type-variable","14":"add-to-wishlist-after_add_to_cart"},"acf":[],"_links":{"self":[{"href":"https:\/\/amazonyguyane.fr\/wp-json\/wp\/v2\/product\/275417","targetHints":{"allow":["GET"]}}],"collection":[{"href":"https:\/\/amazonyguyane.fr\/wp-json\/wp\/v2\/product"}],"about":[{"href":"https:\/\/amazonyguyane.fr\/wp-json\/wp\/v2\/types\/product"}],"replies":[{"embeddable":true,"href":"https:\/\/amazonyguyane.fr\/wp-json\/wp\/v2\/comments?post=275417"}],"version-history":[{"count":0,"href":"https:\/\/amazonyguyane.fr\/wp-json\/wp\/v2\/product\/275417\/revisions"}],"wp:featuredmedia":[{"embeddable":true,"href":"https:\/\/amazonyguyane.fr\/wp-json\/wp\/v2\/media\/275418"}],"wp:attachment":[{"href":"https:\/\/amazonyguyane.fr\/wp-json\/wp\/v2\/media?parent=275417"}],"wp:term":[{"taxonomy":"product_brand","embeddable":true,"href":"https:\/\/amazonyguyane.fr\/wp-json\/wp\/v2\/product_brand?post=275417"},{"taxonomy":"product_cat","embeddable":true,"href":"https:\/\/amazonyguyane.fr\/wp-json\/wp\/v2\/product_cat?post=275417"},{"taxonomy":"product_tag","embeddable":true,"href":"https:\/\/amazonyguyane.fr\/wp-json\/wp\/v2\/product_tag?post=275417"}],"curies":[{"name":"wp","href":"https:\/\/api.w.org\/{rel}","templated":true}]}}