{"id":275775,"date":"2023-10-04T15:11:16","date_gmt":"2023-10-04T14:11:16","guid":{"rendered":"https:\/\/amazonyguyane.fr\/intex-piscinette-pasteque"},"modified":"2023-10-04T15:11:36","modified_gmt":"2023-10-04T14:11:36","slug":"intex-piscinette-pasteque","status":"publish","type":"product","link":"https:\/\/amazonyguyane.fr\/produit\/intex-piscinette-pasteque\/","title":{"rendered":"Intex piscinette past\u00e8que"},"content":{"rendered":"<p><!-- show up to 2 reviews by default -->                <\/p>\n<h3> <span>Description du produit<\/span> <\/h3>\n<p> <span>&#8211; L&#8217;endroit o\u00f9 la piscine sera install\u00e9e doit \u00eatre absolument plat et de niveau. Ne pas installer la piscine sur une pente ou une surface inclin\u00e9e.<\/span><\/p>\n<p><span> &#8211; Ne pas installer la piscine sur de la boue, du sable, un sol mou ou l\u00e2che.<\/span><\/p>\n<p><span> &#8211; Placer une toile de sol protectrice entre la zone s\u00e9lectionn\u00e9e et la piscine (non incluse, disponible s\u00e9par\u00e9ment).<\/span><\/p>\n<p><span> &#8211; Gonfler d&#8217;abord la chambre \u00e0 air inf\u00e9rieure avec une pompe \u00e0 air manuelle con\u00e7ue sp\u00e9cifiquement pour les produits gonflables, puis la chambre ou les chambres suivantes dans l&#8217;ordre.<\/span><\/p>\n<p><span> &#8211; Ne pas surgonfler le produit. Remplissez le produit d&#8217;air jusqu&#8217;\u00e0 ce que la surface soit ferme au toucher, mais pas dure. Si les coutures se d\u00e9forment, c&#8217;est que le produit est trop gonfl\u00e9. Si une couture commence \u00e0 se d\u00e9former, arr\u00eatez imm\u00e9diatement le gonflage et rel\u00e2chez un peu d&#8217;air pour r\u00e9duire la pression jusqu&#8217;\u00e0 ce que les signes de tension sur la couture disparaissent. Ne pas surgonfler ou utiliser un compresseur d&#8217;air \u00e0 haute pression, car cela pourrait entra\u00eener des fuites au niveau des coutures.<\/span><\/p>\n<p><span> &#8211; Fermer et encastrer fermement tous les capuchons des valves de gonflage en appuyant fermement dessus. Placez le produit sur une surface plane et propre, sans objets pointus qui pourraient percer le produit.<\/span><\/p>\n<p><span> &#8211; Retirez tous les objets durs, pointus et l\u00e2ches tels que bijoux, montres, boucles, cl\u00e9s, chaussures, \u00e9pingles \u00e0 cheveux, etc. des utilisateurs avant d&#8217;utiliser ou d&#8217;entrer dans la piscine.<\/span><\/p>\n<p><span> &#8211; S\u00e9chez soigneusement et rangez le produit dans un endroit s\u00fbr lorsqu&#8217;il n&#8217;est pas utilis\u00e9. Pliez le produit sans le serrer et \u00e9vitez les courbes, les coins et les plis aigus qui peuvent endommager l&#8217;appareil.<\/span><\/p>\n<p><span> &#8211; Les piscines sont sujettes \u00e0 l&#8217;usure et \u00e0 la d\u00e9t\u00e9rioration. Entretenez correctement votre piscine. Certains types de d\u00e9t\u00e9rioration excessive ou acc\u00e9l\u00e9r\u00e9e peuvent entra\u00eener une d\u00e9faillance de la piscine. Une d\u00e9faillance de la piscine peut entra\u00eener l&#8217;\u00e9coulement d&#8217;une grande quantit\u00e9 d&#8217;eau.<\/span><\/p>\n<\/p>\n<\/p>\n<\/p>\n<\/p>\n<h3> <span>Avertissement De S\u00fbret\u00e9<\/span> <\/h3>\n<p> <span>Ne convient pas aux enfants de moins de 3 ans. \u00c0 utiliser sous la surveillance d&#8217;un adulte<\/span>  <\/p>\n<p>Production interrompue par le fabricant                                     \u200f                                          :                                     \u200e  Non                Code UNSPSC  :  49000000 (Equipements, fournitures, accessoires de sport et de loisirs) Signaler un code incorrect              Date de sortie                                     \u200f                                          :                                     \u200e  9 juillet 2021          \u00c2ge recommand\u00e9 par le fabricant                                     \u200f                                          :                                     \u200e  8 &#8211; 99 ans          Num\u00e9ro du mod\u00e8le de l&#8217;article                                     \u200f                                          :                                     \u200e  58448NP          ASIN                                     \u200f                                          :                                     \u200e  B07FBFMRLK          Pays d&#8217;origine                                     \u200f                                          :                                     \u200e  Chine<\/p>\n","protected":false},"excerpt":{"rendered":"<p>Description du produit &#8211; L&#8217;endroit o\u00f9 la piscine sera install\u00e9e doit \u00eatre absolument plat et de niveau. Ne pas installer la piscine sur une pente ou une surface inclin\u00e9e. &#8211;<\/p>\n","protected":false},"featured_media":275776,"comment_status":"","ping_status":"closed","template":"","meta":{"_acf_changed":false},"product_brand":[],"product_cat":[3008],"product_tag":[],"class_list":{"0":"post-275775","1":"product","2":"type-product","3":"status-publish","4":"has-post-thumbnail","6":"product_cat-piscine-et-spa","8":"first","9":"instock","10":"taxable","11":"shipping-taxable","12":"purchasable","13":"product-type-variable","14":"add-to-wishlist-after_add_to_cart"},"acf":[],"_links":{"self":[{"href":"https:\/\/amazonyguyane.fr\/wp-json\/wp\/v2\/product\/275775","targetHints":{"allow":["GET"]}}],"collection":[{"href":"https:\/\/amazonyguyane.fr\/wp-json\/wp\/v2\/product"}],"about":[{"href":"https:\/\/amazonyguyane.fr\/wp-json\/wp\/v2\/types\/product"}],"replies":[{"embeddable":true,"href":"https:\/\/amazonyguyane.fr\/wp-json\/wp\/v2\/comments?post=275775"}],"version-history":[{"count":0,"href":"https:\/\/amazonyguyane.fr\/wp-json\/wp\/v2\/product\/275775\/revisions"}],"wp:featuredmedia":[{"embeddable":true,"href":"https:\/\/amazonyguyane.fr\/wp-json\/wp\/v2\/media\/275776"}],"wp:attachment":[{"href":"https:\/\/amazonyguyane.fr\/wp-json\/wp\/v2\/media?parent=275775"}],"wp:term":[{"taxonomy":"product_brand","embeddable":true,"href":"https:\/\/amazonyguyane.fr\/wp-json\/wp\/v2\/product_brand?post=275775"},{"taxonomy":"product_cat","embeddable":true,"href":"https:\/\/amazonyguyane.fr\/wp-json\/wp\/v2\/product_cat?post=275775"},{"taxonomy":"product_tag","embeddable":true,"href":"https:\/\/amazonyguyane.fr\/wp-json\/wp\/v2\/product_tag?post=275775"}],"curies":[{"name":"wp","href":"https:\/\/api.w.org\/{rel}","templated":true}]}}