{"id":275837,"date":"2023-10-04T15:12:35","date_gmt":"2023-10-04T14:12:35","guid":{"rendered":"https:\/\/amazonyguyane.fr\/intex-59431np-fishbowl-pool-multi-colour"},"modified":"2023-10-04T15:12:35","modified_gmt":"2023-10-04T14:12:35","slug":"intex-59431np-fishbowl-pool-multi-colour","status":"publish","type":"product","link":"https:\/\/amazonyguyane.fr\/?product=intex-59431np-fishbowl-pool-multi-colour","title":{"rendered":"INTEX 59431NP Fishbowl Pool &#8211; Multi-Colour"},"content":{"rendered":"<p><!-- show up to 2 reviews by default -->                <\/p>\n<h3> <span>Description du produit<\/span> <\/h3>\n<p> <span>-Taille apparaux. produit gonfl\u00e9: 132cm( Diam\u00e8tre) x 28cm &#8211; 3 Anneaux Hauteur d&#8217;eau 22cm &#8211; Capacit\u00e9 248LRustine incluse<\/span>  <\/p>\n<h3> <span>Contenu du coffret<\/span> <\/h3>\n<p> <span>Une piscine, rustine incluse<\/span>  <\/p>\n<p><\/p>\n","protected":false},"excerpt":{"rendered":"<p>Description du produit -Taille apparaux. produit gonfl\u00e9: 132cm( Diam\u00e8tre) x 28cm &#8211; 3 Anneaux Hauteur d&#8217;eau 22cm &#8211; Capacit\u00e9 248LRustine incluse Contenu du coffret Une piscine, rustine incluse<\/p>\n","protected":false},"featured_media":275838,"comment_status":"","ping_status":"closed","template":"","meta":{"_acf_changed":false},"product_brand":[],"product_cat":[3008],"product_tag":[],"class_list":{"0":"post-275837","1":"product","2":"type-product","3":"status-publish","4":"has-post-thumbnail","6":"product_cat-piscine-et-spa","8":"first","9":"instock","10":"taxable","11":"shipping-taxable","12":"purchasable","13":"product-type-simple","14":"add-to-wishlist-after_add_to_cart"},"acf":[],"_links":{"self":[{"href":"https:\/\/amazonyguyane.fr\/index.php?rest_route=\/wp\/v2\/product\/275837","targetHints":{"allow":["GET"]}}],"collection":[{"href":"https:\/\/amazonyguyane.fr\/index.php?rest_route=\/wp\/v2\/product"}],"about":[{"href":"https:\/\/amazonyguyane.fr\/index.php?rest_route=\/wp\/v2\/types\/product"}],"replies":[{"embeddable":true,"href":"https:\/\/amazonyguyane.fr\/index.php?rest_route=%2Fwp%2Fv2%2Fcomments&post=275837"}],"version-history":[{"count":0,"href":"https:\/\/amazonyguyane.fr\/index.php?rest_route=\/wp\/v2\/product\/275837\/revisions"}],"wp:featuredmedia":[{"embeddable":true,"href":"https:\/\/amazonyguyane.fr\/index.php?rest_route=\/wp\/v2\/media\/275838"}],"wp:attachment":[{"href":"https:\/\/amazonyguyane.fr\/index.php?rest_route=%2Fwp%2Fv2%2Fmedia&parent=275837"}],"wp:term":[{"taxonomy":"product_brand","embeddable":true,"href":"https:\/\/amazonyguyane.fr\/index.php?rest_route=%2Fwp%2Fv2%2Fproduct_brand&post=275837"},{"taxonomy":"product_cat","embeddable":true,"href":"https:\/\/amazonyguyane.fr\/index.php?rest_route=%2Fwp%2Fv2%2Fproduct_cat&post=275837"},{"taxonomy":"product_tag","embeddable":true,"href":"https:\/\/amazonyguyane.fr\/index.php?rest_route=%2Fwp%2Fv2%2Fproduct_tag&post=275837"}],"curies":[{"name":"wp","href":"https:\/\/api.w.org\/{rel}","templated":true}]}}