{"id":276031,"date":"2023-10-04T15:16:23","date_gmt":"2023-10-04T14:16:23","guid":{"rendered":"https:\/\/amazonyguyane.fr\/intex-28502-siege-pure-spa"},"modified":"2023-10-04T15:16:32","modified_gmt":"2023-10-04T14:16:32","slug":"intex-28502-siege-pure-spa","status":"publish","type":"product","link":"https:\/\/amazonyguyane.fr\/produit\/intex-28502-siege-pure-spa\/","title":{"rendered":"Intex &#8211; 28502 &#8211; Si\u00e8ge Pure Spa"},"content":{"rendered":"<p><!-- show up to 2 reviews by default -->                        <\/p>\n<p> <span>Avec le si\u00e8ge PureSpa, installez-vous confortablement dans votre spa gonflable INTEX et profitez encore plus intens\u00e9ment d\u2019un moment de pure d\u00e9tente. \u00c9labor\u00e9 pour \u00e9pouser les formes du corps, ce si\u00e8ge permet de vous rehausser l\u00e9g\u00e8rement gr\u00e2ce \u00e0 ses deux hauteurs r\u00e9glables. Pour ne pas abimer le fond de votre PureSpa, le si\u00e8ge est \u00e9quip\u00e9 de protections en dessous des pieds.<\/span>  <\/p>\n<p><\/p>\n","protected":false},"excerpt":{"rendered":"<p>Avec le si\u00e8ge PureSpa, installez-vous confortablement dans votre spa gonflable INTEX et profitez encore plus intens\u00e9ment d\u2019un moment de pure d\u00e9tente. \u00c9labor\u00e9 pour \u00e9pouser les formes du corps, ce si\u00e8ge<\/p>\n","protected":false},"featured_media":276032,"comment_status":"","ping_status":"closed","template":"","meta":{"_acf_changed":false},"product_brand":[],"product_cat":[3008],"product_tag":[],"class_list":{"0":"post-276031","1":"product","2":"type-product","3":"status-publish","4":"has-post-thumbnail","6":"product_cat-piscine-et-spa","8":"first","9":"instock","10":"taxable","11":"shipping-taxable","12":"purchasable","13":"product-type-variable","14":"add-to-wishlist-after_add_to_cart"},"acf":[],"_links":{"self":[{"href":"https:\/\/amazonyguyane.fr\/wp-json\/wp\/v2\/product\/276031","targetHints":{"allow":["GET"]}}],"collection":[{"href":"https:\/\/amazonyguyane.fr\/wp-json\/wp\/v2\/product"}],"about":[{"href":"https:\/\/amazonyguyane.fr\/wp-json\/wp\/v2\/types\/product"}],"replies":[{"embeddable":true,"href":"https:\/\/amazonyguyane.fr\/wp-json\/wp\/v2\/comments?post=276031"}],"version-history":[{"count":0,"href":"https:\/\/amazonyguyane.fr\/wp-json\/wp\/v2\/product\/276031\/revisions"}],"wp:featuredmedia":[{"embeddable":true,"href":"https:\/\/amazonyguyane.fr\/wp-json\/wp\/v2\/media\/276032"}],"wp:attachment":[{"href":"https:\/\/amazonyguyane.fr\/wp-json\/wp\/v2\/media?parent=276031"}],"wp:term":[{"taxonomy":"product_brand","embeddable":true,"href":"https:\/\/amazonyguyane.fr\/wp-json\/wp\/v2\/product_brand?post=276031"},{"taxonomy":"product_cat","embeddable":true,"href":"https:\/\/amazonyguyane.fr\/wp-json\/wp\/v2\/product_cat?post=276031"},{"taxonomy":"product_tag","embeddable":true,"href":"https:\/\/amazonyguyane.fr\/wp-json\/wp\/v2\/product_tag?post=276031"}],"curies":[{"name":"wp","href":"https:\/\/api.w.org\/{rel}","templated":true}]}}