{"id":276177,"date":"2023-10-04T15:18:53","date_gmt":"2023-10-04T14:18:53","guid":{"rendered":"https:\/\/amazonyguyane.fr\/spa-gonflable-4-places-carre-ospazia-dimensions-155-x-155-cm-filtre-et-bache-inclus"},"modified":"2023-10-04T15:18:53","modified_gmt":"2023-10-04T14:18:53","slug":"spa-gonflable-4-places-carre-ospazia-dimensions-155-x-155-cm-filtre-et-bache-inclus","status":"publish","type":"product","link":"https:\/\/amazonyguyane.fr\/produit\/spa-gonflable-4-places-carre-ospazia-dimensions-155-x-155-cm-filtre-et-bache-inclus\/","title":{"rendered":"Spa Gonflable 4 Places carr\u00e9 &#8211; Ospazia &#8211; Dimensions : 155 x 155 cm &#8211; Filtre et b\u00e2che Inclus"},"content":{"rendered":"<p><!-- show up to 2 reviews by default -->                        <\/p>\n<p> <span>&#8220;O&#8217;SPAZIA est une marque sp\u00e9cialis\u00e9e dans la commercialisation de spas gonflables et d\u2019accessoires pour jacuzzis, elle s\u2019efforce, avec le plus grand soin, de s\u00e9lectionner pour vous les meilleurs produits du march\u00e9 pour une utilisation durable et en toute confiance. Vous succomberez sans nul doute \u00e0 ce merveilleux spa de forme originale carr\u00e9e gonflable 4 places, novateur et facile d\u2019utilisation. Avec ses 130 micro jets, votre d\u00e9tente sera optimale. Apr\u00e8s le travail ou le sport, vous serez heureux de le retrouver, pour un moment de plaisir seul ou \u00e0 plusieurs, en couple, en famille ou entre amis. Son moteur int\u00e9gr\u00e9 assure le gonflage et la chauffe de l\u2019eau jusqu\u2019\u00e0 40 degr\u00e9s. Sa structure gonflable se gonfle en seulement 5 minutes et le temps de chauffe est d\u20191,5 degr\u00e9 par heure. Utilisez un produit sp\u00e9cial spa pour son entretien mais pas de chlore. Son panneau de contr\u00f4le digital int\u00e9gr\u00e9 vous permettra de r\u00e9gler la temp\u00e9rature, le flux de bulles et la filtration. La pompe de filtration est de 12 V avec un d\u00e9bit de 1880 litres par heure. Livr\u00e9 avec 1 filtre, 1 cadenas, 1 tuyau de gonflage, 1 couverture de protection en polyur\u00e9thane renforc\u00e9. Alimentation 220 V et dimensions 155&#215;155 cm pour 65 cm de hauteur. La marque O\u2019Spazia garantit la structure gonflable de votre spa 6 mois et son moteur 2 ans. Normes : CE, GS, ETL, CETL, SAA, JET.<\/span>  <\/p>\n<p><\/p>\n","protected":false},"excerpt":{"rendered":"<p>&#8220;O&#8217;SPAZIA est une marque sp\u00e9cialis\u00e9e dans la commercialisation de spas gonflables et d\u2019accessoires pour jacuzzis, elle s\u2019efforce, avec le plus grand soin, de s\u00e9lectionner pour vous les meilleurs produits du<\/p>\n","protected":false},"featured_media":276178,"comment_status":"","ping_status":"closed","template":"","meta":{"_acf_changed":false},"product_brand":[],"product_cat":[3008],"product_tag":[],"class_list":{"0":"post-276177","1":"product","2":"type-product","3":"status-publish","4":"has-post-thumbnail","6":"product_cat-piscine-et-spa","8":"first","9":"outofstock","10":"taxable","11":"shipping-taxable","12":"purchasable","13":"product-type-simple","14":"add-to-wishlist-after_add_to_cart"},"acf":[],"_links":{"self":[{"href":"https:\/\/amazonyguyane.fr\/wp-json\/wp\/v2\/product\/276177","targetHints":{"allow":["GET"]}}],"collection":[{"href":"https:\/\/amazonyguyane.fr\/wp-json\/wp\/v2\/product"}],"about":[{"href":"https:\/\/amazonyguyane.fr\/wp-json\/wp\/v2\/types\/product"}],"replies":[{"embeddable":true,"href":"https:\/\/amazonyguyane.fr\/wp-json\/wp\/v2\/comments?post=276177"}],"version-history":[{"count":0,"href":"https:\/\/amazonyguyane.fr\/wp-json\/wp\/v2\/product\/276177\/revisions"}],"wp:featuredmedia":[{"embeddable":true,"href":"https:\/\/amazonyguyane.fr\/wp-json\/wp\/v2\/media\/276178"}],"wp:attachment":[{"href":"https:\/\/amazonyguyane.fr\/wp-json\/wp\/v2\/media?parent=276177"}],"wp:term":[{"taxonomy":"product_brand","embeddable":true,"href":"https:\/\/amazonyguyane.fr\/wp-json\/wp\/v2\/product_brand?post=276177"},{"taxonomy":"product_cat","embeddable":true,"href":"https:\/\/amazonyguyane.fr\/wp-json\/wp\/v2\/product_cat?post=276177"},{"taxonomy":"product_tag","embeddable":true,"href":"https:\/\/amazonyguyane.fr\/wp-json\/wp\/v2\/product_tag?post=276177"}],"curies":[{"name":"wp","href":"https:\/\/api.w.org\/{rel}","templated":true}]}}