{"id":276257,"date":"2023-10-04T15:20:33","date_gmt":"2023-10-04T14:20:33","guid":{"rendered":"https:\/\/amazonyguyane.fr\/lay-z-spa-structure-gonflable-pour-spa-miami-54123-2016"},"modified":"2023-10-04T15:20:33","modified_gmt":"2023-10-04T14:20:33","slug":"lay-z-spa-structure-gonflable-pour-spa-miami-54123-2016","status":"publish","type":"product","link":"https:\/\/amazonyguyane.fr\/?product=lay-z-spa-structure-gonflable-pour-spa-miami-54123-2016","title":{"rendered":"Lay-Z-Spa Structure gonflable pour spa Miami 54123 2016"},"content":{"rendered":"<p><!-- show up to 2 reviews by default -->                        <\/p>\n<p> <span>Structure gonflable de rechange pour Lay-Z-Spa Miami. Id\u00e9al si la partie gonflable d&#8217;origine de votre spa Miami s&#8217;est ab\u00eem\u00e9e au fil des ans.<\/p>\n<p><\/span><span class=\"a-text-bold\">Compatibilit\u00e9&nbsp;:<\/span><span><br \/>Lay-Z-Spa Miami 54123.<\/span>  <\/p>\n<p><\/p>\n","protected":false},"excerpt":{"rendered":"<p>Structure gonflable de rechange pour Lay-Z-Spa Miami. Id\u00e9al si la partie gonflable d&#8217;origine de votre spa Miami s&#8217;est ab\u00eem\u00e9e au fil des ans. Compatibilit\u00e9&nbsp;:Lay-Z-Spa Miami 54123.<\/p>\n","protected":false},"featured_media":276260,"comment_status":"","ping_status":"closed","template":"","meta":{"_acf_changed":false},"product_brand":[],"product_cat":[3008],"product_tag":[],"class_list":{"0":"post-276257","1":"product","2":"type-product","3":"status-publish","4":"has-post-thumbnail","6":"product_cat-piscine-et-spa","8":"first","9":"instock","10":"taxable","11":"shipping-taxable","12":"purchasable","13":"product-type-simple","14":"add-to-wishlist-after_add_to_cart"},"acf":[],"_links":{"self":[{"href":"https:\/\/amazonyguyane.fr\/index.php?rest_route=\/wp\/v2\/product\/276257","targetHints":{"allow":["GET"]}}],"collection":[{"href":"https:\/\/amazonyguyane.fr\/index.php?rest_route=\/wp\/v2\/product"}],"about":[{"href":"https:\/\/amazonyguyane.fr\/index.php?rest_route=\/wp\/v2\/types\/product"}],"replies":[{"embeddable":true,"href":"https:\/\/amazonyguyane.fr\/index.php?rest_route=%2Fwp%2Fv2%2Fcomments&post=276257"}],"version-history":[{"count":0,"href":"https:\/\/amazonyguyane.fr\/index.php?rest_route=\/wp\/v2\/product\/276257\/revisions"}],"wp:featuredmedia":[{"embeddable":true,"href":"https:\/\/amazonyguyane.fr\/index.php?rest_route=\/wp\/v2\/media\/276260"}],"wp:attachment":[{"href":"https:\/\/amazonyguyane.fr\/index.php?rest_route=%2Fwp%2Fv2%2Fmedia&parent=276257"}],"wp:term":[{"taxonomy":"product_brand","embeddable":true,"href":"https:\/\/amazonyguyane.fr\/index.php?rest_route=%2Fwp%2Fv2%2Fproduct_brand&post=276257"},{"taxonomy":"product_cat","embeddable":true,"href":"https:\/\/amazonyguyane.fr\/index.php?rest_route=%2Fwp%2Fv2%2Fproduct_cat&post=276257"},{"taxonomy":"product_tag","embeddable":true,"href":"https:\/\/amazonyguyane.fr\/index.php?rest_route=%2Fwp%2Fv2%2Fproduct_tag&post=276257"}],"curies":[{"name":"wp","href":"https:\/\/api.w.org\/{rel}","templated":true}]}}