{"id":276265,"date":"2023-10-04T15:20:40","date_gmt":"2023-10-04T14:20:40","guid":{"rendered":"https:\/\/amazonyguyane.fr\/exit-toys-couvercle-de-spa-gonflable-o160cm"},"modified":"2023-10-04T15:20:40","modified_gmt":"2023-10-04T14:20:40","slug":"exit-toys-couvercle-de-spa-gonflable-o160cm","status":"publish","type":"product","link":"https:\/\/amazonyguyane.fr\/?product=exit-toys-couvercle-de-spa-gonflable-o160cm","title":{"rendered":"EXIT TOYS Couvercle de Spa Gonflable \u00f8160cm"},"content":{"rendered":"<p><!-- show up to 2 reviews by default -->                        <\/p>\n<p> <span>Le couvercle de spa gonflable \u00f8160cm est un couvercle pratique pour fermer herm\u00e9tiquement ton spa. Le couvercle taille \u00f8160cm s&#8217;adapte aux spas Silver Classic (4 personnes) d&#8217;EXIT Toys. Gonfle ais\u00e9ment le couvercle rond avec la pompe multifonctionnelle du spa, et place ensuite le couvercle sous la b\u00e2che de protection. Le couvercle permet de chauffer plus vite l&#8217;eau du spa, de la maintenir \u00e0 temp\u00e9rature, et de mieux laisser ruisseler l&#8217;eau de pluie de la b\u00e2che. Les couvercles de spa sont fabriqu\u00e9s en pvc de grande qualit\u00e9 et sont r\u00e9sistants aux chocs. Comme le couvercle repose enti\u00e8rement sous la b\u00e2che de protection du spa, ton jardin garde toujours un aspect reposant. Le couvercle est l\u00e9ger et se met et se retire facilement entre deux visites au spa. Attention : le diam\u00e8tre d\u2019un couvercle du spa doit \u00eatre plus petit que le diam\u00e8tre du spa lui-m\u00eame. Ce couvercle repose en effet sur l\u2019eau, entre les parois du spa donc.<\/span>  <\/p>\n<p><\/p>\n","protected":false},"excerpt":{"rendered":"<p>Le couvercle de spa gonflable \u00f8160cm est un couvercle pratique pour fermer herm\u00e9tiquement ton spa. Le couvercle taille \u00f8160cm s&#8217;adapte aux spas Silver Classic (4 personnes) d&#8217;EXIT Toys. Gonfle ais\u00e9ment<\/p>\n","protected":false},"featured_media":276266,"comment_status":"","ping_status":"closed","template":"","meta":{"_acf_changed":false},"product_brand":[],"product_cat":[3008],"product_tag":[],"class_list":{"0":"post-276265","1":"product","2":"type-product","3":"status-publish","4":"has-post-thumbnail","6":"product_cat-piscine-et-spa","8":"first","9":"instock","10":"taxable","11":"shipping-taxable","12":"purchasable","13":"product-type-simple","14":"add-to-wishlist-after_add_to_cart"},"acf":[],"_links":{"self":[{"href":"https:\/\/amazonyguyane.fr\/index.php?rest_route=\/wp\/v2\/product\/276265","targetHints":{"allow":["GET"]}}],"collection":[{"href":"https:\/\/amazonyguyane.fr\/index.php?rest_route=\/wp\/v2\/product"}],"about":[{"href":"https:\/\/amazonyguyane.fr\/index.php?rest_route=\/wp\/v2\/types\/product"}],"replies":[{"embeddable":true,"href":"https:\/\/amazonyguyane.fr\/index.php?rest_route=%2Fwp%2Fv2%2Fcomments&post=276265"}],"version-history":[{"count":0,"href":"https:\/\/amazonyguyane.fr\/index.php?rest_route=\/wp\/v2\/product\/276265\/revisions"}],"wp:featuredmedia":[{"embeddable":true,"href":"https:\/\/amazonyguyane.fr\/index.php?rest_route=\/wp\/v2\/media\/276266"}],"wp:attachment":[{"href":"https:\/\/amazonyguyane.fr\/index.php?rest_route=%2Fwp%2Fv2%2Fmedia&parent=276265"}],"wp:term":[{"taxonomy":"product_brand","embeddable":true,"href":"https:\/\/amazonyguyane.fr\/index.php?rest_route=%2Fwp%2Fv2%2Fproduct_brand&post=276265"},{"taxonomy":"product_cat","embeddable":true,"href":"https:\/\/amazonyguyane.fr\/index.php?rest_route=%2Fwp%2Fv2%2Fproduct_cat&post=276265"},{"taxonomy":"product_tag","embeddable":true,"href":"https:\/\/amazonyguyane.fr\/index.php?rest_route=%2Fwp%2Fv2%2Fproduct_tag&post=276265"}],"curies":[{"name":"wp","href":"https:\/\/api.w.org\/{rel}","templated":true}]}}