{"id":276523,"date":"2023-10-04T15:25:54","date_gmt":"2023-10-04T14:25:54","guid":{"rendered":"https:\/\/amazonyguyane.fr\/siege-gonflable-pour-spa"},"modified":"2023-10-04T15:25:54","modified_gmt":"2023-10-04T14:25:54","slug":"siege-gonflable-pour-spa","status":"publish","type":"product","link":"https:\/\/amazonyguyane.fr\/?product=siege-gonflable-pour-spa","title":{"rendered":"Si\u00e8ge Gonflable pour Spa"},"content":{"rendered":"<p><!-- show up to 2 reviews by default -->                        <\/p>\n<p> <span>Si\u00e8ge de spa pratique et gonfl\u00e9 rapidement. Son syst\u00e8me de fixation \u00e0 ventouse vous permet de l&#8217;installer \u00e0 l&#8217;endroit que vous souhaitez et sur n&#8217;importe quel spa<\/span>  <\/p>\n<p><\/p>\n","protected":false},"excerpt":{"rendered":"<p>Si\u00e8ge de spa pratique et gonfl\u00e9 rapidement. Son syst\u00e8me de fixation \u00e0 ventouse vous permet de l&#8217;installer \u00e0 l&#8217;endroit que vous souhaitez et sur n&#8217;importe quel spa<\/p>\n","protected":false},"featured_media":276524,"comment_status":"","ping_status":"closed","template":"","meta":{"_acf_changed":false},"product_brand":[],"product_cat":[3008],"product_tag":[],"class_list":{"0":"post-276523","1":"product","2":"type-product","3":"status-publish","4":"has-post-thumbnail","6":"product_cat-piscine-et-spa","8":"first","9":"instock","10":"taxable","11":"shipping-taxable","12":"purchasable","13":"product-type-simple","14":"add-to-wishlist-after_add_to_cart"},"acf":[],"_links":{"self":[{"href":"https:\/\/amazonyguyane.fr\/index.php?rest_route=\/wp\/v2\/product\/276523","targetHints":{"allow":["GET"]}}],"collection":[{"href":"https:\/\/amazonyguyane.fr\/index.php?rest_route=\/wp\/v2\/product"}],"about":[{"href":"https:\/\/amazonyguyane.fr\/index.php?rest_route=\/wp\/v2\/types\/product"}],"replies":[{"embeddable":true,"href":"https:\/\/amazonyguyane.fr\/index.php?rest_route=%2Fwp%2Fv2%2Fcomments&post=276523"}],"version-history":[{"count":0,"href":"https:\/\/amazonyguyane.fr\/index.php?rest_route=\/wp\/v2\/product\/276523\/revisions"}],"wp:featuredmedia":[{"embeddable":true,"href":"https:\/\/amazonyguyane.fr\/index.php?rest_route=\/wp\/v2\/media\/276524"}],"wp:attachment":[{"href":"https:\/\/amazonyguyane.fr\/index.php?rest_route=%2Fwp%2Fv2%2Fmedia&parent=276523"}],"wp:term":[{"taxonomy":"product_brand","embeddable":true,"href":"https:\/\/amazonyguyane.fr\/index.php?rest_route=%2Fwp%2Fv2%2Fproduct_brand&post=276523"},{"taxonomy":"product_cat","embeddable":true,"href":"https:\/\/amazonyguyane.fr\/index.php?rest_route=%2Fwp%2Fv2%2Fproduct_cat&post=276523"},{"taxonomy":"product_tag","embeddable":true,"href":"https:\/\/amazonyguyane.fr\/index.php?rest_route=%2Fwp%2Fv2%2Fproduct_tag&post=276523"}],"curies":[{"name":"wp","href":"https:\/\/api.w.org\/{rel}","templated":true}]}}