{"id":276567,"date":"2023-10-04T15:26:44","date_gmt":"2023-10-04T14:26:44","guid":{"rendered":"https:\/\/amazonyguyane.fr\/intex-29056-kit-accessoires-de-base-epuisette-surface"},"modified":"2023-10-04T15:26:44","modified_gmt":"2023-10-04T14:26:44","slug":"intex-29056-kit-accessoires-de-base-epuisette-surface","status":"publish","type":"product","link":"https:\/\/amazonyguyane.fr\/produit\/intex-29056-kit-accessoires-de-base-epuisette-surface\/","title":{"rendered":"Intex &#8211; 29056 &#8211; Kit Accessoires De Base Epuisette Surface"},"content":{"rendered":"<p><!-- show up to 2 reviews by default -->                <\/p>\n<h3> <span>Description du produit<\/span> <\/h3>\n<p> <span>Kit accessoires de base pour l&#8217;entretien de la piscine<\/span>  <\/p>\n<h3> <span>Contenu du coffret<\/span> <\/h3>\n<p> <span>une \u00e9puisette, une brosse, une t\u00eate de balai, un sac \u00e0 d\u00e9bris<\/span>  <\/p>\n<p><\/p>\n","protected":false},"excerpt":{"rendered":"<p>Description du produit Kit accessoires de base pour l&#8217;entretien de la piscine Contenu du coffret une \u00e9puisette, une brosse, une t\u00eate de balai, un sac \u00e0 d\u00e9bris<\/p>\n","protected":false},"featured_media":276568,"comment_status":"","ping_status":"closed","template":"","meta":{"_acf_changed":false},"product_brand":[],"product_cat":[3008],"product_tag":[],"class_list":{"0":"post-276567","1":"product","2":"type-product","3":"status-publish","4":"has-post-thumbnail","6":"product_cat-piscine-et-spa","8":"first","9":"instock","10":"taxable","11":"shipping-taxable","12":"purchasable","13":"product-type-simple","14":"add-to-wishlist-after_add_to_cart"},"acf":[],"_links":{"self":[{"href":"https:\/\/amazonyguyane.fr\/wp-json\/wp\/v2\/product\/276567","targetHints":{"allow":["GET"]}}],"collection":[{"href":"https:\/\/amazonyguyane.fr\/wp-json\/wp\/v2\/product"}],"about":[{"href":"https:\/\/amazonyguyane.fr\/wp-json\/wp\/v2\/types\/product"}],"replies":[{"embeddable":true,"href":"https:\/\/amazonyguyane.fr\/wp-json\/wp\/v2\/comments?post=276567"}],"version-history":[{"count":0,"href":"https:\/\/amazonyguyane.fr\/wp-json\/wp\/v2\/product\/276567\/revisions"}],"wp:featuredmedia":[{"embeddable":true,"href":"https:\/\/amazonyguyane.fr\/wp-json\/wp\/v2\/media\/276568"}],"wp:attachment":[{"href":"https:\/\/amazonyguyane.fr\/wp-json\/wp\/v2\/media?parent=276567"}],"wp:term":[{"taxonomy":"product_brand","embeddable":true,"href":"https:\/\/amazonyguyane.fr\/wp-json\/wp\/v2\/product_brand?post=276567"},{"taxonomy":"product_cat","embeddable":true,"href":"https:\/\/amazonyguyane.fr\/wp-json\/wp\/v2\/product_cat?post=276567"},{"taxonomy":"product_tag","embeddable":true,"href":"https:\/\/amazonyguyane.fr\/wp-json\/wp\/v2\/product_tag?post=276567"}],"curies":[{"name":"wp","href":"https:\/\/api.w.org\/{rel}","templated":true}]}}