{"id":276917,"date":"2023-10-04T15:32:58","date_gmt":"2023-10-04T14:32:58","guid":{"rendered":"https:\/\/amazonyguyane.fr\/petstible-lot-de-2-supports-en-aluminium-de-qualite-superieure-pour-poteau-de-piscine-accessoires-de-nettoyage-tige-de-rangement-en-aluminium-tige-de-rangement-pour-materiel-de-nettoyage"},"modified":"2023-10-04T15:32:58","modified_gmt":"2023-10-04T14:32:58","slug":"petstible-lot-de-2-supports-en-aluminium-de-qualite-superieure-pour-poteau-de-piscine-accessoires-de-nettoyage-tige-de-rangement-en-aluminium-tige-de-rangement-pour-materiel-de-nettoyage","status":"publish","type":"product","link":"https:\/\/amazonyguyane.fr\/produit\/petstible-lot-de-2-supports-en-aluminium-de-qualite-superieure-pour-poteau-de-piscine-accessoires-de-nettoyage-tige-de-rangement-en-aluminium-tige-de-rangement-pour-materiel-de-nettoyage\/","title":{"rendered":"PETSTIBLE Lot de 2 supports en aluminium de qualit\u00e9 sup\u00e9rieure pour poteau de piscine &#8211; Accessoires de nettoyage &#8211; Tige de rangement en aluminium &#8211; Tige de rangement pour mat\u00e9riel de nettoyage"},"content":{"rendered":"<p><!-- show up to 2 reviews by default -->                        <\/p>\n<p><span>Caract\u00e9ristiques : <\/span><\/p>\n<\/p>\n<p><span>*Mat\u00e9riau : aluminium. <\/span><\/p>\n<p><span>* Couleur : argent\u00e9 (comme sur les photos). <\/span><\/p>\n<p><span>*Quantit\u00e9 : 1 paire. <\/span><\/p>\n<\/p>\n<p><span>Contenu de la livraison : <\/span><\/p>\n<\/p>\n<p><span>1 paire de cintres en aluminium (avec vis). <\/span><\/p>\n<\/p>\n<p><span>Remarque : <\/span><\/p>\n<p><span>1. La couleur r\u00e9elle de l&#8217;article peut \u00eatre l\u00e9g\u00e8rement diff\u00e9rente de celle des photos pr\u00e9sent\u00e9es sur le site Web en raison de nombreux facteurs tels que la luminosit\u00e9 de votre \u00e9cran et la luminosit\u00e9 de la lumi\u00e8re. <\/span><\/p>\n<p><span>2. Les mesures \u00e9tant prises \u00e0 la main, les tailles indiqu\u00e9es peuvent varier l\u00e9g\u00e8rement. <\/span><\/p>\n<\/p>\n<p><\/p>\n","protected":false},"excerpt":{"rendered":"<p>Caract\u00e9ristiques : *Mat\u00e9riau : aluminium. * Couleur : argent\u00e9 (comme sur les photos). *Quantit\u00e9 : 1 paire. Contenu de la livraison : 1 paire de cintres en aluminium (avec vis).<\/p>\n","protected":false},"featured_media":276918,"comment_status":"","ping_status":"closed","template":"","meta":{"_acf_changed":false},"product_brand":[],"product_cat":[3008],"product_tag":[],"class_list":{"0":"post-276917","1":"product","2":"type-product","3":"status-publish","4":"has-post-thumbnail","6":"product_cat-piscine-et-spa","8":"first","9":"instock","10":"taxable","11":"shipping-taxable","12":"purchasable","13":"product-type-simple","14":"add-to-wishlist-after_add_to_cart"},"acf":[],"_links":{"self":[{"href":"https:\/\/amazonyguyane.fr\/wp-json\/wp\/v2\/product\/276917","targetHints":{"allow":["GET"]}}],"collection":[{"href":"https:\/\/amazonyguyane.fr\/wp-json\/wp\/v2\/product"}],"about":[{"href":"https:\/\/amazonyguyane.fr\/wp-json\/wp\/v2\/types\/product"}],"replies":[{"embeddable":true,"href":"https:\/\/amazonyguyane.fr\/wp-json\/wp\/v2\/comments?post=276917"}],"version-history":[{"count":0,"href":"https:\/\/amazonyguyane.fr\/wp-json\/wp\/v2\/product\/276917\/revisions"}],"wp:featuredmedia":[{"embeddable":true,"href":"https:\/\/amazonyguyane.fr\/wp-json\/wp\/v2\/media\/276918"}],"wp:attachment":[{"href":"https:\/\/amazonyguyane.fr\/wp-json\/wp\/v2\/media?parent=276917"}],"wp:term":[{"taxonomy":"product_brand","embeddable":true,"href":"https:\/\/amazonyguyane.fr\/wp-json\/wp\/v2\/product_brand?post=276917"},{"taxonomy":"product_cat","embeddable":true,"href":"https:\/\/amazonyguyane.fr\/wp-json\/wp\/v2\/product_cat?post=276917"},{"taxonomy":"product_tag","embeddable":true,"href":"https:\/\/amazonyguyane.fr\/wp-json\/wp\/v2\/product_tag?post=276917"}],"curies":[{"name":"wp","href":"https:\/\/api.w.org\/{rel}","templated":true}]}}