{"id":277979,"date":"2023-10-04T15:58:06","date_gmt":"2023-10-04T14:58:06","guid":{"rendered":"https:\/\/amazonyguyane.fr\/jewanbloc-porte-tiroir-securite-bebe-8-securite-placard-enfant-bloque-porte-placard-bebe-securite-enfant-placard-bebe-bloque-tiroir-securite-enfant-pour-armoires-tiroirs-refrigerateurs"},"modified":"2023-10-04T15:58:06","modified_gmt":"2023-10-04T14:58:06","slug":"jewanbloc-porte-tiroir-securite-bebe-8-securite-placard-enfant-bloque-porte-placard-bebe-securite-enfant-placard-bebe-bloque-tiroir-securite-enfant-pour-armoires-tiroirs-refrigerateurs","status":"publish","type":"product","link":"https:\/\/amazonyguyane.fr\/produit\/jewanbloc-porte-tiroir-securite-bebe-8-securite-placard-enfant-bloque-porte-placard-bebe-securite-enfant-placard-bebe-bloque-tiroir-securite-enfant-pour-armoires-tiroirs-refrigerateurs\/","title":{"rendered":"JewanBloc Porte Tiroir Securite Bebe, 8 Securite Placard Enfant Bloque Porte Placard B\u00e9b\u00e9 S\u00e9curit\u00e9 Enfant Placard B\u00e9b\u00e9 Bloque Tiroir Securite Enfant pour Armoires, Tiroirs, R\u00e9frig\u00e9rateurs"},"content":{"rendered":"<li class=\"a-spacing-mini\"><span class=\"a-list-item\"> <b>\u3010Mat\u00e9riaux \u00e9cologiques et durables\u3011<\/b>Le bloc porte securite bebe est fabriqu\u00e9 en mat\u00e9riaux \u00e9cologiques ABS et PVC, sans phtalates, BPA et m\u00e9taux lourds, s\u00fbrs et inodores. Offre plus de souplesse et de durabilit\u00e9 pour tenir votre b\u00e9b\u00e9 \u00e0 l&#8217;\u00e9cart des produits m\u00e9nagers potentiellement toxiques ou dangereux.  <\/span><\/li>\n<li class=\"a-spacing-mini\"><span class=\"a-list-item\"> <b>\u3010Design ajustable\u3011<\/b> Le bloque porte b\u00e9b\u00e9 est librement ajustable et peut \u00eatre coup\u00e9 \u00e0 la bonne longueur pour s&#8217;adapter \u00e0 diff\u00e9rents meubles en fonction de la surface de montage, le design flexible rend le bloc tiroir securite bebe plus adapt\u00e9 \u00e0 une utilisation domestique.  <\/span><\/li>\n<li class=\"a-spacing-mini\"><span class=\"a-list-item\"> <b>\u3010Adh\u00e9sif fort\u3011<\/b>Le solide ruban adh\u00e9sif 3M vous offre une s\u00e9curit\u00e9 suffisante et l&#8217;adh\u00e9sif est si fort qu&#8217;il met nos jeunes enfants \u00e0 l&#8217;abri du danger. Si vous souhaitez retirer le bloque porte b\u00e9b\u00e9 verrouillage s\u00e9curit\u00e9, il suffit de le chauffer bri\u00e8vement \u00e0 l&#8217;aide d&#8217;un s\u00e8che-cheveux et l&#8217;adh\u00e9sif peut \u00eatre facilement retir\u00e9 sans laisser de trace.  <\/span><\/li>\n<li class=\"a-spacing-mini\"><span class=\"a-list-item\"> <b>\u3010Facile \u00e0 installer\u3011<\/b>Incluant des instructions dans le paquet, la bloque tiroir securite enfant est facile \u00e0 installer selon les instructions, pas besoin de percer\/visser, appuyez doucement sur la serrure de s\u00e9curit\u00e9 pendant 30 secondes, puis laissez-la pendant 24 heures pour am\u00e9liorer l&#8217;adh\u00e9rence, puis vous pouvez facilement terminer l&#8217;installation.  <\/span><\/li>\n<li class=\"a-spacing-mini\"><span class=\"a-list-item\"> <b>\u3010Grandement utilis\u00e9\u3011<\/b>Les bloque placard b\u00e9b\u00e9 peuvent \u00eatre utilis\u00e9s sur de nombreux types de surfaces, comme le m\u00e9tal, le bois, la pierre, le verre, etc. Securite placard enfant prot\u00e8ge de mani\u00e8re fiable les meubles et les gadgets tels que les armoires, les r\u00e9frig\u00e9rateurs, les fours, les toilettes, les portes, les fen\u00eatres, les commodes, les tables de cuisson, les machines \u00e0 laver, les s\u00e9choirs, les bacs, etc.  <\/span><\/li>\n<p><\/p>\n","protected":false},"excerpt":{"rendered":"<p>\u3010Mat\u00e9riaux \u00e9cologiques et durables\u3011Le bloc porte securite bebe est fabriqu\u00e9 en mat\u00e9riaux \u00e9cologiques ABS et PVC, sans phtalates, BPA et m\u00e9taux lourds, s\u00fbrs et inodores. Offre plus de souplesse et<\/p>\n","protected":false},"featured_media":277981,"comment_status":"","ping_status":"closed","template":"","meta":{"_acf_changed":false},"product_brand":[],"product_cat":[3000],"product_tag":[],"class_list":{"0":"post-277979","1":"product","2":"type-product","3":"status-publish","4":"has-post-thumbnail","6":"product_cat-securite","8":"first","9":"outofstock","10":"taxable","11":"shipping-taxable","12":"purchasable","13":"product-type-simple","14":"add-to-wishlist-after_add_to_cart"},"acf":[],"_links":{"self":[{"href":"https:\/\/amazonyguyane.fr\/wp-json\/wp\/v2\/product\/277979","targetHints":{"allow":["GET"]}}],"collection":[{"href":"https:\/\/amazonyguyane.fr\/wp-json\/wp\/v2\/product"}],"about":[{"href":"https:\/\/amazonyguyane.fr\/wp-json\/wp\/v2\/types\/product"}],"replies":[{"embeddable":true,"href":"https:\/\/amazonyguyane.fr\/wp-json\/wp\/v2\/comments?post=277979"}],"version-history":[{"count":0,"href":"https:\/\/amazonyguyane.fr\/wp-json\/wp\/v2\/product\/277979\/revisions"}],"wp:featuredmedia":[{"embeddable":true,"href":"https:\/\/amazonyguyane.fr\/wp-json\/wp\/v2\/media\/277981"}],"wp:attachment":[{"href":"https:\/\/amazonyguyane.fr\/wp-json\/wp\/v2\/media?parent=277979"}],"wp:term":[{"taxonomy":"product_brand","embeddable":true,"href":"https:\/\/amazonyguyane.fr\/wp-json\/wp\/v2\/product_brand?post=277979"},{"taxonomy":"product_cat","embeddable":true,"href":"https:\/\/amazonyguyane.fr\/wp-json\/wp\/v2\/product_cat?post=277979"},{"taxonomy":"product_tag","embeddable":true,"href":"https:\/\/amazonyguyane.fr\/wp-json\/wp\/v2\/product_tag?post=277979"}],"curies":[{"name":"wp","href":"https:\/\/api.w.org\/{rel}","templated":true}]}}