{"id":279287,"date":"2023-10-04T16:23:54","date_gmt":"2023-10-04T15:23:54","guid":{"rendered":"https:\/\/amazonyguyane.fr\/lou-laguiole-jet-coffret-24-pieces"},"modified":"2023-10-04T16:23:54","modified_gmt":"2023-10-04T15:23:54","slug":"lou-laguiole-jet-coffret-24-pieces","status":"publish","type":"product","link":"https:\/\/amazonyguyane.fr\/produit\/lou-laguiole-jet-coffret-24-pieces\/","title":{"rendered":"Lou Laguiole &#8211; Jet &#8211; Coffret 24 pi\u00e8ces"},"content":{"rendered":"<p><!-- show up to 2 reviews by default -->                <\/p>\n<h3> <span>Description du produit<\/span> <\/h3>\n<p> <span>Ensemble de 24 couverts Laguiole pour 6 personnes de la gamme Jet, livr\u00e9s en coffret. Couverts en acier inox avec finition brillante, poli miroir. Lame micro-dent\u00e9e pour une coupe optimale et un tranchant longue dur\u00e9e. Composition: 6 fourchettes de table: 20.7cm ; 6 cuill\u00e8res de table: 20.8cm ; 6 cuill\u00e8res \u00e0 caf\u00e9: 13.8cm ; 6 couteaux steak: 22.5cm Le Jet est un laguiole de table au design contemporain, soulign\u00e9 par un poin\u00e7on d&#8217;abeille moderne et stylis\u00e9. Le Jet se d\u00e9cline ici dans une \u00e9l\u00e9gante version inox brillant qui en fait le Laguiole le plus styl\u00e9 de sa g\u00e9n\u00e9ration. Couverts de table Jet par Lou Laguiole en acier inoxydable 18\/0, \u00e9paisseur 2.5mm et finition poli miroir. Compatible lave-vaisselle et haute r\u00e9sistance \u00e0 la corrosion.<\/span>  <\/p>\n<h3> <span>Contenu du coffret<\/span> <\/h3>\n<p> <span>6 fourchettes de table, 6 couteaux steak, 6 cuill\u00e8res de table et 6 cuill\u00e8res \u00e0 caf\u00e9<\/span>  <\/p>\n<p><\/p>\n","protected":false},"excerpt":{"rendered":"<p>Description du produit Ensemble de 24 couverts Laguiole pour 6 personnes de la gamme Jet, livr\u00e9s en coffret. Couverts en acier inox avec finition brillante, poli miroir. Lame micro-dent\u00e9e pour<\/p>\n","protected":false},"featured_media":279288,"comment_status":"","ping_status":"closed","template":"","meta":{"_acf_changed":false},"product_brand":[],"product_cat":[3015],"product_tag":[],"class_list":{"0":"post-279287","1":"product","2":"type-product","3":"status-publish","4":"has-post-thumbnail","6":"product_cat-arts-de-la-table","8":"first","9":"instock","10":"taxable","11":"shipping-taxable","12":"purchasable","13":"product-type-simple","14":"add-to-wishlist-after_add_to_cart"},"acf":[],"_links":{"self":[{"href":"https:\/\/amazonyguyane.fr\/wp-json\/wp\/v2\/product\/279287","targetHints":{"allow":["GET"]}}],"collection":[{"href":"https:\/\/amazonyguyane.fr\/wp-json\/wp\/v2\/product"}],"about":[{"href":"https:\/\/amazonyguyane.fr\/wp-json\/wp\/v2\/types\/product"}],"replies":[{"embeddable":true,"href":"https:\/\/amazonyguyane.fr\/wp-json\/wp\/v2\/comments?post=279287"}],"version-history":[{"count":0,"href":"https:\/\/amazonyguyane.fr\/wp-json\/wp\/v2\/product\/279287\/revisions"}],"wp:featuredmedia":[{"embeddable":true,"href":"https:\/\/amazonyguyane.fr\/wp-json\/wp\/v2\/media\/279288"}],"wp:attachment":[{"href":"https:\/\/amazonyguyane.fr\/wp-json\/wp\/v2\/media?parent=279287"}],"wp:term":[{"taxonomy":"product_brand","embeddable":true,"href":"https:\/\/amazonyguyane.fr\/wp-json\/wp\/v2\/product_brand?post=279287"},{"taxonomy":"product_cat","embeddable":true,"href":"https:\/\/amazonyguyane.fr\/wp-json\/wp\/v2\/product_cat?post=279287"},{"taxonomy":"product_tag","embeddable":true,"href":"https:\/\/amazonyguyane.fr\/wp-json\/wp\/v2\/product_tag?post=279287"}],"curies":[{"name":"wp","href":"https:\/\/api.w.org\/{rel}","templated":true}]}}