{"id":282763,"date":"2023-10-04T19:07:48","date_gmt":"2023-10-04T18:07:48","guid":{"rendered":"https:\/\/amazonyguyane.fr\/shenrongtong-decoration-murale-chat-et-lune-en-metal-lune-et-chat-noir-tentures-murales-decor-silhouette-silhouette-dart-chat-en-fer-forge-pour-la-cuisine-les-bureaux-la-salle"},"modified":"2023-10-04T19:07:48","modified_gmt":"2023-10-04T18:07:48","slug":"shenrongtong-decoration-murale-chat-et-lune-en-metal-lune-et-chat-noir-tentures-murales-decor-silhouette-silhouette-dart-chat-en-fer-forge-pour-la-cuisine-les-bureaux-la-salle","status":"publish","type":"product","link":"https:\/\/amazonyguyane.fr\/produit\/shenrongtong-decoration-murale-chat-et-lune-en-metal-lune-et-chat-noir-tentures-murales-decor-silhouette-silhouette-dart-chat-en-fer-forge-pour-la-cuisine-les-bureaux-la-salle\/","title":{"rendered":"shenrongtong D\u00e9coration murale chat et lune en m\u00e9tal &#8211; Lune Et Chat Noir Tentures Murales D\u00e9cor Silhouette | silhouette d&#8217;art chat en fer forg\u00e9 pour la cuisine, les bureaux, la salle"},"content":{"rendered":"<p><!-- show up to 2 reviews by default -->                        <\/p>\n<p> <span>D\u00e9corez vos murs int\u00e9rieurs avec cette d\u00e9coration murale chat en m\u00e9tal au design cr\u00e9atif ! Fabriqu\u00e9 avec une bonne durabilit\u00e9 et aucune \u00e9tape d&#8217;installation compliqu\u00e9e requise, il n&#8217;alourdit pas le mur. Ajoutez une touche d&#8217;imagination \u00e0 votre maison avec cette pi\u00e8ce unique et charmante !<\/p>\n<p>Nom du produit : d\u00e9coration murale chat lune en m\u00e9tal.<br \/>Mat\u00e9riau du produit : fer<br \/>Taille du produit: 30x30cm\/11.81&#215;11.81in<\/p>\n<p>Liste:<br \/>D\u00e9co murale chat lune en m\u00e9tal x1<\/span>  <\/p>\n<p>Code UNSPSC  :  60121000 (Produits artistiques) Signaler un code incorrect              Date de mise en ligne sur Amazon.fr                                     \u200f                                          :                                     \u200e  9 ao\u00fbt 2023                                  Fabricant                                     \u200f                                          :                                     \u200e  shenrongtong          ASIN                                     \u200f                                          :                                     \u200e  B0CF4YCNTL          Num\u00e9ro du mod\u00e8le de l&#8217;article                                     \u200f                                          :                                     \u200e  1          Pays d&#8217;origine                                     \u200f                                          :                                     \u200e  Chine          Service                                     \u200f                                          :                                     \u200e  Unisex          Disponibilit\u00e9 des pi\u00e8ces d\u00e9tach\u00e9es                                     \u200f                                          :                                     \u200e  Information indisponible sur les pi\u00e8ces d\u00e9tach\u00e9es<\/p>\n","protected":false},"excerpt":{"rendered":"<p>D\u00e9corez vos murs int\u00e9rieurs avec cette d\u00e9coration murale chat en m\u00e9tal au design cr\u00e9atif ! Fabriqu\u00e9 avec une bonne durabilit\u00e9 et aucune \u00e9tape d&#8217;installation compliqu\u00e9e requise, il n&#8217;alourdit pas le<\/p>\n","protected":false},"featured_media":282764,"comment_status":"","ping_status":"closed","template":"","meta":{"_acf_changed":false},"product_brand":[],"product_cat":[3017],"product_tag":[],"class_list":{"0":"post-282763","1":"product","2":"type-product","3":"status-publish","4":"has-post-thumbnail","6":"product_cat-decoration-maison","8":"first","9":"outofstock","10":"taxable","11":"shipping-taxable","12":"purchasable","13":"product-type-simple","14":"add-to-wishlist-after_add_to_cart"},"acf":[],"_links":{"self":[{"href":"https:\/\/amazonyguyane.fr\/wp-json\/wp\/v2\/product\/282763","targetHints":{"allow":["GET"]}}],"collection":[{"href":"https:\/\/amazonyguyane.fr\/wp-json\/wp\/v2\/product"}],"about":[{"href":"https:\/\/amazonyguyane.fr\/wp-json\/wp\/v2\/types\/product"}],"replies":[{"embeddable":true,"href":"https:\/\/amazonyguyane.fr\/wp-json\/wp\/v2\/comments?post=282763"}],"version-history":[{"count":0,"href":"https:\/\/amazonyguyane.fr\/wp-json\/wp\/v2\/product\/282763\/revisions"}],"wp:featuredmedia":[{"embeddable":true,"href":"https:\/\/amazonyguyane.fr\/wp-json\/wp\/v2\/media\/282764"}],"wp:attachment":[{"href":"https:\/\/amazonyguyane.fr\/wp-json\/wp\/v2\/media?parent=282763"}],"wp:term":[{"taxonomy":"product_brand","embeddable":true,"href":"https:\/\/amazonyguyane.fr\/wp-json\/wp\/v2\/product_brand?post=282763"},{"taxonomy":"product_cat","embeddable":true,"href":"https:\/\/amazonyguyane.fr\/wp-json\/wp\/v2\/product_cat?post=282763"},{"taxonomy":"product_tag","embeddable":true,"href":"https:\/\/amazonyguyane.fr\/wp-json\/wp\/v2\/product_tag?post=282763"}],"curies":[{"name":"wp","href":"https:\/\/api.w.org\/{rel}","templated":true}]}}