{"id":283682,"date":"2023-10-04T19:35:48","date_gmt":"2023-10-04T18:35:48","guid":{"rendered":"https:\/\/amazonyguyane.fr\/igzyz-camera-espion-cachee-mini-camera-10000mah-portable-batterie-externe-1080p-hd-mini-camera-de-surveillance-avec-vision-nocturne-detection-de-mouvement-capteur-de-gravite-32-go-integre"},"modified":"2023-10-04T19:35:48","modified_gmt":"2023-10-04T18:35:48","slug":"igzyz-camera-espion-cachee-mini-camera-10000mah-portable-batterie-externe-1080p-hd-mini-camera-de-surveillance-avec-vision-nocturne-detection-de-mouvement-capteur-de-gravite-32-go-integre","status":"publish","type":"product","link":"https:\/\/amazonyguyane.fr\/produit\/igzyz-camera-espion-cachee-mini-camera-10000mah-portable-batterie-externe-1080p-hd-mini-camera-de-surveillance-avec-vision-nocturne-detection-de-mouvement-capteur-de-gravite-32-go-integre\/","title":{"rendered":"Igzyz Cam\u00e9ra Espion Cach\u00e9e, Mini Cam\u00e9ra 10000mAh Portable Batterie Externe 1080P HD Mini Cam\u00e9ra de Surveillance avec Vision Nocturne D\u00e9tection de Mouvement Capteur de Gravit\u00e9 (32 Go int\u00e9gr\u00e9)"},"content":{"rendered":"<li class=\"a-spacing-mini\"><span class=\"a-list-item\"> <b>\u3010Design Unique\u3011<\/b>Cette cam\u00e9ras espion ressemble \u00e0 une power bank, mais c&#8217;est aussi un enregistreur vid\u00e9o. La cam\u00e9ra cach\u00e9e a une r\u00e9solution vid\u00e9o &#8220;1920 \u00d7 1080 pixels&#8221;, une fr\u00e9quence d&#8217;images de 30 ips. Cette banque d&#8217;alimentation pour cam\u00e9ra espion avec fonction de d\u00e9tection de mouvement \/ vision nocturne \/ d\u00e9tection de gravit\u00e9, et la combinaison rend la lentille tr\u00e8s difficile \u00e0 remarquer, id\u00e9ale pour les enregistrements de voyage, la s\u00e9curit\u00e9 \u00e0 domicile et la surveillance de bureau.  <\/span><\/li>\n<li class=\"a-spacing-mini\"><span class=\"a-list-item\"> <b>\u3010D\u00e9tection de mouvement\u3011<\/b>Cette cam\u00e9ra espion power bank a une batterie de grande capacit\u00e9, elle peut enregistrer environ 50 heures, la vision nocturne est d&#8217;environ 30 heures. Le mode de d\u00e9tection de mouvement ne d\u00e9marre l&#8217;enregistrement que lorsqu&#8217;il d\u00e9tecte le mouvement, ce qui peut prolonger la dur\u00e9e d&#8217;enregistrement de la cam\u00e9ra et \u00e9conomiser de l&#8217;espace de stockage afin que vous ne manquiez aucun moment important. (Une carte SD de 32 Go a \u00e9t\u00e9 ins\u00e9r\u00e9e, la prise en charge maximale de 256 Go)  <\/span><\/li>\n<li class=\"a-spacing-mini\"><span class=\"a-list-item\"> <b>\u3010Cam\u00e9ra Espion Vision Nocturne\u3011<\/b>La cam\u00e9ra cach\u00e9e avec vision nocturne et peut \u00eatre utilis\u00e9e normalement la nuit. Pendant l&#8217;enregistrement en boucle ou l&#8217;enregistrement par d\u00e9tection de mouvement, il suffit d&#8217;appuyer sur le bouton &#8220;M&#8221; pour activer la vision nocturne. La nouvelle vision nocturne am\u00e9lior\u00e9e dispose de quatre lumi\u00e8res IR F5 comme lumi\u00e8res auxiliaires pour un enregistrement plus large, la port\u00e9e visible est de 3 m\u00e8tres dans l&#8217;obscurit\u00e9 totale, et l&#8217;effet est meilleur en basse lumi\u00e8re.  <\/span><\/li>\n<li class=\"a-spacing-mini\"><span class=\"a-list-item\"> <b>\u3010Capteur de Gravit\u00e9\u3011<\/b> La derni\u00e8re technologie adopt\u00e9e, la sc\u00e8ne vid\u00e9o enregistr\u00e9e en retournant l&#8217;appareil photo pendant l&#8217;enregistrement est toujours droite et ne sera pas \u00e0 l&#8217;envers. Ce sera plus pratique lors de l&#8217;enregistrement vid\u00e9o, il n&#8217;est pas n\u00e9cessaire de v\u00e9rifier la direction. Seul le retournement \u00e0 180 \u00b0 est pris en charge. Achetez-le, vous obtiendrez une cam\u00e9ra cach\u00e9e powerbank, un c\u00e2ble de date USB, un lecteur de carte et la carte SD de 32 Go qui a \u00e9t\u00e9 ins\u00e9r\u00e9e dans l&#8217;appareil photo.  <\/span><\/li>\n<li class=\"a-spacing-mini\"><span class=\"a-list-item\"> <b>\u3010Garantie et Cadeau\u3011<\/b>Pas besoin de logiciel, utilisez simple. Veuillez confirmer que la carte m\u00e9moire est ins\u00e9r\u00e9e avant utilisation. L\u00e9ger et portable, vous pouvez l&#8217;emporter pour enregistrer ce que vous voulez n&#8217;importe o\u00f9. Id\u00e9al pour vous ou comme cadeau pour vos amis et votre famille! La p\u00e9riode de garantie est de 12 mois, et les produits d\u00e9fectueux seront remplac\u00e9s gratuitement. Tout probl\u00e8me pendant l&#8217;utilisation, veuillez nous contacter \u00e0 temps, nous r\u00e9soudrons pour vous dans les 12 heures.  <\/span><\/li>\n<p><\/p>\n","protected":false},"excerpt":{"rendered":"<p>\u3010Design Unique\u3011Cette cam\u00e9ras espion ressemble \u00e0 une power bank, mais c&#8217;est aussi un enregistreur vid\u00e9o. La cam\u00e9ra cach\u00e9e a une r\u00e9solution vid\u00e9o &#8220;1920 \u00d7 1080 pixels&#8221;, une fr\u00e9quence d&#8217;images de<\/p>\n","protected":false},"featured_media":283685,"comment_status":"","ping_status":"closed","template":"","meta":{"_acf_changed":false},"product_brand":[],"product_cat":[80425],"product_tag":[],"class_list":{"0":"post-283682","1":"product","2":"type-product","3":"status-publish","4":"has-post-thumbnail","6":"product_cat-camera-espion","8":"first","9":"instock","10":"taxable","11":"shipping-taxable","12":"purchasable","13":"product-type-simple","14":"add-to-wishlist-after_add_to_cart"},"acf":[],"_links":{"self":[{"href":"https:\/\/amazonyguyane.fr\/wp-json\/wp\/v2\/product\/283682","targetHints":{"allow":["GET"]}}],"collection":[{"href":"https:\/\/amazonyguyane.fr\/wp-json\/wp\/v2\/product"}],"about":[{"href":"https:\/\/amazonyguyane.fr\/wp-json\/wp\/v2\/types\/product"}],"replies":[{"embeddable":true,"href":"https:\/\/amazonyguyane.fr\/wp-json\/wp\/v2\/comments?post=283682"}],"version-history":[{"count":0,"href":"https:\/\/amazonyguyane.fr\/wp-json\/wp\/v2\/product\/283682\/revisions"}],"wp:featuredmedia":[{"embeddable":true,"href":"https:\/\/amazonyguyane.fr\/wp-json\/wp\/v2\/media\/283685"}],"wp:attachment":[{"href":"https:\/\/amazonyguyane.fr\/wp-json\/wp\/v2\/media?parent=283682"}],"wp:term":[{"taxonomy":"product_brand","embeddable":true,"href":"https:\/\/amazonyguyane.fr\/wp-json\/wp\/v2\/product_brand?post=283682"},{"taxonomy":"product_cat","embeddable":true,"href":"https:\/\/amazonyguyane.fr\/wp-json\/wp\/v2\/product_cat?post=283682"},{"taxonomy":"product_tag","embeddable":true,"href":"https:\/\/amazonyguyane.fr\/wp-json\/wp\/v2\/product_tag?post=283682"}],"curies":[{"name":"wp","href":"https:\/\/api.w.org\/{rel}","templated":true}]}}