{"id":283880,"date":"2023-10-04T19:40:37","date_gmt":"2023-10-04T18:40:37","guid":{"rendered":"https:\/\/amazonyguyane.fr\/jbl-quantum-100-casque-gaming-filaire-avec-micro-detachable-accessoire-gamer-leger-et-confortable-compatible-multi-plateforme-couleur-noir"},"modified":"2023-10-08T15:46:07","modified_gmt":"2023-10-08T14:46:07","slug":"jbl-quantum-100-casque-gaming-filaire-avec-micro-detachable-accessoire-gamer-leger-et-confortable-compatible-multi-plateforme-couleur-noir","status":"publish","type":"product","link":"https:\/\/amazonyguyane.fr\/produit\/jbl-quantum-100-casque-gaming-filaire-avec-micro-detachable-accessoire-gamer-leger-et-confortable-compatible-multi-plateforme-couleur-noir\/","title":{"rendered":"JBL Quantum 100 \u2013 Casque gaming filaire avec micro d\u00e9tachable \u2013 Accessoire gamer l\u00e9ger et confortable \u2013 Compatible multi-plateforme \u2013 Couleur : Noir"},"content":{"rendered":"<p><!-- show up to 2 reviews by default -->                        <\/p>\n<h3><span>JBL Quantum 100 &#8211; Casque gaming filaire<\/span><\/h3>\n<p><span>Plongez dans le jeu et remportez la victoire ! Avec le casque JBL Quantum 100, vous b\u00e9n\u00e9ficiez d&#8217;un son sans \u00e9gal : du moindre d\u00e9tail aux<br \/> explosions les plus impressionnantes, ce casque reproduit des paysages sonores avec une haute fid\u00e9lit\u00e9. Restez concentr\u00e9 sur votre jeu, gr\u00e2ce au<br \/> micro d\u00e9tachable avec fonction sourdine, la communication avec vos co\u00e9quipiers est pr\u00e9cise et claire. Cet accessoire de gaming est particuli\u00e8rement<br \/> confortable et l\u00e9ger. En effet, il poss\u00e8de des coussins rembourr\u00e9s, en mousse \u00e0 m\u00e9moire de forme, id\u00e9al pour des sessions de gaming sans<br \/> interruptions.<\/span><\/p>\n<p><span class=\"a-text-bold\">Caract\u00e9ristiques du produit<\/span><\/p>\n<ul class=\"a-unordered-list a-vertical\">\n<li><span class=\"a-list-item\"><span>Casque gaming avec micro d\u00e9tachable<\/span><\/span><\/li>\n<li><span class=\"a-list-item\"><span>Dot\u00e9 du JBL QuantumSOUND pour un audio immersif<\/span><\/span><\/li>\n<li><span class=\"a-list-item\"><span>Microphone d\u00e9tachable avec fonction sourdine. Pour une communication nette et pr\u00e9cise entre joueurs<\/span><\/span><\/li>\n<li><span class=\"a-list-item\"><span>Compatible avec PC, Windows, Mac, Xbox ONE, PS4, VR et smartphone<\/span><\/span><\/li>\n<li><span class=\"a-list-item\"><span>Prise Jack : 3,5 mm<\/span><\/span><\/li>\n<li><span class=\"a-list-item\"><span>Compatible avec le Windows Sonic Spatial Sound sur Windows 10 et la Xbox One<\/span><\/span><\/li>\n<li><span class=\"a-list-item\"><span>Longueur du c\u00e2ble : 1, 2 m<\/span><\/span><\/li>\n<li><span class=\"a-list-item\"><span>Poids : 220 gr<\/span><\/span><\/li>\n<li><span class=\"a-list-item\"><span>Couleur : noir <\/span><\/span><\/li>\n<\/ul>\n<p><span class=\"a-text-bold\">JBL by Harman<\/span><\/p>\n<p><span>Harman est une compagnie vou\u00e9e \u00e0 la cr\u00e9ation de solutions qui simplifient l&#8217;interaction entre les personnes et la technologie. Les origines de JBL,<br \/>marque appartenant \u00e0 Harman, remontent \u00e0 l&#8217;\u00e2ge d&#8217;or du cin\u00e9ma. Depuis, les enceintes JBL demeurent un choix de pr\u00e9dilection pour une large<br \/>majorit\u00e9 de salles de cin\u00e9ma dans le monde entier, gage d&#8217;une qualit\u00e9 de son exceptionnelle.<\/span><\/p>\n<\/p>\n<p><\/p>\n","protected":false},"excerpt":{"rendered":"<p>JBL Quantum 100 &#8211; Casque gaming filaire Plongez dans le jeu et remportez la victoire ! Avec le casque JBL Quantum 100, vous b\u00e9n\u00e9ficiez d&#8217;un son sans \u00e9gal : du<\/p>\n","protected":false},"featured_media":283881,"comment_status":"","ping_status":"closed","template":"","meta":{"_acf_changed":false},"product_brand":[],"product_cat":[25],"product_tag":[],"class_list":{"0":"post-283880","1":"product","2":"type-product","3":"status-publish","4":"has-post-thumbnail","6":"product_cat-casque-gaming","8":"first","9":"instock","10":"taxable","11":"shipping-taxable","12":"purchasable","13":"product-type-variable","14":"add-to-wishlist-after_add_to_cart"},"acf":[],"_links":{"self":[{"href":"https:\/\/amazonyguyane.fr\/wp-json\/wp\/v2\/product\/283880","targetHints":{"allow":["GET"]}}],"collection":[{"href":"https:\/\/amazonyguyane.fr\/wp-json\/wp\/v2\/product"}],"about":[{"href":"https:\/\/amazonyguyane.fr\/wp-json\/wp\/v2\/types\/product"}],"replies":[{"embeddable":true,"href":"https:\/\/amazonyguyane.fr\/wp-json\/wp\/v2\/comments?post=283880"}],"version-history":[{"count":0,"href":"https:\/\/amazonyguyane.fr\/wp-json\/wp\/v2\/product\/283880\/revisions"}],"wp:featuredmedia":[{"embeddable":true,"href":"https:\/\/amazonyguyane.fr\/wp-json\/wp\/v2\/media\/283881"}],"wp:attachment":[{"href":"https:\/\/amazonyguyane.fr\/wp-json\/wp\/v2\/media?parent=283880"}],"wp:term":[{"taxonomy":"product_brand","embeddable":true,"href":"https:\/\/amazonyguyane.fr\/wp-json\/wp\/v2\/product_brand?post=283880"},{"taxonomy":"product_cat","embeddable":true,"href":"https:\/\/amazonyguyane.fr\/wp-json\/wp\/v2\/product_cat?post=283880"},{"taxonomy":"product_tag","embeddable":true,"href":"https:\/\/amazonyguyane.fr\/wp-json\/wp\/v2\/product_tag?post=283880"}],"curies":[{"name":"wp","href":"https:\/\/api.w.org\/{rel}","templated":true}]}}