{"id":284030,"date":"2023-10-04T19:43:59","date_gmt":"2023-10-04T18:43:59","guid":{"rendered":"https:\/\/amazonyguyane.fr\/hyperx-cloud-ii-casque-gaming-avec-micro-pour-pc-ps4-mac-gris"},"modified":"2023-10-04T19:43:59","modified_gmt":"2023-10-04T18:43:59","slug":"hyperx-cloud-ii-casque-gaming-avec-micro-pour-pc-ps4-mac-gris","status":"publish","type":"product","link":"https:\/\/amazonyguyane.fr\/?product=hyperx-cloud-ii-casque-gaming-avec-micro-pour-pc-ps4-mac-gris","title":{"rendered":"HyperX Cloud II \u2013 Casque Gaming avec Micro pour PC\/PS4\/Mac, Gris"},"content":{"rendered":"<p><!-- show up to 2 reviews by default -->                <\/p>\n<h3> <span>Description du produit<\/span> <\/h3>\n<\/p>\n<p><span>HyperX &#8211; Cloud II &#8211; Casque Gaming avec Micro &#8211; Noir <\/span><\/p>\n<\/p>\n<h3> <span>Clause de non-garantie<\/span> <\/h3>\n<p> <span>Le produit provient de l&#8217;Espace \u00e9conomique europ\u00e9en (EEE). Le produit est d&#8217;origine authentique des distributeurs autoris\u00e9s par le fabricant.<\/span>  <\/p>\n<div data-a-expander-name=\"toggle_description\" class=\"a-row a-expander-container a-expander-extend-container\">\n                  P.when(&#8216;A&#8217;).execute(function(A) {<br \/>\n                      A.on(&#8216;a:expander:toggle_description:toggle:collapse&#8217;, function(data) {<br \/>\n                        window.scroll(0, data.expander.$expander[0].offsetTop-100);<br \/>\n                      });<br \/>\n                    });<\/p>\n<div aria-expanded=\"false\" class=\"a-expander-content a-expander-extend-content\">\n<h3> <span>Contenu du coffret<\/span> <\/h3>\n<\/p>\n<ul class=\"a-unordered-list a-vertical\">\n<li><span class=\"a-list-item\"><span>1 Casque avec micro HyperX Cloud II<\/span><\/span><\/li>\n<li><span class=\"a-list-item\"><span>1 Microphone amovible (fix\u00e9 au casque)<\/span><\/span><\/li>\n<li><span class=\"a-list-item\"><span> 1 Pair de coussinets en velours (rechange) <\/span><\/span><\/li>\n<li><span class=\"a-list-item\"><span> 1 Bo\u00eetier de commande USB<\/span><\/span><\/li>\n<li><span class=\"a-list-item\"><span> 1 Sac en maille<\/span><\/span><\/li>\n<\/ul>\n<\/p><\/div>\n<p> <i class=\"a-icon a-icon-extender-expand\"><\/i><span class=\"a-expander-prompt\">Voir plus<\/span> <\/div>\n<p><\/p>\n","protected":false},"excerpt":{"rendered":"<p>Description du produit HyperX &#8211; Cloud II &#8211; Casque Gaming avec Micro &#8211; Noir Clause de non-garantie Le produit provient de l&#8217;Espace \u00e9conomique europ\u00e9en (EEE). Le produit est d&#8217;origine authentique<\/p>\n","protected":false},"featured_media":284032,"comment_status":"","ping_status":"closed","template":"","meta":{"_acf_changed":false},"product_brand":[],"product_cat":[25],"product_tag":[],"class_list":{"0":"post-284030","1":"product","2":"type-product","3":"status-publish","4":"has-post-thumbnail","6":"product_cat-casque-gaming","8":"first","9":"instock","10":"taxable","11":"shipping-taxable","12":"purchasable","13":"product-type-simple","14":"add-to-wishlist-after_add_to_cart"},"acf":[],"_links":{"self":[{"href":"https:\/\/amazonyguyane.fr\/index.php?rest_route=\/wp\/v2\/product\/284030","targetHints":{"allow":["GET"]}}],"collection":[{"href":"https:\/\/amazonyguyane.fr\/index.php?rest_route=\/wp\/v2\/product"}],"about":[{"href":"https:\/\/amazonyguyane.fr\/index.php?rest_route=\/wp\/v2\/types\/product"}],"replies":[{"embeddable":true,"href":"https:\/\/amazonyguyane.fr\/index.php?rest_route=%2Fwp%2Fv2%2Fcomments&post=284030"}],"version-history":[{"count":0,"href":"https:\/\/amazonyguyane.fr\/index.php?rest_route=\/wp\/v2\/product\/284030\/revisions"}],"wp:featuredmedia":[{"embeddable":true,"href":"https:\/\/amazonyguyane.fr\/index.php?rest_route=\/wp\/v2\/media\/284032"}],"wp:attachment":[{"href":"https:\/\/amazonyguyane.fr\/index.php?rest_route=%2Fwp%2Fv2%2Fmedia&parent=284030"}],"wp:term":[{"taxonomy":"product_brand","embeddable":true,"href":"https:\/\/amazonyguyane.fr\/index.php?rest_route=%2Fwp%2Fv2%2Fproduct_brand&post=284030"},{"taxonomy":"product_cat","embeddable":true,"href":"https:\/\/amazonyguyane.fr\/index.php?rest_route=%2Fwp%2Fv2%2Fproduct_cat&post=284030"},{"taxonomy":"product_tag","embeddable":true,"href":"https:\/\/amazonyguyane.fr\/index.php?rest_route=%2Fwp%2Fv2%2Fproduct_tag&post=284030"}],"curies":[{"name":"wp","href":"https:\/\/api.w.org\/{rel}","templated":true}]}}