{"id":284453,"date":"2023-10-04T19:52:02","date_gmt":"2023-10-04T18:52:02","guid":{"rendered":"https:\/\/amazonyguyane.fr\/steelseries-arctis-9x-connectivite-sans-fil-et-bluetooth-integree-plus-de-20-heures-dautonomie-pour-xbox-series-x-et-xbox-one-noir"},"modified":"2023-10-04T19:52:02","modified_gmt":"2023-10-04T18:52:02","slug":"steelseries-arctis-9x-connectivite-sans-fil-et-bluetooth-integree-plus-de-20-heures-dautonomie-pour-xbox-series-x-et-xbox-one-noir","status":"publish","type":"product","link":"https:\/\/amazonyguyane.fr\/produit\/steelseries-arctis-9x-connectivite-sans-fil-et-bluetooth-integree-plus-de-20-heures-dautonomie-pour-xbox-series-x-et-xbox-one-noir\/","title":{"rendered":"SteelSeries Arctis 9X &#8211; Connectivit\u00e9 sans fil et Bluetooth int\u00e9gr\u00e9e &#8211; Plus de 20 heures d&#8217;autonomie &#8211; Pour Xbox Series X et Xbox One, noir"},"content":{"rendered":"<p><!-- show up to 2 reviews by default -->                <\/p>\n<h3> <span>Description du produit<\/span> <\/h3>\n<p> <span>L&#8217;Arctis 9X provient du fabricant de la s\u00e9rie de casques d&#8217;\u00e9coute la plus prim\u00e9e de l&#8217;histoire du jeu vid\u00e9o. Il combine la commodit\u00e9 de la connexion sans fil Xbox int\u00e9gr\u00e9e \u00e0 l&#8217;audio Bluetooth simultan\u00e9 pour une v\u00e9ritable \u00e9coute sans fil o\u00f9 que vous soyez. Avec un microphone ClearCast bidirectionnel antibruit et un son Arctis incroyablement d\u00e9taill\u00e9, l&#8217;Arctis 9X est le meilleur casque sans fil pour les joueurs Xbox. Connectez-vous directement \u00e0 votre Xbox comme une manette sans fil et commencez \u00e0 jouer en quelques secondes sans c\u00e2ble ni dongle requis. Connectez-vous simultan\u00e9ment au Bluetooth et \u00e0 la Xbox pour m\u00e9langer de la musique et prendre des appels pendant le jeu, ou utilisez sans fil avec votre appareil mobile. Le microphone Arctis ClearCast utilise une conception bidirectionnelle, la m\u00eame que celle utilis\u00e9e par les \u00e9quipages de pont des porte-avions, pour une suppression sup\u00e9rieure du bruit afin que votre voix sonne. clair et naturel.<\/span>  <\/p>\n<h3> <span>Amazon.fr<\/span> <\/h3>\n<p> <span>Propos\u00e9 par les cr\u00e9ateurs de la gamme de casques la plus prim\u00e9e de l&#8217;histoire du jeu vid\u00e9o, l&#8217;Arctis 9X associe l&#8217;aspect pratique de la connectivit\u00e9 Xbox sans fil int\u00e9gr\u00e9e et l&#8217;audio Bluetooth simultan\u00e9 pour une exp\u00e9rience v\u00e9ritablement sans fil o\u00f9 que vous jouiez. \u00c9quip\u00e9 du micro bidirectionnel ClearCast \u00e0 annulation de bruit et offrant un son Arctis aux d\u00e9tails spectaculaires, l&#8217;Arctis X9 est le casque sans fil ultime pour les joueurs de Xbox.<\/span>  <\/p>\n<p><\/p>\n","protected":false},"excerpt":{"rendered":"<p>Description du produit L&#8217;Arctis 9X provient du fabricant de la s\u00e9rie de casques d&#8217;\u00e9coute la plus prim\u00e9e de l&#8217;histoire du jeu vid\u00e9o. Il combine la commodit\u00e9 de la connexion sans<\/p>\n","protected":false},"featured_media":284454,"comment_status":"","ping_status":"closed","template":"","meta":{"_acf_changed":false},"product_brand":[],"product_cat":[25],"product_tag":[],"class_list":{"0":"post-284453","1":"product","2":"type-product","3":"status-publish","4":"has-post-thumbnail","6":"product_cat-casque-gaming","8":"first","9":"instock","10":"taxable","11":"shipping-taxable","12":"purchasable","13":"product-type-simple","14":"add-to-wishlist-after_add_to_cart"},"acf":[],"_links":{"self":[{"href":"https:\/\/amazonyguyane.fr\/wp-json\/wp\/v2\/product\/284453","targetHints":{"allow":["GET"]}}],"collection":[{"href":"https:\/\/amazonyguyane.fr\/wp-json\/wp\/v2\/product"}],"about":[{"href":"https:\/\/amazonyguyane.fr\/wp-json\/wp\/v2\/types\/product"}],"replies":[{"embeddable":true,"href":"https:\/\/amazonyguyane.fr\/wp-json\/wp\/v2\/comments?post=284453"}],"version-history":[{"count":0,"href":"https:\/\/amazonyguyane.fr\/wp-json\/wp\/v2\/product\/284453\/revisions"}],"wp:featuredmedia":[{"embeddable":true,"href":"https:\/\/amazonyguyane.fr\/wp-json\/wp\/v2\/media\/284454"}],"wp:attachment":[{"href":"https:\/\/amazonyguyane.fr\/wp-json\/wp\/v2\/media?parent=284453"}],"wp:term":[{"taxonomy":"product_brand","embeddable":true,"href":"https:\/\/amazonyguyane.fr\/wp-json\/wp\/v2\/product_brand?post=284453"},{"taxonomy":"product_cat","embeddable":true,"href":"https:\/\/amazonyguyane.fr\/wp-json\/wp\/v2\/product_cat?post=284453"},{"taxonomy":"product_tag","embeddable":true,"href":"https:\/\/amazonyguyane.fr\/wp-json\/wp\/v2\/product_tag?post=284453"}],"curies":[{"name":"wp","href":"https:\/\/api.w.org\/{rel}","templated":true}]}}