{"id":286582,"date":"2023-10-04T21:26:46","date_gmt":"2023-10-04T20:26:46","guid":{"rendered":"https:\/\/amazonyguyane.fr\/wistiki-traquer-dobjet-connecte-violet"},"modified":"2023-10-04T21:26:46","modified_gmt":"2023-10-04T20:26:46","slug":"wistiki-traquer-dobjet-connecte-violet","status":"publish","type":"product","link":"https:\/\/amazonyguyane.fr\/produit\/wistiki-traquer-dobjet-connecte-violet\/","title":{"rendered":"Wistiki Traquer d&#8217;objet connect\u00e9 Violet"},"content":{"rendered":"<p><!-- show up to 2 reviews by default -->                <\/p>\n<h3> <span>Description du produit<\/span> <\/h3>\n<p> <span>Le Wistiki Aha! est un objet connect\u00e9 design et l\u00e9ger pour vous aider \u00e0 retrouver vos objets perdus en les faisant sonner et en les localisant depuis votre smartphone &#8211; Traquer d&#8217;objets Wistiki Aha! violet : &#8211; Sonnerie et Radar : Faites sonner le Wistiki ou utilisez le radar chaud\/froid pour retrouver votre objet le plus rapidement possible &#8211; Localisation : Visualisez sur la carte de l\u2019application l\u2019endroit o\u00f9 se trouve votre objet. Cet endroit correspond \u00e0 la position du Wistiki lorsqu\u2019il \u00e9tait \u00e0 port\u00e9e Bluetooth de votre smartphone pour la derni\u00e8re fois. Ensuite, notre communaut\u00e9 d\u2019utilisateurs prend le relais ! &#8211; Sonnerie inverse: Si vous avez perdu votre smartphone, appuyez sur votre Wistiki pour le faire sonner (Wist-Back), m\u00eame en mode silencieux ! &#8211; Laisse \u00e9lectronique: Vous pouvez activer le mode laisse \u00e9lectronique pour \u00eatre alert\u00e9 lorsque votre objet s&#8217;\u00e9loigne de votre smartphone. Vous pouvez ainsi mettre vos objets sous haute surveillance pour anticiper la perte ou l\u2019oubli de vos affaires. &#8211; Partage, restitution d&#8217;un traquer Wistiki en cas de perte, etc. &#8211; Bluetooth Low Energy 4.0 &#8211; Port\u00e9e Bluetooth : Jusqu&#8217;\u00e0 100 m &#8211; Alimentation : Pile bouton CR2032 &#8211; Autonomie : Minimum 2 ans &#8211; Sonnerie : 90 dB &#8211; Fabriqu\u00e9 en France &#8211; Application gratuite Wistiki By Starck gratuite &#8211; Compatible avec les smartphones sous Android 4.4.2 et versions ult\u00e9rieures ou sous iOS 8.0 et versions ult\u00e9rieures<\/span>  <\/p>\n<h3> <span>Contenu du coffret<\/span> <\/h3>\n<p> <span>Tracker<\/span>  <\/p>\n<p><\/p>\n","protected":false},"excerpt":{"rendered":"<p>Description du produit Le Wistiki Aha! est un objet connect\u00e9 design et l\u00e9ger pour vous aider \u00e0 retrouver vos objets perdus en les faisant sonner et en les localisant depuis<\/p>\n","protected":false},"featured_media":286583,"comment_status":"","ping_status":"closed","template":"","meta":{"_acf_changed":false},"product_brand":[],"product_cat":[2907],"product_tag":[],"class_list":{"0":"post-286582","1":"product","2":"type-product","3":"status-publish","4":"has-post-thumbnail","6":"product_cat-objets-connectes","8":"first","9":"outofstock","10":"taxable","11":"shipping-taxable","12":"purchasable","13":"product-type-simple","14":"add-to-wishlist-after_add_to_cart"},"acf":[],"_links":{"self":[{"href":"https:\/\/amazonyguyane.fr\/wp-json\/wp\/v2\/product\/286582","targetHints":{"allow":["GET"]}}],"collection":[{"href":"https:\/\/amazonyguyane.fr\/wp-json\/wp\/v2\/product"}],"about":[{"href":"https:\/\/amazonyguyane.fr\/wp-json\/wp\/v2\/types\/product"}],"replies":[{"embeddable":true,"href":"https:\/\/amazonyguyane.fr\/wp-json\/wp\/v2\/comments?post=286582"}],"version-history":[{"count":0,"href":"https:\/\/amazonyguyane.fr\/wp-json\/wp\/v2\/product\/286582\/revisions"}],"wp:featuredmedia":[{"embeddable":true,"href":"https:\/\/amazonyguyane.fr\/wp-json\/wp\/v2\/media\/286583"}],"wp:attachment":[{"href":"https:\/\/amazonyguyane.fr\/wp-json\/wp\/v2\/media?parent=286582"}],"wp:term":[{"taxonomy":"product_brand","embeddable":true,"href":"https:\/\/amazonyguyane.fr\/wp-json\/wp\/v2\/product_brand?post=286582"},{"taxonomy":"product_cat","embeddable":true,"href":"https:\/\/amazonyguyane.fr\/wp-json\/wp\/v2\/product_cat?post=286582"},{"taxonomy":"product_tag","embeddable":true,"href":"https:\/\/amazonyguyane.fr\/wp-json\/wp\/v2\/product_tag?post=286582"}],"curies":[{"name":"wp","href":"https:\/\/api.w.org\/{rel}","templated":true}]}}