{"id":288704,"date":"2023-10-04T23:01:20","date_gmt":"2023-10-04T22:01:20","guid":{"rendered":"https:\/\/amazonyguyane.fr\/maxcio-interrupteur-volet-roulant-connecte-smart-curtain-switch-4-packs"},"modified":"2023-10-04T23:01:47","modified_gmt":"2023-10-04T22:01:47","slug":"maxcio-interrupteur-volet-roulant-connecte-smart-curtain-switch-4-packs","status":"publish","type":"product","link":"https:\/\/amazonyguyane.fr\/produit\/maxcio-interrupteur-volet-roulant-connecte-smart-curtain-switch-4-packs\/","title":{"rendered":"Maxcio Interrupteur Volet Roulant Connect\u00e9, Smart Curtain Switch &#8211; 4 Packs"},"content":{"rendered":"<li class=\"a-spacing-mini\"><span class=\"a-list-item\"> <b>\u3010Contr\u00f4le Vocal\u3011<\/b>L&#8217;interrupteur de volet roulant wifi est compatible avec Alexa Echo et Google Home. Ce qui permet d&#8217;ouvrir et de fermer les rideaux avec plus de facilit\u00e9. Vous devez activer la comp\u00e9tence &#8220;Maxcio&#8221; dans Alexa ou Google Assistant, alors vous pouvez utiliser des commandes vocales telles que: &#8220;Alexa, allume les volets&#8221;\u3010Une Ligne Neutre est requise\u3011  <\/span><\/li>\n<li class=\"a-spacing-mini\"><span class=\"a-list-item\"> <b>\u3010Contr\u00f4le \u00e0 Distance sur l&#8221;APP Gratuite \u3011<\/b>T\u00e9l\u00e9chargez l&#8217;application gratuite \u00abMaxcio\u00bb dans le Google Store ou scanner le code QR dans la notice. Ajoutez ensuite l&#8217;interrupteur volet roulant connect\u00e9 \u00e0 l&#8217;application. Vous pourrez ensuite contr\u00f4ler votre interrupteur connect\u00e9 de n&#8217;importe o\u00f9 et n&#8217;importe quand.\u3010Ne supporte que le Wi-Fi 2.4 GHz, IEEE 802.11b\/g\/n\u3011  <\/span><\/li>\n<li class=\"a-spacing-mini\"><span class=\"a-list-item\"> <b>\u3010LED \u00c9teignable\u3011<\/b>Veuillez noter que le r\u00e9tro\u00e9clairage LED ne peut pas s&#8217;\u00e9teindre par commande vocale. Mais en maintenant le bouton du milieu du panneau (pause) pendant 5s vous pourrez l&#8217;\u00e9teindre ou le rallumer. L&#8217;\u00e9cran tactile et le panneau en cristal vous ferons d\u00e9couvrir une nouvelle exp\u00e9rience du contr\u00f4le manuel, tout en restant s\u00fbr et \u00e9l\u00e9gant.  <\/span><\/li>\n<li class=\"a-spacing-mini\"><span class=\"a-list-item\"> <b>\u3010Minuterie et Contr\u00f4le Partag\u00e9\u3011<\/b>Avec l&#8217;application gratuite, vous pourrez facilement r\u00e9gler l&#8217;heure d&#8217;ouverture et de la fermeture des rideaux pour le lever et le coucher du soleil. Tous les membres de la famille peuvent \u00e9galement contr\u00f4ler l\u2019interrupteur via leur smartphone, ce qui est pratique, simple, et permet de gagner du temps.  <\/span><\/li>\n<li class=\"a-spacing-mini\"><span class=\"a-list-item\"> <b>\u3010Haute S\u00e9curit\u00e9 &amp; Qualit\u00e9\u3011<\/b>Le commutateur de volet wifi est constitu\u00e9e d&#8217;un retardateur de flamme pour ABS et r\u00e9ponds aux exigences de s\u00e9curit\u00e9 et de qualit\u00e9 requises. N&#8217;h\u00e9sitez pas \u00e0 nous contacter, notre service apr\u00e8s-vente sera toujours \u00e0 votre disposition si vous avez quelque question que ce soit.  <\/span><\/li>\n<p><\/p>\n","protected":false},"excerpt":{"rendered":"<p>\u3010Contr\u00f4le Vocal\u3011L&#8217;interrupteur de volet roulant wifi est compatible avec Alexa Echo et Google Home. Ce qui permet d&#8217;ouvrir et de fermer les rideaux avec plus de facilit\u00e9. Vous devez activer<\/p>\n","protected":false},"featured_media":288705,"comment_status":"","ping_status":"closed","template":"","meta":{"_acf_changed":false},"product_brand":[],"product_cat":[3020],"product_tag":[],"class_list":{"0":"post-288704","1":"product","2":"type-product","3":"status-publish","4":"has-post-thumbnail","6":"product_cat-maison-connectee","8":"first","9":"instock","10":"taxable","11":"shipping-taxable","12":"purchasable","13":"product-type-variable","14":"add-to-wishlist-after_add_to_cart"},"acf":[],"_links":{"self":[{"href":"https:\/\/amazonyguyane.fr\/wp-json\/wp\/v2\/product\/288704","targetHints":{"allow":["GET"]}}],"collection":[{"href":"https:\/\/amazonyguyane.fr\/wp-json\/wp\/v2\/product"}],"about":[{"href":"https:\/\/amazonyguyane.fr\/wp-json\/wp\/v2\/types\/product"}],"replies":[{"embeddable":true,"href":"https:\/\/amazonyguyane.fr\/wp-json\/wp\/v2\/comments?post=288704"}],"version-history":[{"count":0,"href":"https:\/\/amazonyguyane.fr\/wp-json\/wp\/v2\/product\/288704\/revisions"}],"wp:featuredmedia":[{"embeddable":true,"href":"https:\/\/amazonyguyane.fr\/wp-json\/wp\/v2\/media\/288705"}],"wp:attachment":[{"href":"https:\/\/amazonyguyane.fr\/wp-json\/wp\/v2\/media?parent=288704"}],"wp:term":[{"taxonomy":"product_brand","embeddable":true,"href":"https:\/\/amazonyguyane.fr\/wp-json\/wp\/v2\/product_brand?post=288704"},{"taxonomy":"product_cat","embeddable":true,"href":"https:\/\/amazonyguyane.fr\/wp-json\/wp\/v2\/product_cat?post=288704"},{"taxonomy":"product_tag","embeddable":true,"href":"https:\/\/amazonyguyane.fr\/wp-json\/wp\/v2\/product_tag?post=288704"}],"curies":[{"name":"wp","href":"https:\/\/api.w.org\/{rel}","templated":true}]}}