{"id":290139,"date":"2023-10-04T23:39:46","date_gmt":"2023-10-04T22:39:46","guid":{"rendered":"https:\/\/amazonyguyane.fr\/courroie-bm900-549-m-m-pour-petit-electromenager-gorenje-292223"},"modified":"2023-10-04T23:39:46","modified_gmt":"2023-10-04T22:39:46","slug":"courroie-bm900-549-m-m-pour-petit-electromenager-gorenje-292223","status":"publish","type":"product","link":"https:\/\/amazonyguyane.fr\/?product=courroie-bm900-549-m-m-pour-petit-electromenager-gorenje-292223","title":{"rendered":"COURROIE BM900 549 M\/M POUR PETIT ELECTROMENAGER GORENJE &#8211; 292223"},"content":{"rendered":"<p><!-- show up to 2 reviews by default -->                        <\/p>\n<p> <span><br \/>Merci de v\u00e9rifier que cette pi\u00e8ce est bien compatible avec votre mod\u00e8le d&#8217;appareil. Notre service client peut vous conseiller.<br \/>Profile de la courroie: courroie dent\u00e9, Taille: 549mm, Largeur: 7,8mm, Epaisseur\/hauteur du mat\u00e9riau: 2,3mm, Diam\u00e8tre: 175,07mm- Pi\u00e8ce compatible avec les marques : <br \/>SIMEO. Compatible avec les mod\u00e8les suivants :BM900 , BM1309 (SIMEO)<\/span>  <\/p>\n<p>Code UNSPSC  :  27000000 (Outils et machineries) Signaler un code incorrect              Date de mise en ligne sur Amazon.fr                                     \u200f                                          :                                     \u200e  5 janvier 2015                                  Fabricant                                     \u200f                                          :                                     \u200e  GORENJE          ASIN                                     \u200f                                          :                                     \u200e  B00RTMA8WC          R\u00e9f\u00e9rence constructeur                                     \u200f                                          :                                     \u200e  292223          Disponibilit\u00e9 des pi\u00e8ces d\u00e9tach\u00e9es                                     \u200f                                          :                                     \u200e  Information indisponible sur les pi\u00e8ces d\u00e9tach\u00e9es<\/p>\n","protected":false},"excerpt":{"rendered":"<p>Merci de v\u00e9rifier que cette pi\u00e8ce est bien compatible avec votre mod\u00e8le d&#8217;appareil. Notre service client peut vous conseiller.Profile de la courroie: courroie dent\u00e9, Taille: 549mm, Largeur: 7,8mm, Epaisseur\/hauteur du<\/p>\n","protected":false},"featured_media":290141,"comment_status":"","ping_status":"closed","template":"","meta":{"_acf_changed":false},"product_brand":[],"product_cat":[3010],"product_tag":[],"class_list":{"0":"post-290139","1":"product","2":"type-product","3":"status-publish","4":"has-post-thumbnail","6":"product_cat-petit-electromenager","8":"first","9":"instock","10":"taxable","11":"shipping-taxable","12":"purchasable","13":"product-type-simple","14":"add-to-wishlist-after_add_to_cart"},"acf":[],"_links":{"self":[{"href":"https:\/\/amazonyguyane.fr\/index.php?rest_route=\/wp\/v2\/product\/290139","targetHints":{"allow":["GET"]}}],"collection":[{"href":"https:\/\/amazonyguyane.fr\/index.php?rest_route=\/wp\/v2\/product"}],"about":[{"href":"https:\/\/amazonyguyane.fr\/index.php?rest_route=\/wp\/v2\/types\/product"}],"replies":[{"embeddable":true,"href":"https:\/\/amazonyguyane.fr\/index.php?rest_route=%2Fwp%2Fv2%2Fcomments&post=290139"}],"version-history":[{"count":0,"href":"https:\/\/amazonyguyane.fr\/index.php?rest_route=\/wp\/v2\/product\/290139\/revisions"}],"wp:featuredmedia":[{"embeddable":true,"href":"https:\/\/amazonyguyane.fr\/index.php?rest_route=\/wp\/v2\/media\/290141"}],"wp:attachment":[{"href":"https:\/\/amazonyguyane.fr\/index.php?rest_route=%2Fwp%2Fv2%2Fmedia&parent=290139"}],"wp:term":[{"taxonomy":"product_brand","embeddable":true,"href":"https:\/\/amazonyguyane.fr\/index.php?rest_route=%2Fwp%2Fv2%2Fproduct_brand&post=290139"},{"taxonomy":"product_cat","embeddable":true,"href":"https:\/\/amazonyguyane.fr\/index.php?rest_route=%2Fwp%2Fv2%2Fproduct_cat&post=290139"},{"taxonomy":"product_tag","embeddable":true,"href":"https:\/\/amazonyguyane.fr\/index.php?rest_route=%2Fwp%2Fv2%2Fproduct_tag&post=290139"}],"curies":[{"name":"wp","href":"https:\/\/api.w.org\/{rel}","templated":true}]}}